{"id":1663,"date":"2022-12-19T17:04:58","date_gmt":"2022-12-19T16:04:58","guid":{"rendered":"https:\/\/kunststoves.com\/ueber-uns\/"},"modified":"2023-04-11T09:04:31","modified_gmt":"2023-04-11T07:04:31","slug":"ueber-uns","status":"publish","type":"page","link":"https:\/\/kunststoves.com\/de\/ueber-uns\/","title":{"rendered":"\u00dcber uns"},"content":{"rendered":"\t\t<div data-elementor-type=\"wp-page\" data-elementor-id=\"1663\" class=\"elementor elementor-1663 elementor-47\" data-elementor-post-type=\"page\">\n\t\t\t\t\t\t<section data-dce-background-overlay-color=\"#131313\" data-dce-background-image-url=\"http:\/\/kunststoves.com\/wp-content\/uploads\/2022\/12\/WILLOW-ambiente-scaled.jpg\" class=\"elementor-section elementor-top-section elementor-element elementor-element-794ab820 elementor-section-stretched elementor-section-content-middle elementor-section-height-min-height elementor-section-boxed elementor-section-height-default elementor-section-items-middle\" data-id=\"794ab820\" data-element_type=\"section\" data-e-type=\"section\" data-settings=\"{&quot;stretch_section&quot;:&quot;section-stretched&quot;,&quot;background_background&quot;:&quot;classic&quot;}\">\n\t\t\t\t\t\t\t<div class=\"elementor-background-overlay\"><\/div>\n\t\t\t\t\t\t\t<div class=\"elementor-container elementor-column-gap-default\">\n\t\t\t\t\t<div class=\"elementor-column elementor-col-100 elementor-top-column elementor-element elementor-element-932cecd\" data-id=\"932cecd\" data-element_type=\"column\" data-e-type=\"column\">\n\t\t\t<div class=\"elementor-widget-wrap elementor-element-populated\">\n\t\t\t\t\t\t<div class=\"elementor-element elementor-element-1e8e19c2 elementor-widget elementor-widget-heading\" data-id=\"1e8e19c2\" data-element_type=\"widget\" data-e-type=\"widget\" data-widget_type=\"heading.default\">\n\t\t\t\t<div class=\"elementor-widget-container\">\n\t\t\t\t\t<h2 class=\"elementor-heading-title elementor-size-default\">Unsere Geschichte<\/h2>\t\t\t\t<\/div>\n\t\t\t\t<\/div>\n\t\t\t\t<div class=\"elementor-element elementor-element-1fe2b11 elementor-widget elementor-widget-heading\" data-id=\"1fe2b11\" data-element_type=\"widget\" data-e-type=\"widget\" data-widget_type=\"heading.default\">\n\t\t\t\t<div class=\"elementor-widget-container\">\n\t\t\t\t\t<h2 class=\"elementor-heading-title elementor-size-default\">\u00dcber uns<\/h2>\t\t\t\t<\/div>\n\t\t\t\t<\/div>\n\t\t\t\t<div class=\"elementor-element elementor-element-ec44614 elementor-widget-divider--view-line elementor-widget elementor-widget-divider\" data-id=\"ec44614\" data-element_type=\"widget\" data-e-type=\"widget\" data-widget_type=\"divider.default\">\n\t\t\t\t<div class=\"elementor-widget-container\">\n\t\t\t\t\t\t\t<div class=\"elementor-divider\">\n\t\t\t<span class=\"elementor-divider-separator\">\n\t\t\t\t\t\t<\/span>\n\t\t<\/div>\n\t\t\t\t\t\t<\/div>\n\t\t\t\t<\/div>\n\t\t\t\t\t<\/div>\n\t\t<\/div>\n\t\t\t\t\t<\/div>\n\t\t<\/section>\n\t\t\t\t<section class=\"elementor-section elementor-top-section elementor-element elementor-element-74b30700 elementor-section-boxed elementor-section-height-default elementor-section-height-default\" data-id=\"74b30700\" data-element_type=\"section\" data-e-type=\"section\">\n\t\t\t\t\t\t<div class=\"elementor-container elementor-column-gap-default\">\n\t\t\t\t\t<div class=\"elementor-column elementor-col-100 elementor-top-column elementor-element elementor-element-229ca5fd\" data-id=\"229ca5fd\" data-element_type=\"column\" data-e-type=\"column\">\n\t\t\t<div class=\"elementor-widget-wrap elementor-element-populated\">\n\t\t\t\t\t\t<div class=\"elementor-element elementor-element-26c256e8 elementor-widget elementor-widget-heading\" data-id=\"26c256e8\" data-element_type=\"widget\" data-e-type=\"widget\" data-widget_type=\"heading.default\">\n\t\t\t\t<div class=\"elementor-widget-container\">\n\t\t\t\t\t<h2 class=\"elementor-heading-title elementor-size-default\">Familienunternehmen mit mehr als 65 Jahren Erfahrung<\/h2>\t\t\t\t<\/div>\n\t\t\t\t<\/div>\n\t\t\t\t<div class=\"elementor-element elementor-element-6aef828c elementor-widget elementor-widget-heading\" data-id=\"6aef828c\" data-element_type=\"widget\" data-e-type=\"widget\" data-widget_type=\"heading.default\">\n\t\t\t\t<div class=\"elementor-widget-container\">\n\t\t\t\t\t<h2 class=\"elementor-heading-title elementor-size-default\">MEHRERE GENERATIONEN VON HERSTELLERN<\/h2>\t\t\t\t<\/div>\n\t\t\t\t<\/div>\n\t\t\t\t<div class=\"elementor-element elementor-element-14d13bcd elementor-widget elementor-widget-text-editor\" data-id=\"14d13bcd\" data-element_type=\"widget\" data-e-type=\"widget\" data-widget_type=\"text-editor.default\">\n\t\t\t\t<div class=\"elementor-widget-container\">\n\t\t\t\t\t\t\t\t\t<p>Kunst ist ein Familienunternehmen, das seit mehr als 65 Jahren Kamin\u00f6fen herstellt.<\/p>\n<p>Wir verf\u00fcgen \u00fcber ein Team von mehr als 240 Mitarbeitern, darunter Fabrikfacharbeiter, Ingenieure, Vertriebsmitarbeiter und verschiedene Abteilungen in unseren B\u00fcros. Bei Kunst arbeiten wir jeden Tag hart daran, unseren Kunden das Beste von uns anzubieten.<\/p>\n<p>Wir sind ein internationales Unternehmen, das sich f\u00fcr Talente und Multikulturalit\u00e4t einsetzt. Unsere Firma z\u00e4hlt mit Mitarbeitern aus 16 L\u00e4ndern, was uns einen unsch\u00e4tzbaren menschlichen Wert verleiht.<\/p>\n<p>Wir k\u00fcmmern uns zu 100 % um den Herstellungsprozess: von der Konzeption neuer Ideen, dem Design, dem Prototyping, dem Testen, dem Schmelzverfahren, der Emailierung, der Oberfl\u00e4chenbehandlung, der Lackierung bis hin zur Vermarktung und dem Vertrieb.<\/p>\n\t\t\t\t\t\t\t\t<\/div>\n\t\t\t\t<\/div>\n\t\t\t\t\t<\/div>\n\t\t<\/div>\n\t\t\t\t\t<\/div>\n\t\t<\/section>\n\t\t\t\t<\/div>\n\t\t","protected":false},"excerpt":{"rendered":"<p>Unsere Geschichte \u00dcber uns Familienunternehmen mit mehr als 65 Jahren Erfahrung MEHRERE GENERATIONEN VON HERSTELLERN Kunst ist ein Familienunternehmen, das seit mehr als 65 Jahren Kamin\u00f6fen herstellt. Wir verf\u00fcgen \u00fcber ein Team von mehr als 240 Mitarbeitern, darunter Fabrikfacharbeiter, Ingenieure, Vertriebsmitarbeiter und verschiedene Abteilungen in unseren B\u00fcros. Bei Kunst arbeiten wir jeden Tag hart daran, [&hellip;]<\/p>\n","protected":false},"author":1,"featured_media":0,"parent":0,"menu_order":0,"comment_status":"closed","ping_status":"closed","template":"","meta":{"_acf_changed":false,"footnotes":""},"class_list":["post-1663","page","type-page","status-publish","hentry"],"acf":[],"_links":{"self":[{"href":"https:\/\/kunststoves.com\/de\/wp-json\/wp\/v2\/pages\/1663","targetHints":{"allow":["GET"]}}],"collection":[{"href":"https:\/\/kunststoves.com\/de\/wp-json\/wp\/v2\/pages"}],"about":[{"href":"https:\/\/kunststoves.com\/de\/wp-json\/wp\/v2\/types\/page"}],"author":[{"embeddable":true,"href":"https:\/\/kunststoves.com\/de\/wp-json\/wp\/v2\/users\/1"}],"replies":[{"embeddable":true,"href":"https:\/\/kunststoves.com\/de\/wp-json\/wp\/v2\/comments?post=1663"}],"version-history":[{"count":3,"href":"https:\/\/kunststoves.com\/de\/wp-json\/wp\/v2\/pages\/1663\/revisions"}],"predecessor-version":[{"id":1786,"href":"https:\/\/kunststoves.com\/de\/wp-json\/wp\/v2\/pages\/1663\/revisions\/1786"}],"wp:attachment":[{"href":"https:\/\/kunststoves.com\/de\/wp-json\/wp\/v2\/media?parent=1663"}],"curies":[{"name":"wp","href":"https:\/\/api.w.org\/{rel}","templated":true}]}}