{"id":2905,"date":"2023-06-27T18:07:54","date_gmt":"2023-06-27T16:07:54","guid":{"rendered":"https:\/\/kunststoves.com\/blog\/"},"modified":"2023-07-26T16:04:00","modified_gmt":"2023-07-26T14:04:00","slug":"blog","status":"publish","type":"page","link":"https:\/\/kunststoves.com\/de\/blog\/","title":{"rendered":"Blog"},"content":{"rendered":"\t\t<div data-elementor-type=\"wp-page\" data-elementor-id=\"2905\" class=\"elementor elementor-2905 elementor-2861\" data-elementor-post-type=\"page\">\n\t\t\t\t\t\t<section data-dce-background-overlay-color=\"#131313\" data-dce-background-image-url=\"http:\/\/kunststoves.com\/wp-content\/uploads\/2022\/12\/WILLOW-ambiente-scaled.jpg\" class=\"elementor-section elementor-top-section elementor-element elementor-element-e703f73 elementor-section-stretched elementor-section-content-middle elementor-section-height-min-height elementor-section-boxed elementor-section-height-default elementor-section-items-middle\" data-id=\"e703f73\" data-element_type=\"section\" data-e-type=\"section\" data-settings=\"{&quot;stretch_section&quot;:&quot;section-stretched&quot;,&quot;background_background&quot;:&quot;classic&quot;}\">\n\t\t\t\t\t\t\t<div class=\"elementor-background-overlay\"><\/div>\n\t\t\t\t\t\t\t<div class=\"elementor-container elementor-column-gap-default\">\n\t\t\t\t\t<div class=\"elementor-column elementor-col-100 elementor-top-column elementor-element elementor-element-059d348\" data-id=\"059d348\" data-element_type=\"column\" data-e-type=\"column\">\n\t\t\t<div class=\"elementor-widget-wrap elementor-element-populated\">\n\t\t\t\t\t\t<div class=\"elementor-element elementor-element-a65e9a6 elementor-widget elementor-widget-heading\" data-id=\"a65e9a6\" data-element_type=\"widget\" data-e-type=\"widget\" data-widget_type=\"heading.default\">\n\t\t\t\t<div class=\"elementor-widget-container\">\n\t\t\t\t\t<h2 class=\"elementor-heading-title elementor-size-default\">Blog<\/h2>\t\t\t\t<\/div>\n\t\t\t\t<\/div>\n\t\t\t\t<div class=\"elementor-element elementor-element-22e3402 elementor-widget-divider--view-line elementor-widget elementor-widget-divider\" data-id=\"22e3402\" data-element_type=\"widget\" data-e-type=\"widget\" data-widget_type=\"divider.default\">\n\t\t\t\t<div class=\"elementor-widget-container\">\n\t\t\t\t\t\t\t<div class=\"elementor-divider\">\n\t\t\t<span class=\"elementor-divider-separator\">\n\t\t\t\t\t\t<\/span>\n\t\t<\/div>\n\t\t\t\t\t\t<\/div>\n\t\t\t\t<\/div>\n\t\t\t\t\t<\/div>\n\t\t<\/div>\n\t\t\t\t\t<\/div>\n\t\t<\/section>\n\t\t\t\t<section class=\"elementor-section elementor-top-section elementor-element elementor-element-ebfdac5 elementor-section-boxed elementor-section-height-default elementor-section-height-default\" data-id=\"ebfdac5\" data-element_type=\"section\" data-e-type=\"section\">\n\t\t\t\t\t\t<div class=\"elementor-container elementor-column-gap-default\">\n\t\t\t\t\t<div class=\"elementor-column elementor-col-100 elementor-top-column elementor-element elementor-element-db538ac\" data-id=\"db538ac\" data-element_type=\"column\" data-e-type=\"column\">\n\t\t\t<div class=\"elementor-widget-wrap elementor-element-populated\">\n\t\t\t\t\t\t<div class=\"elementor-element elementor-element-992c981 elementor-grid-3 elementor-grid-tablet-2 elementor-grid-mobile-1 elementor-posts--thumbnail-top elementor-card-shadow-yes elementor-posts__hover-gradient elementor-widget elementor-widget-posts\" data-id=\"992c981\" data-element_type=\"widget\" data-e-type=\"widget\" data-settings=\"{&quot;cards_columns&quot;:&quot;3&quot;,&quot;cards_columns_tablet&quot;:&quot;2&quot;,&quot;cards_columns_mobile&quot;:&quot;1&quot;,&quot;cards_row_gap&quot;:{&quot;unit&quot;:&quot;px&quot;,&quot;size&quot;:35,&quot;sizes&quot;:[]},&quot;cards_row_gap_tablet&quot;:{&quot;unit&quot;:&quot;px&quot;,&quot;size&quot;:&quot;&quot;,&quot;sizes&quot;:[]},&quot;cards_row_gap_mobile&quot;:{&quot;unit&quot;:&quot;px&quot;,&quot;size&quot;:&quot;&quot;,&quot;sizes&quot;:[]}}\" data-widget_type=\"posts.cards\">\n\t\t\t\t<div class=\"elementor-widget-container\">\n\t\t\t\t\t\t\t<div class=\"elementor-posts-container elementor-posts elementor-posts--skin-cards elementor-grid\" role=\"list\">\n\t\t\t\t<article class=\"elementor-post elementor-grid-item post-6511 post type-post status-publish format-standard has-post-thumbnail hentry category-noticias-2-de\" role=\"listitem\">\n\t\t\t<div class=\"elementor-post__card\">\n\t\t\t\t<a class=\"elementor-post__thumbnail__link\" href=\"https:\/\/kunststoves.com\/de\/https-www-kunst-com-blog-doppelseitiger-kaminofen-kunst-vista-designpreis\/\" tabindex=\"-1\" ><div class=\"elementor-post__thumbnail\"><img fetchpriority=\"high\" decoding=\"async\" width=\"1200\" height=\"628\" src=\"https:\/\/kunststoves.com\/wp-content\/uploads\/2025\/05\/portada-blog-vista-premio.jpg\" class=\"attachment-full size-full wp-image-6490\" alt=\"estufa-de-le\u00f1a-premiada-kunst\" srcset=\"https:\/\/kunststoves.com\/wp-content\/uploads\/2025\/05\/portada-blog-vista-premio.jpg 1200w, https:\/\/kunststoves.com\/wp-content\/uploads\/2025\/05\/portada-blog-vista-premio-300x157.jpg 300w, https:\/\/kunststoves.com\/wp-content\/uploads\/2025\/05\/portada-blog-vista-premio-1024x536.jpg 1024w, https:\/\/kunststoves.com\/wp-content\/uploads\/2025\/05\/portada-blog-vista-premio-768x402.jpg 768w, https:\/\/kunststoves.com\/wp-content\/uploads\/2025\/05\/portada-blog-vista-premio-600x314.jpg 600w\" sizes=\"(max-width: 1200px) 100vw, 1200px\" \/><\/div><\/a>\n\t\t\t\t<div class=\"elementor-post__text\">\n\t\t\t\t<h3 class=\"elementor-post__title\">\n\t\t\t<a href=\"https:\/\/kunststoves.com\/de\/https-www-kunst-com-blog-doppelseitiger-kaminofen-kunst-vista-designpreis\/\" >\n\t\t\t\tInternationale Auszeichnung f\u00fcr den doppelseitigen Kaminofen Kunst Vista\t\t\t<\/a>\n\t\t<\/h3>\n\t\t\t\t<div class=\"elementor-post__excerpt\">\n\t\t\t<p>Ein Design, das das Feuer von beiden Seiten sichtbar macht Unser doppelseitiger Kaminofen Kunst Vista wurde von Fachleuten des polnischen Marktes mit einem renommierten Designpreis<\/p>\n\t\t<\/div>\n\t\t\n\t\t<a class=\"elementor-post__read-more\" href=\"https:\/\/kunststoves.com\/de\/https-www-kunst-com-blog-doppelseitiger-kaminofen-kunst-vista-designpreis\/\" aria-label=\"Mehr \u00fcber Internationale Auszeichnung f\u00fcr den doppelseitigen Kaminofen Kunst Vista\" tabindex=\"-1\" >\n\t\t\tMehr laden &gt;&gt;\t\t<\/a>\n\n\t\t\t\t<\/div>\n\t\t\t\t<div class=\"elementor-post__meta-data\">\n\t\t\t\t\t<span class=\"elementor-post-date\">\n\t\t\t05\/05\/2025\t\t<\/span>\n\t\t\t\t<span class=\"elementor-post-avatar\">\n\t\t\tKeine Kommentare\t\t<\/span>\n\t\t\t\t<\/div>\n\t\t\t\t\t<\/div>\n\t\t<\/article>\n\t\t\t\t<article class=\"elementor-post elementor-grid-item post-6236 post type-post status-publish format-standard has-post-thumbnail hentry category-consejos-noticias-2-de\" role=\"listitem\">\n\t\t\t<div class=\"elementor-post__card\">\n\t\t\t\t<a class=\"elementor-post__thumbnail__link\" href=\"https:\/\/kunststoves.com\/de\/how-to-remove-humidity-from-a-house-with-wood-stoves\/\" tabindex=\"-1\" ><div class=\"elementor-post__thumbnail\"><img decoding=\"async\" width=\"934\" height=\"514\" src=\"https:\/\/kunststoves.com\/wp-content\/uploads\/2024\/11\/Formato-Portada-Blog-2.png\" class=\"attachment-full size-full wp-image-6224\" alt=\"\" srcset=\"https:\/\/kunststoves.com\/wp-content\/uploads\/2024\/11\/Formato-Portada-Blog-2.png 934w, https:\/\/kunststoves.com\/wp-content\/uploads\/2024\/11\/Formato-Portada-Blog-2-300x165.png 300w, https:\/\/kunststoves.com\/wp-content\/uploads\/2024\/11\/Formato-Portada-Blog-2-768x423.png 768w, https:\/\/kunststoves.com\/wp-content\/uploads\/2024\/11\/Formato-Portada-Blog-2-600x330.png 600w\" sizes=\"(max-width: 934px) 100vw, 934px\" \/><\/div><\/a>\n\t\t\t\t<div class=\"elementor-post__text\">\n\t\t\t\t<h3 class=\"elementor-post__title\">\n\t\t\t<a href=\"https:\/\/kunststoves.com\/de\/how-to-remove-humidity-from-a-house-with-wood-stoves\/\" >\n\t\t\t\tWie man die Feuchtigkeit in einem Haus mit Kamin\u00f6fen entfernt\t\t\t<\/a>\n\t\t<\/h3>\n\t\t\t\t<div class=\"elementor-post__excerpt\">\n\t\t\t<p>Entdecke, wie du Feuchtigkeit in deinem Haus mit Kamin\u00f6fen entfernen kannst: Tipps zu Bel\u00fcftung, Luftentfeuchtern und effizientem Einsatz f\u00fcr ein trockenes Umfeld.<\/p>\n\t\t<\/div>\n\t\t\n\t\t<a class=\"elementor-post__read-more\" href=\"https:\/\/kunststoves.com\/de\/how-to-remove-humidity-from-a-house-with-wood-stoves\/\" aria-label=\"Mehr \u00fcber Wie man die Feuchtigkeit in einem Haus mit Kamin\u00f6fen entfernt\" tabindex=\"-1\" >\n\t\t\tMehr laden &gt;&gt;\t\t<\/a>\n\n\t\t\t\t<\/div>\n\t\t\t\t<div class=\"elementor-post__meta-data\">\n\t\t\t\t\t<span class=\"elementor-post-date\">\n\t\t\t18\/11\/2024\t\t<\/span>\n\t\t\t\t<span class=\"elementor-post-avatar\">\n\t\t\tKeine Kommentare\t\t<\/span>\n\t\t\t\t<\/div>\n\t\t\t\t\t<\/div>\n\t\t<\/article>\n\t\t\t\t<article class=\"elementor-post elementor-grid-item post-6201 post type-post status-publish format-standard has-post-thumbnail hentry category-curiosidades-de\" role=\"listitem\">\n\t\t\t<div class=\"elementor-post__card\">\n\t\t\t\t<a class=\"elementor-post__thumbnail__link\" href=\"https:\/\/kunststoves.com\/de\/zunde-deinen-kaminofen\/\" tabindex=\"-1\" ><div class=\"elementor-post__thumbnail\"><img decoding=\"async\" width=\"934\" height=\"514\" src=\"https:\/\/kunststoves.com\/wp-content\/uploads\/2024\/11\/Formato-Portada-Blog-1.png\" class=\"attachment-full size-full wp-image-6195\" alt=\"\" srcset=\"https:\/\/kunststoves.com\/wp-content\/uploads\/2024\/11\/Formato-Portada-Blog-1.png 934w, https:\/\/kunststoves.com\/wp-content\/uploads\/2024\/11\/Formato-Portada-Blog-1-300x165.png 300w, https:\/\/kunststoves.com\/wp-content\/uploads\/2024\/11\/Formato-Portada-Blog-1-768x423.png 768w, https:\/\/kunststoves.com\/wp-content\/uploads\/2024\/11\/Formato-Portada-Blog-1-600x330.png 600w\" sizes=\"(max-width: 934px) 100vw, 934px\" \/><\/div><\/a>\n\t\t\t\t<div class=\"elementor-post__text\">\n\t\t\t\t<h3 class=\"elementor-post__title\">\n\t\t\t<a href=\"https:\/\/kunststoves.com\/de\/zunde-deinen-kaminofen\/\" >\n\t\t\t\tZ\u00fcnde deinen Kaminofen mit der richtigen Technik an\t\t\t<\/a>\n\t\t<\/h3>\n\t\t\t\t<div class=\"elementor-post__excerpt\">\n\t\t\t<p>Z\u00fcnde deinen Kaminofen effizient und sicher an mit diesen praktischen Tipps: W\u00e4hle das richtige Holz, ordne das Holz gut und kontrolliere die Luftzufuhr.<\/p>\n\t\t<\/div>\n\t\t\n\t\t<a class=\"elementor-post__read-more\" href=\"https:\/\/kunststoves.com\/de\/zunde-deinen-kaminofen\/\" aria-label=\"Mehr \u00fcber Z\u00fcnde deinen Kaminofen mit der richtigen Technik an\" tabindex=\"-1\" >\n\t\t\tMehr laden &gt;&gt;\t\t<\/a>\n\n\t\t\t\t<\/div>\n\t\t\t\t<div class=\"elementor-post__meta-data\">\n\t\t\t\t\t<span class=\"elementor-post-date\">\n\t\t\t14\/11\/2024\t\t<\/span>\n\t\t\t\t<span class=\"elementor-post-avatar\">\n\t\t\tKeine Kommentare\t\t<\/span>\n\t\t\t\t<\/div>\n\t\t\t\t\t<\/div>\n\t\t<\/article>\n\t\t\t\t<article class=\"elementor-post elementor-grid-item post-6164 post type-post status-publish format-standard has-post-thumbnail hentry category-curiosidades-de\" role=\"listitem\">\n\t\t\t<div class=\"elementor-post__card\">\n\t\t\t\t<a class=\"elementor-post__thumbnail__link\" href=\"https:\/\/kunststoves.com\/de\/gesundheit-und-die-luftqualitat\/\" tabindex=\"-1\" ><div class=\"elementor-post__thumbnail\"><img loading=\"lazy\" decoding=\"async\" width=\"934\" height=\"514\" src=\"https:\/\/kunststoves.com\/wp-content\/uploads\/2024\/11\/Formato-Portada-Blog.png\" class=\"attachment-full size-full wp-image-6153\" alt=\"\" srcset=\"https:\/\/kunststoves.com\/wp-content\/uploads\/2024\/11\/Formato-Portada-Blog.png 934w, https:\/\/kunststoves.com\/wp-content\/uploads\/2024\/11\/Formato-Portada-Blog-300x165.png 300w, https:\/\/kunststoves.com\/wp-content\/uploads\/2024\/11\/Formato-Portada-Blog-768x423.png 768w, https:\/\/kunststoves.com\/wp-content\/uploads\/2024\/11\/Formato-Portada-Blog-600x330.png 600w\" sizes=\"(max-width: 934px) 100vw, 934px\" \/><\/div><\/a>\n\t\t\t\t<div class=\"elementor-post__text\">\n\t\t\t\t<h3 class=\"elementor-post__title\">\n\t\t\t<a href=\"https:\/\/kunststoves.com\/de\/gesundheit-und-die-luftqualitat\/\" >\n\t\t\t\tWie Kamin\u00f6fen die Gesundheit und die Luftqualit\u00e4t in Ihrem Zuhause verbessern\t\t\t<\/a>\n\t\t<\/h3>\n\t\t\t\t<div class=\"elementor-post__excerpt\">\n\t\t\t<p>Verbessern Sie die Gesundheit und die Luftqualit\u00e4t in Ihrem Zuhause mit modernen, effizienten, emissionsarmen Kamin\u00f6fen, die eine warme und saubere Atmosph\u00e4re schaffen.<\/p>\n\t\t<\/div>\n\t\t\n\t\t<a class=\"elementor-post__read-more\" href=\"https:\/\/kunststoves.com\/de\/gesundheit-und-die-luftqualitat\/\" aria-label=\"Mehr \u00fcber Wie Kamin\u00f6fen die Gesundheit und die Luftqualit\u00e4t in Ihrem Zuhause verbessern\" tabindex=\"-1\" >\n\t\t\tMehr laden &gt;&gt;\t\t<\/a>\n\n\t\t\t\t<\/div>\n\t\t\t\t<div class=\"elementor-post__meta-data\">\n\t\t\t\t\t<span class=\"elementor-post-date\">\n\t\t\t11\/11\/2024\t\t<\/span>\n\t\t\t\t<span class=\"elementor-post-avatar\">\n\t\t\tKeine Kommentare\t\t<\/span>\n\t\t\t\t<\/div>\n\t\t\t\t\t<\/div>\n\t\t<\/article>\n\t\t\t\t<article class=\"elementor-post elementor-grid-item post-4967 post type-post status-publish format-standard has-post-thumbnail hentry category-consejos-de\" role=\"listitem\">\n\t\t\t<div class=\"elementor-post__card\">\n\t\t\t\t<a class=\"elementor-post__thumbnail__link\" href=\"https:\/\/kunststoves.com\/de\/ofen-rauch\/\" tabindex=\"-1\" ><div class=\"elementor-post__thumbnail\"><img loading=\"lazy\" decoding=\"async\" width=\"934\" height=\"514\" src=\"https:\/\/kunststoves.com\/wp-content\/uploads\/2024\/04\/Formato-Portada-Blog-1.png\" class=\"attachment-full size-full wp-image-4961\" alt=\"estufa le\u00f1a revoca humo\" srcset=\"https:\/\/kunststoves.com\/wp-content\/uploads\/2024\/04\/Formato-Portada-Blog-1.png 934w, https:\/\/kunststoves.com\/wp-content\/uploads\/2024\/04\/Formato-Portada-Blog-1-300x165.png 300w, https:\/\/kunststoves.com\/wp-content\/uploads\/2024\/04\/Formato-Portada-Blog-1-768x423.png 768w, https:\/\/kunststoves.com\/wp-content\/uploads\/2024\/04\/Formato-Portada-Blog-1-600x330.png 600w\" sizes=\"(max-width: 934px) 100vw, 934px\" \/><\/div><\/a>\n\t\t\t\t<div class=\"elementor-post__text\">\n\t\t\t\t<h3 class=\"elementor-post__title\">\n\t\t\t<a href=\"https:\/\/kunststoves.com\/de\/ofen-rauch\/\" >\n\t\t\t\tWarum verputzt mein Ofen Rauch? Tipps, um das Problem zu beheben\t\t\t<\/a>\n\t\t<\/h3>\n\t\t\t\t<div class=\"elementor-post__excerpt\">\n\t\t\t<p>Rauchputzprobleme an Ihrem Holzofen? Entdecken Sie die Ursachen und L\u00f6sungen, um Ihre Leistung und Sicherheit zu optimieren.<\/p>\n\t\t<\/div>\n\t\t\n\t\t<a class=\"elementor-post__read-more\" href=\"https:\/\/kunststoves.com\/de\/ofen-rauch\/\" aria-label=\"Mehr \u00fcber Warum verputzt mein Ofen Rauch? Tipps, um das Problem zu beheben\" tabindex=\"-1\" >\n\t\t\tMehr laden &gt;&gt;\t\t<\/a>\n\n\t\t\t\t<\/div>\n\t\t\t\t<div class=\"elementor-post__meta-data\">\n\t\t\t\t\t<span class=\"elementor-post-date\">\n\t\t\t09\/04\/2024\t\t<\/span>\n\t\t\t\t<span class=\"elementor-post-avatar\">\n\t\t\tKeine Kommentare\t\t<\/span>\n\t\t\t\t<\/div>\n\t\t\t\t\t<\/div>\n\t\t<\/article>\n\t\t\t\t<article class=\"elementor-post elementor-grid-item post-4872 post type-post status-publish format-standard has-post-thumbnail hentry category-noticias-de\" role=\"listitem\">\n\t\t\t<div class=\"elementor-post__card\">\n\t\t\t\t<a class=\"elementor-post__thumbnail__link\" href=\"https:\/\/kunststoves.com\/de\/kunst-nuevo-modelo\/\" tabindex=\"-1\" ><div class=\"elementor-post__thumbnail\"><img loading=\"lazy\" decoding=\"async\" width=\"934\" height=\"514\" src=\"https:\/\/kunststoves.com\/wp-content\/uploads\/2024\/04\/Formato-Portada-Blog.png\" class=\"attachment-full size-full wp-image-4867\" alt=\"kunst en proggeto fuoco - modelo vista\" srcset=\"https:\/\/kunststoves.com\/wp-content\/uploads\/2024\/04\/Formato-Portada-Blog.png 934w, https:\/\/kunststoves.com\/wp-content\/uploads\/2024\/04\/Formato-Portada-Blog-300x165.png 300w, https:\/\/kunststoves.com\/wp-content\/uploads\/2024\/04\/Formato-Portada-Blog-768x423.png 768w, https:\/\/kunststoves.com\/wp-content\/uploads\/2024\/04\/Formato-Portada-Blog-600x330.png 600w\" sizes=\"(max-width: 934px) 100vw, 934px\" \/><\/div><\/a>\n\t\t\t\t<div class=\"elementor-post__text\">\n\t\t\t\t<h3 class=\"elementor-post__title\">\n\t\t\t<a href=\"https:\/\/kunststoves.com\/de\/kunst-nuevo-modelo\/\" >\n\t\t\t\tVorstellung des neuen VISTA-Modells\t\t\t<\/a>\n\t\t<\/h3>\n\t\t\t\t<div class=\"elementor-post__excerpt\">\n\t\t\t<p>Kunst stellte auf der Internationalen Messe Progetto Fuoco 2024 sein Modell &#8222;QUERCUS STORE&#8220; mit Selbstschlie\u00dfung aus und pr\u00e4sentierte das neue Design &#8222;VISTA&#8220;, das sich durch Innovation und Engagement f\u00fcr Nachhaltigkeit auszeichnet.<\/p>\n\t\t<\/div>\n\t\t\n\t\t<a class=\"elementor-post__read-more\" href=\"https:\/\/kunststoves.com\/de\/kunst-nuevo-modelo\/\" aria-label=\"Mehr \u00fcber Vorstellung des neuen VISTA-Modells\" tabindex=\"-1\" >\n\t\t\tMehr laden &gt;&gt;\t\t<\/a>\n\n\t\t\t\t<\/div>\n\t\t\t\t<div class=\"elementor-post__meta-data\">\n\t\t\t\t\t<span class=\"elementor-post-date\">\n\t\t\t01\/04\/2024\t\t<\/span>\n\t\t\t\t<span class=\"elementor-post-avatar\">\n\t\t\tKeine Kommentare\t\t<\/span>\n\t\t\t\t<\/div>\n\t\t\t\t\t<\/div>\n\t\t<\/article>\n\t\t\t\t<\/div>\n\t\t\n\t\t\t\t\t\t<\/div>\n\t\t\t\t<\/div>\n\t\t\t\t\t<\/div>\n\t\t<\/div>\n\t\t\t\t\t<\/div>\n\t\t<\/section>\n\t\t\t\t<\/div>\n\t\t","protected":false},"excerpt":{"rendered":"<p>Blog<\/p>\n","protected":false},"author":1,"featured_media":0,"parent":0,"menu_order":0,"comment_status":"closed","ping_status":"closed","template":"","meta":{"_acf_changed":false,"footnotes":""},"class_list":["post-2905","page","type-page","status-publish","hentry"],"acf":[],"_links":{"self":[{"href":"https:\/\/kunststoves.com\/de\/wp-json\/wp\/v2\/pages\/2905","targetHints":{"allow":["GET"]}}],"collection":[{"href":"https:\/\/kunststoves.com\/de\/wp-json\/wp\/v2\/pages"}],"about":[{"href":"https:\/\/kunststoves.com\/de\/wp-json\/wp\/v2\/types\/page"}],"author":[{"embeddable":true,"href":"https:\/\/kunststoves.com\/de\/wp-json\/wp\/v2\/users\/1"}],"replies":[{"embeddable":true,"href":"https:\/\/kunststoves.com\/de\/wp-json\/wp\/v2\/comments?post=2905"}],"version-history":[{"count":1,"href":"https:\/\/kunststoves.com\/de\/wp-json\/wp\/v2\/pages\/2905\/revisions"}],"predecessor-version":[{"id":2906,"href":"https:\/\/kunststoves.com\/de\/wp-json\/wp\/v2\/pages\/2905\/revisions\/2906"}],"wp:attachment":[{"href":"https:\/\/kunststoves.com\/de\/wp-json\/wp\/v2\/media?parent=2905"}],"curies":[{"name":"wp","href":"https:\/\/api.w.org\/{rel}","templated":true}]}}