{"id":2907,"date":"2023-06-27T18:07:54","date_gmt":"2023-06-27T16:07:54","guid":{"rendered":"https:\/\/kunststoves.com\/blog\/"},"modified":"2023-07-26T16:05:27","modified_gmt":"2023-07-26T14:05:27","slug":"blog","status":"publish","type":"page","link":"https:\/\/kunststoves.com\/es\/blog\/","title":{"rendered":"Blog"},"content":{"rendered":"\t\t<div data-elementor-type=\"wp-page\" data-elementor-id=\"2907\" class=\"elementor elementor-2907 elementor-2861\" data-elementor-post-type=\"page\">\n\t\t\t\t\t\t<section data-dce-background-overlay-color=\"#131313\" data-dce-background-image-url=\"http:\/\/kunststoves.com\/wp-content\/uploads\/2022\/12\/WILLOW-ambiente-scaled.jpg\" class=\"elementor-section elementor-top-section elementor-element elementor-element-e703f73 elementor-section-stretched elementor-section-content-middle elementor-section-height-min-height elementor-section-boxed elementor-section-height-default elementor-section-items-middle\" data-id=\"e703f73\" data-element_type=\"section\" data-e-type=\"section\" data-settings=\"{&quot;stretch_section&quot;:&quot;section-stretched&quot;,&quot;background_background&quot;:&quot;classic&quot;}\">\n\t\t\t\t\t\t\t<div class=\"elementor-background-overlay\"><\/div>\n\t\t\t\t\t\t\t<div class=\"elementor-container elementor-column-gap-default\">\n\t\t\t\t\t<div class=\"elementor-column elementor-col-100 elementor-top-column elementor-element elementor-element-059d348\" data-id=\"059d348\" data-element_type=\"column\" data-e-type=\"column\">\n\t\t\t<div class=\"elementor-widget-wrap elementor-element-populated\">\n\t\t\t\t\t\t<div class=\"elementor-element elementor-element-a65e9a6 elementor-widget elementor-widget-heading\" data-id=\"a65e9a6\" data-element_type=\"widget\" data-e-type=\"widget\" data-widget_type=\"heading.default\">\n\t\t\t\t<div class=\"elementor-widget-container\">\n\t\t\t\t\t<h2 class=\"elementor-heading-title elementor-size-default\">Blog<\/h2>\t\t\t\t<\/div>\n\t\t\t\t<\/div>\n\t\t\t\t<div class=\"elementor-element elementor-element-22e3402 elementor-widget-divider--view-line elementor-widget elementor-widget-divider\" data-id=\"22e3402\" data-element_type=\"widget\" data-e-type=\"widget\" data-widget_type=\"divider.default\">\n\t\t\t\t<div class=\"elementor-widget-container\">\n\t\t\t\t\t\t\t<div class=\"elementor-divider\">\n\t\t\t<span class=\"elementor-divider-separator\">\n\t\t\t\t\t\t<\/span>\n\t\t<\/div>\n\t\t\t\t\t\t<\/div>\n\t\t\t\t<\/div>\n\t\t\t\t\t<\/div>\n\t\t<\/div>\n\t\t\t\t\t<\/div>\n\t\t<\/section>\n\t\t\t\t<section class=\"elementor-section elementor-top-section elementor-element elementor-element-ebfdac5 elementor-section-boxed elementor-section-height-default elementor-section-height-default\" data-id=\"ebfdac5\" data-element_type=\"section\" data-e-type=\"section\">\n\t\t\t\t\t\t<div class=\"elementor-container elementor-column-gap-default\">\n\t\t\t\t\t<div class=\"elementor-column elementor-col-100 elementor-top-column elementor-element elementor-element-db538ac\" data-id=\"db538ac\" data-element_type=\"column\" data-e-type=\"column\">\n\t\t\t<div class=\"elementor-widget-wrap elementor-element-populated\">\n\t\t\t\t\t\t<div class=\"elementor-element elementor-element-992c981 elementor-grid-3 elementor-grid-tablet-2 elementor-grid-mobile-1 elementor-posts--thumbnail-top elementor-card-shadow-yes elementor-posts__hover-gradient elementor-widget elementor-widget-posts\" data-id=\"992c981\" data-element_type=\"widget\" data-e-type=\"widget\" data-settings=\"{&quot;cards_columns&quot;:&quot;3&quot;,&quot;cards_columns_tablet&quot;:&quot;2&quot;,&quot;cards_columns_mobile&quot;:&quot;1&quot;,&quot;cards_row_gap&quot;:{&quot;unit&quot;:&quot;px&quot;,&quot;size&quot;:35,&quot;sizes&quot;:[]},&quot;cards_row_gap_tablet&quot;:{&quot;unit&quot;:&quot;px&quot;,&quot;size&quot;:&quot;&quot;,&quot;sizes&quot;:[]},&quot;cards_row_gap_mobile&quot;:{&quot;unit&quot;:&quot;px&quot;,&quot;size&quot;:&quot;&quot;,&quot;sizes&quot;:[]}}\" data-widget_type=\"posts.cards\">\n\t\t\t\t<div class=\"elementor-widget-container\">\n\t\t\t\t\t\t\t<div class=\"elementor-posts-container elementor-posts elementor-posts--skin-cards elementor-grid\" role=\"list\">\n\t\t\t\t<article class=\"elementor-post elementor-grid-item post-6485 post type-post status-publish format-standard has-post-thumbnail hentry category-noticias-2\" role=\"listitem\">\n\t\t\t<div class=\"elementor-post__card\">\n\t\t\t\t<a class=\"elementor-post__thumbnail__link\" href=\"https:\/\/kunststoves.com\/es\/premio-internacional-para-la-estufa-de-lena-de-doble-cara-kunst-vista\/\" tabindex=\"-1\" ><div class=\"elementor-post__thumbnail\"><img fetchpriority=\"high\" decoding=\"async\" width=\"1200\" height=\"628\" src=\"https:\/\/kunststoves.com\/wp-content\/uploads\/2025\/05\/portada-blog-vista-premio.jpg\" class=\"attachment-full size-full wp-image-6487\" alt=\"estufa-de-le\u00f1a-premiada-kunst\" srcset=\"https:\/\/kunststoves.com\/wp-content\/uploads\/2025\/05\/portada-blog-vista-premio.jpg 1200w, https:\/\/kunststoves.com\/wp-content\/uploads\/2025\/05\/portada-blog-vista-premio-300x157.jpg 300w, https:\/\/kunststoves.com\/wp-content\/uploads\/2025\/05\/portada-blog-vista-premio-1024x536.jpg 1024w, https:\/\/kunststoves.com\/wp-content\/uploads\/2025\/05\/portada-blog-vista-premio-768x402.jpg 768w, https:\/\/kunststoves.com\/wp-content\/uploads\/2025\/05\/portada-blog-vista-premio-600x314.jpg 600w\" sizes=\"(max-width: 1200px) 100vw, 1200px\" \/><\/div><\/a>\n\t\t\t\t<div class=\"elementor-post__text\">\n\t\t\t\t<h3 class=\"elementor-post__title\">\n\t\t\t<a href=\"https:\/\/kunststoves.com\/es\/premio-internacional-para-la-estufa-de-lena-de-doble-cara-kunst-vista\/\" >\n\t\t\t\t<strong>Premio internacional para la estufa de le\u00f1a de doble cara Kunst Vista<\/strong>\t\t\t<\/a>\n\t\t<\/h3>\n\t\t\t\t<div class=\"elementor-post__excerpt\">\n\t\t\t<p>Un dise\u00f1o que mira al fuego desde ambos lados Nos alegra compartir que nuestra estufa de le\u00f1a de doble cara Kunst Vista ha sido reconocida<\/p>\n\t\t<\/div>\n\t\t\n\t\t<a class=\"elementor-post__read-more\" href=\"https:\/\/kunststoves.com\/es\/premio-internacional-para-la-estufa-de-lena-de-doble-cara-kunst-vista\/\" aria-label=\"M\u00e1s informaci\u00f3n sobre &lt;strong&gt;Premio internacional para la estufa de le\u00f1a de doble cara Kunst Vista&lt;\/strong&gt;\" tabindex=\"-1\" >\n\t\t\tLeer m\u00e1s  &gt;&gt;\t\t<\/a>\n\n\t\t\t\t<\/div>\n\t\t\t\t<div class=\"elementor-post__meta-data\">\n\t\t\t\t\t<span class=\"elementor-post-date\">\n\t\t\t05\/05\/2025\t\t<\/span>\n\t\t\t\t<span class=\"elementor-post-avatar\">\n\t\t\tNo hay comentarios\t\t<\/span>\n\t\t\t\t<\/div>\n\t\t\t\t\t<\/div>\n\t\t<\/article>\n\t\t\t\t<article class=\"elementor-post elementor-grid-item post-6239 post type-post status-publish format-standard has-post-thumbnail hentry category-consejos-noticias-2\" role=\"listitem\">\n\t\t\t<div class=\"elementor-post__card\">\n\t\t\t\t<a class=\"elementor-post__thumbnail__link\" href=\"https:\/\/kunststoves.com\/es\/elimina-la-humedad-en-casa\/\" tabindex=\"-1\" ><div class=\"elementor-post__thumbnail\"><img decoding=\"async\" width=\"934\" height=\"514\" src=\"https:\/\/kunststoves.com\/wp-content\/uploads\/2024\/11\/Formato-Portada-Blog-2.png\" class=\"attachment-full size-full wp-image-6227\" alt=\"\" srcset=\"https:\/\/kunststoves.com\/wp-content\/uploads\/2024\/11\/Formato-Portada-Blog-2.png 934w, https:\/\/kunststoves.com\/wp-content\/uploads\/2024\/11\/Formato-Portada-Blog-2-300x165.png 300w, https:\/\/kunststoves.com\/wp-content\/uploads\/2024\/11\/Formato-Portada-Blog-2-768x423.png 768w, https:\/\/kunststoves.com\/wp-content\/uploads\/2024\/11\/Formato-Portada-Blog-2-600x330.png 600w\" sizes=\"(max-width: 934px) 100vw, 934px\" \/><\/div><\/a>\n\t\t\t\t<div class=\"elementor-post__text\">\n\t\t\t\t<h3 class=\"elementor-post__title\">\n\t\t\t<a href=\"https:\/\/kunststoves.com\/es\/elimina-la-humedad-en-casa\/\" >\n\t\t\t\t\u00bfC\u00f3mo eliminar la humedad de una casa que tiene estufas de le\u00f1a?\t\t\t<\/a>\n\t\t<\/h3>\n\t\t\t\t<div class=\"elementor-post__excerpt\">\n\t\t\t<p>Descubre c\u00f3mo eliminar la humedad en tu hogar con estufas de le\u00f1a: consejos sobre ventilaci\u00f3n, deshumidificadores y uso eficiente para un ambiente seco.<\/p>\n\t\t<\/div>\n\t\t\n\t\t<a class=\"elementor-post__read-more\" href=\"https:\/\/kunststoves.com\/es\/elimina-la-humedad-en-casa\/\" aria-label=\"M\u00e1s informaci\u00f3n sobre \u00bfC\u00f3mo eliminar la humedad de una casa que tiene estufas de le\u00f1a?\" tabindex=\"-1\" >\n\t\t\tLeer m\u00e1s  &gt;&gt;\t\t<\/a>\n\n\t\t\t\t<\/div>\n\t\t\t\t<div class=\"elementor-post__meta-data\">\n\t\t\t\t\t<span class=\"elementor-post-date\">\n\t\t\t18\/11\/2024\t\t<\/span>\n\t\t\t\t<span class=\"elementor-post-avatar\">\n\t\t\tNo hay comentarios\t\t<\/span>\n\t\t\t\t<\/div>\n\t\t\t\t\t<\/div>\n\t\t<\/article>\n\t\t\t\t<article class=\"elementor-post elementor-grid-item post-6204 post type-post status-publish format-standard has-post-thumbnail hentry category-curiosidades\" role=\"listitem\">\n\t\t\t<div class=\"elementor-post__card\">\n\t\t\t\t<a class=\"elementor-post__thumbnail__link\" href=\"https:\/\/kunststoves.com\/es\/enciende-tu-estufa-de-lena\/\" tabindex=\"-1\" ><div class=\"elementor-post__thumbnail\"><img decoding=\"async\" width=\"934\" height=\"514\" src=\"https:\/\/kunststoves.com\/wp-content\/uploads\/2024\/11\/Formato-Portada-Blog-1.png\" class=\"attachment-full size-full wp-image-6198\" alt=\"\" srcset=\"https:\/\/kunststoves.com\/wp-content\/uploads\/2024\/11\/Formato-Portada-Blog-1.png 934w, https:\/\/kunststoves.com\/wp-content\/uploads\/2024\/11\/Formato-Portada-Blog-1-300x165.png 300w, https:\/\/kunststoves.com\/wp-content\/uploads\/2024\/11\/Formato-Portada-Blog-1-768x423.png 768w, https:\/\/kunststoves.com\/wp-content\/uploads\/2024\/11\/Formato-Portada-Blog-1-600x330.png 600w\" sizes=\"(max-width: 934px) 100vw, 934px\" \/><\/div><\/a>\n\t\t\t\t<div class=\"elementor-post__text\">\n\t\t\t\t<h3 class=\"elementor-post__title\">\n\t\t\t<a href=\"https:\/\/kunststoves.com\/es\/enciende-tu-estufa-de-lena\/\" >\n\t\t\t\tEnciende tu estufa de le\u00f1a utilizando una t\u00e9cnica adecuada\t\t\t<\/a>\n\t\t<\/h3>\n\t\t\t\t<div class=\"elementor-post__excerpt\">\n\t\t\t<p>Enciende tu estufa de le\u00f1a de manera eficiente y segura con estos consejos pr\u00e1cticos: elige la madera adecuada, organiza bien la le\u00f1a y controla el aire.<\/p>\n\t\t<\/div>\n\t\t\n\t\t<a class=\"elementor-post__read-more\" href=\"https:\/\/kunststoves.com\/es\/enciende-tu-estufa-de-lena\/\" aria-label=\"M\u00e1s informaci\u00f3n sobre Enciende tu estufa de le\u00f1a utilizando una t\u00e9cnica adecuada\" tabindex=\"-1\" >\n\t\t\tLeer m\u00e1s  &gt;&gt;\t\t<\/a>\n\n\t\t\t\t<\/div>\n\t\t\t\t<div class=\"elementor-post__meta-data\">\n\t\t\t\t\t<span class=\"elementor-post-date\">\n\t\t\t14\/11\/2024\t\t<\/span>\n\t\t\t\t<span class=\"elementor-post-avatar\">\n\t\t\tNo hay comentarios\t\t<\/span>\n\t\t\t\t<\/div>\n\t\t\t\t\t<\/div>\n\t\t<\/article>\n\t\t\t\t<article class=\"elementor-post elementor-grid-item post-6167 post type-post status-publish format-standard has-post-thumbnail hentry category-curiosidades\" role=\"listitem\">\n\t\t\t<div class=\"elementor-post__card\">\n\t\t\t\t<a class=\"elementor-post__thumbnail__link\" href=\"https:\/\/kunststoves.com\/es\/salud-y-calidad-del-aire\/\" tabindex=\"-1\" ><div class=\"elementor-post__thumbnail\"><img loading=\"lazy\" decoding=\"async\" width=\"934\" height=\"514\" src=\"https:\/\/kunststoves.com\/wp-content\/uploads\/2024\/11\/Formato-Portada-Blog.png\" class=\"attachment-full size-full wp-image-6156\" alt=\"\" srcset=\"https:\/\/kunststoves.com\/wp-content\/uploads\/2024\/11\/Formato-Portada-Blog.png 934w, https:\/\/kunststoves.com\/wp-content\/uploads\/2024\/11\/Formato-Portada-Blog-300x165.png 300w, https:\/\/kunststoves.com\/wp-content\/uploads\/2024\/11\/Formato-Portada-Blog-768x423.png 768w, https:\/\/kunststoves.com\/wp-content\/uploads\/2024\/11\/Formato-Portada-Blog-600x330.png 600w\" sizes=\"(max-width: 934px) 100vw, 934px\" \/><\/div><\/a>\n\t\t\t\t<div class=\"elementor-post__text\">\n\t\t\t\t<h3 class=\"elementor-post__title\">\n\t\t\t<a href=\"https:\/\/kunststoves.com\/es\/salud-y-calidad-del-aire\/\" >\n\t\t\t\tC\u00f3mo las Estufas de Le\u00f1a Mejoran la salud y calidad del aire en tu Hogar\t\t\t<\/a>\n\t\t<\/h3>\n\t\t\t\t<div class=\"elementor-post__excerpt\">\n\t\t\t<p>Como mejorar la salud y calidad del aire en tu hogar con estufas de le\u00f1a modernas, eficientes y de bajas emisiones que crean un ambiente c\u00e1lido y limpio.<\/p>\n\t\t<\/div>\n\t\t\n\t\t<a class=\"elementor-post__read-more\" href=\"https:\/\/kunststoves.com\/es\/salud-y-calidad-del-aire\/\" aria-label=\"M\u00e1s informaci\u00f3n sobre C\u00f3mo las Estufas de Le\u00f1a Mejoran la salud y calidad del aire en tu Hogar\" tabindex=\"-1\" >\n\t\t\tLeer m\u00e1s  &gt;&gt;\t\t<\/a>\n\n\t\t\t\t<\/div>\n\t\t\t\t<div class=\"elementor-post__meta-data\">\n\t\t\t\t\t<span class=\"elementor-post-date\">\n\t\t\t11\/11\/2024\t\t<\/span>\n\t\t\t\t<span class=\"elementor-post-avatar\">\n\t\t\tNo hay comentarios\t\t<\/span>\n\t\t\t\t<\/div>\n\t\t\t\t\t<\/div>\n\t\t<\/article>\n\t\t\t\t<article class=\"elementor-post elementor-grid-item post-4950 post type-post status-publish format-standard has-post-thumbnail hentry category-consejos\" role=\"listitem\">\n\t\t\t<div class=\"elementor-post__card\">\n\t\t\t\t<a class=\"elementor-post__thumbnail__link\" href=\"https:\/\/kunststoves.com\/es\/por-que-revoca-humo\/\" tabindex=\"-1\" ><div class=\"elementor-post__thumbnail\"><img loading=\"lazy\" decoding=\"async\" width=\"934\" height=\"514\" src=\"https:\/\/kunststoves.com\/wp-content\/uploads\/2024\/04\/Formato-Portada-Blog-1.png\" class=\"attachment-full size-full wp-image-4958\" alt=\"estufa le\u00f1a revoca humo\" srcset=\"https:\/\/kunststoves.com\/wp-content\/uploads\/2024\/04\/Formato-Portada-Blog-1.png 934w, https:\/\/kunststoves.com\/wp-content\/uploads\/2024\/04\/Formato-Portada-Blog-1-300x165.png 300w, https:\/\/kunststoves.com\/wp-content\/uploads\/2024\/04\/Formato-Portada-Blog-1-768x423.png 768w, https:\/\/kunststoves.com\/wp-content\/uploads\/2024\/04\/Formato-Portada-Blog-1-600x330.png 600w\" sizes=\"(max-width: 934px) 100vw, 934px\" \/><\/div><\/a>\n\t\t\t\t<div class=\"elementor-post__text\">\n\t\t\t\t<h3 class=\"elementor-post__title\">\n\t\t\t<a href=\"https:\/\/kunststoves.com\/es\/por-que-revoca-humo\/\" >\n\t\t\t\t\u00bfPor qu\u00e9 mi estufa revoca humo? Consejos para solucionarlo\t\t\t<\/a>\n\t\t<\/h3>\n\t\t\t\t<div class=\"elementor-post__excerpt\">\n\t\t\t<p>\u00bfTu estufa de le\u00f1a revoca humo? Descubre las razones, desde mala ventilaci\u00f3n hasta le\u00f1a h\u00fameda, y aprende c\u00f3mo solucionarlo para un hogar m\u00e1s seguro y c\u00e1lido.<\/p>\n\t\t<\/div>\n\t\t\n\t\t<a class=\"elementor-post__read-more\" href=\"https:\/\/kunststoves.com\/es\/por-que-revoca-humo\/\" aria-label=\"M\u00e1s informaci\u00f3n sobre \u00bfPor qu\u00e9 mi estufa revoca humo? Consejos para solucionarlo\" tabindex=\"-1\" >\n\t\t\tLeer m\u00e1s  &gt;&gt;\t\t<\/a>\n\n\t\t\t\t<\/div>\n\t\t\t\t<div class=\"elementor-post__meta-data\">\n\t\t\t\t\t<span class=\"elementor-post-date\">\n\t\t\t09\/04\/2024\t\t<\/span>\n\t\t\t\t<span class=\"elementor-post-avatar\">\n\t\t\tNo hay comentarios\t\t<\/span>\n\t\t\t\t<\/div>\n\t\t\t\t\t<\/div>\n\t\t<\/article>\n\t\t\t\t<article class=\"elementor-post elementor-grid-item post-4875 post type-post status-publish format-standard has-post-thumbnail hentry category-noticias-es\" role=\"listitem\">\n\t\t\t<div class=\"elementor-post__card\">\n\t\t\t\t<a class=\"elementor-post__thumbnail__link\" href=\"https:\/\/kunststoves.com\/es\/kunst-nuevo-modelo\/\" tabindex=\"-1\" ><div class=\"elementor-post__thumbnail\"><img loading=\"lazy\" decoding=\"async\" width=\"934\" height=\"514\" src=\"https:\/\/kunststoves.com\/wp-content\/uploads\/2024\/04\/Formato-Portada-Blog.png\" class=\"attachment-full size-full wp-image-4870\" alt=\"kunst en proggeto fuoco - modelo vista\" srcset=\"https:\/\/kunststoves.com\/wp-content\/uploads\/2024\/04\/Formato-Portada-Blog.png 934w, https:\/\/kunststoves.com\/wp-content\/uploads\/2024\/04\/Formato-Portada-Blog-300x165.png 300w, https:\/\/kunststoves.com\/wp-content\/uploads\/2024\/04\/Formato-Portada-Blog-768x423.png 768w, https:\/\/kunststoves.com\/wp-content\/uploads\/2024\/04\/Formato-Portada-Blog-600x330.png 600w\" sizes=\"(max-width: 934px) 100vw, 934px\" \/><\/div><\/a>\n\t\t\t\t<div class=\"elementor-post__text\">\n\t\t\t\t<h3 class=\"elementor-post__title\">\n\t\t\t<a href=\"https:\/\/kunststoves.com\/es\/kunst-nuevo-modelo\/\" >\n\t\t\t\tExperiencia Kunst en Progetto Fuoco 2024\t\t\t<\/a>\n\t\t<\/h3>\n\t\t\t\t<div class=\"elementor-post__excerpt\">\n\t\t\t<p>Kunst exhibi\u00f3 su modelo &#8216;QUERCUS STORE&#8217; con cierre autom\u00e1tico y present\u00f3 el nuevo dise\u00f1o &#8216;VISTA&#8217; en la Feria Internacional Progetto Fuoco 2024, destac\u00e1ndose por su innovaci\u00f3n y compromiso con la sostenibilidad.<\/p>\n\t\t<\/div>\n\t\t\n\t\t<a class=\"elementor-post__read-more\" href=\"https:\/\/kunststoves.com\/es\/kunst-nuevo-modelo\/\" aria-label=\"M\u00e1s informaci\u00f3n sobre Experiencia Kunst en Progetto Fuoco 2024\" tabindex=\"-1\" >\n\t\t\tLeer m\u00e1s  &gt;&gt;\t\t<\/a>\n\n\t\t\t\t<\/div>\n\t\t\t\t<div class=\"elementor-post__meta-data\">\n\t\t\t\t\t<span class=\"elementor-post-date\">\n\t\t\t01\/04\/2024\t\t<\/span>\n\t\t\t\t<span class=\"elementor-post-avatar\">\n\t\t\tNo hay comentarios\t\t<\/span>\n\t\t\t\t<\/div>\n\t\t\t\t\t<\/div>\n\t\t<\/article>\n\t\t\t\t<\/div>\n\t\t\n\t\t\t\t\t\t<\/div>\n\t\t\t\t<\/div>\n\t\t\t\t\t<\/div>\n\t\t<\/div>\n\t\t\t\t\t<\/div>\n\t\t<\/section>\n\t\t\t\t<\/div>\n\t\t","protected":false},"excerpt":{"rendered":"<p>Blog<\/p>\n","protected":false},"author":1,"featured_media":0,"parent":0,"menu_order":0,"comment_status":"closed","ping_status":"closed","template":"","meta":{"_acf_changed":false,"footnotes":""},"class_list":["post-2907","page","type-page","status-publish","hentry"],"acf":[],"_links":{"self":[{"href":"https:\/\/kunststoves.com\/es\/wp-json\/wp\/v2\/pages\/2907","targetHints":{"allow":["GET"]}}],"collection":[{"href":"https:\/\/kunststoves.com\/es\/wp-json\/wp\/v2\/pages"}],"about":[{"href":"https:\/\/kunststoves.com\/es\/wp-json\/wp\/v2\/types\/page"}],"author":[{"embeddable":true,"href":"https:\/\/kunststoves.com\/es\/wp-json\/wp\/v2\/users\/1"}],"replies":[{"embeddable":true,"href":"https:\/\/kunststoves.com\/es\/wp-json\/wp\/v2\/comments?post=2907"}],"version-history":[{"count":1,"href":"https:\/\/kunststoves.com\/es\/wp-json\/wp\/v2\/pages\/2907\/revisions"}],"predecessor-version":[{"id":2908,"href":"https:\/\/kunststoves.com\/es\/wp-json\/wp\/v2\/pages\/2907\/revisions\/2908"}],"wp:attachment":[{"href":"https:\/\/kunststoves.com\/es\/wp-json\/wp\/v2\/media?parent=2907"}],"curies":[{"name":"wp","href":"https:\/\/api.w.org\/{rel}","templated":true}]}}