{"id":829,"date":"2023-01-12T18:25:12","date_gmt":"2023-01-12T17:25:12","guid":{"rendered":"https:\/\/kunststoves.com\/?page_id=829"},"modified":"2023-01-30T12:52:15","modified_gmt":"2023-01-30T11:52:15","slug":"politica-privacidad","status":"publish","type":"page","link":"https:\/\/kunststoves.com\/es\/politica-privacidad\/","title":{"rendered":"Pol\u00edtica de privacidad"},"content":{"rendered":"\t\t<div data-elementor-type=\"wp-page\" data-elementor-id=\"829\" class=\"elementor elementor-829 elementor-209\" data-elementor-post-type=\"page\">\n\t\t\t\t\t\t<section data-dce-background-overlay-color=\"#131313\" data-dce-background-image-url=\"http:\/\/kunststoves.com\/wp-content\/uploads\/2022\/12\/WILLOW-ambiente-scaled.jpg\" class=\"elementor-section elementor-top-section elementor-element elementor-element-e698cf8 elementor-section-stretched elementor-section-content-middle elementor-section-height-min-height elementor-section-boxed elementor-section-height-default elementor-section-items-middle\" data-id=\"e698cf8\" data-element_type=\"section\" data-e-type=\"section\" data-settings=\"{&quot;stretch_section&quot;:&quot;section-stretched&quot;,&quot;background_background&quot;:&quot;classic&quot;}\">\n\t\t\t\t\t\t\t<div class=\"elementor-background-overlay\"><\/div>\n\t\t\t\t\t\t\t<div class=\"elementor-container elementor-column-gap-default\">\n\t\t\t\t\t<div class=\"elementor-column elementor-col-100 elementor-top-column elementor-element elementor-element-ea7a24b\" data-id=\"ea7a24b\" data-element_type=\"column\" data-e-type=\"column\">\n\t\t\t<div class=\"elementor-widget-wrap elementor-element-populated\">\n\t\t\t\t\t\t<div class=\"elementor-element elementor-element-21b4ce5 elementor-widget elementor-widget-spacer\" data-id=\"21b4ce5\" data-element_type=\"widget\" data-e-type=\"widget\" data-widget_type=\"spacer.default\">\n\t\t\t\t<div class=\"elementor-widget-container\">\n\t\t\t\t\t\t\t<div class=\"elementor-spacer\">\n\t\t\t<div class=\"elementor-spacer-inner\"><\/div>\n\t\t<\/div>\n\t\t\t\t\t\t<\/div>\n\t\t\t\t<\/div>\n\t\t\t\t<div class=\"elementor-element elementor-element-0f46938 elementor-widget elementor-widget-heading\" data-id=\"0f46938\" data-element_type=\"widget\" data-e-type=\"widget\" data-widget_type=\"heading.default\">\n\t\t\t\t<div class=\"elementor-widget-container\">\n\t\t\t\t\t<h2 class=\"elementor-heading-title elementor-size-default\">Pol\u00edtica de privacidad<\/h2>\t\t\t\t<\/div>\n\t\t\t\t<\/div>\n\t\t\t\t<div class=\"elementor-element elementor-element-b8c10d2 elementor-widget-divider--view-line elementor-widget elementor-widget-divider\" data-id=\"b8c10d2\" data-element_type=\"widget\" data-e-type=\"widget\" data-widget_type=\"divider.default\">\n\t\t\t\t<div class=\"elementor-widget-container\">\n\t\t\t\t\t\t\t<div class=\"elementor-divider\">\n\t\t\t<span class=\"elementor-divider-separator\">\n\t\t\t\t\t\t<\/span>\n\t\t<\/div>\n\t\t\t\t\t\t<\/div>\n\t\t\t\t<\/div>\n\t\t\t\t\t<\/div>\n\t\t<\/div>\n\t\t\t\t\t<\/div>\n\t\t<\/section>\n\t\t\t\t<section class=\"elementor-section elementor-top-section elementor-element elementor-element-b8a07ea elementor-section-boxed elementor-section-height-default elementor-section-height-default\" data-id=\"b8a07ea\" data-element_type=\"section\" data-e-type=\"section\">\n\t\t\t\t\t\t<div class=\"elementor-container elementor-column-gap-default\">\n\t\t\t\t\t<div class=\"elementor-column elementor-col-100 elementor-top-column elementor-element elementor-element-6cf98b0\" data-id=\"6cf98b0\" data-element_type=\"column\" data-e-type=\"column\">\n\t\t\t<div class=\"elementor-widget-wrap elementor-element-populated\">\n\t\t\t\t\t\t<div class=\"elementor-element elementor-element-4b0ccf3 elementor-widget elementor-widget-text-editor\" data-id=\"4b0ccf3\" data-element_type=\"widget\" data-e-type=\"widget\" data-widget_type=\"text-editor.default\">\n\t\t\t\t<div class=\"elementor-widget-container\">\n\t\t\t\t\t\t\t\t\t<p><\/p><div class=\"row\"><div class=\"col-md-12\"><h1>AVISO LEGAL<\/h1><\/div><\/div><div class=\"row\"><div class=\"col-md-12\"><div class=\"contenido\"><h2>DATOS IDENTIFICATIVOS<\/h2><p>1. Usted est\u00e1 visitando la p\u00e1gina web kunststoves.com titularidad de PANADERO AB, S. L., con domicilio social en POL\u00cdGONO INDUSTRIAL CAMPOLLANO, AVENIDA 5, N\u00daMS. 13-15. 02007 ALBACETE \u2013 ESPA\u00d1A, con NIF B02612604, inscrita en el Registro Mercantil de Albacete, en el tomo 407, Folio 221, Hoja AB-3910, en adelante EL TITULAR.<br \/>Puede contactar con el TITULAR por cualquiera de los siguientes medios:<br \/>Tel\u00e9fono: +34 967 592 400<br \/>Correo electr\u00f3nico de contacto:\u00a0panadero@panadero.com<\/p><h2>USUARIOS<\/h2><p>2. Las presentes condiciones (en adelante Aviso Legal) tiene por finalidad regular el uso de la p\u00e1gina web de EL TITULAR que pone a disposici\u00f3n del p\u00fablico.<br \/>El acceso y\/o uso de esta p\u00e1gina web atribuye la condici\u00f3n de USUARIO, que acepta, desde dicho acceso y\/o uso, las condiciones generales de uso aqu\u00ed reflejadas. Las citadas condiciones ser\u00e1n de aplicaci\u00f3n independientemente de las condiciones generales de contrataci\u00f3n que en su caso resulten de obligado cumplimiento.<\/p><h2>USO DEL PORTAL<\/h2><p>3. www.panadero.con proporciona el acceso a multitud de informaciones, servicios, programas o datos (en adelante, \u201clos contenidos\u201d) en Internet pertenecientes a EL TITULAR o a sus licenciantes a los que el USUARIO puede tener acceso.<br \/>El usuario asume la responsabilidad del uso del portal. Dicha responsabilidad se extiende al registro que fuese necesario para acceder a determinados servicios o contenidos. En dicho registro el USUARIO ser\u00e1 responsable de aportar informaci\u00f3n veraz y l\u00edcita. Como consecuencia de este registro, al USUARIO se le puede proporcionar una contrase\u00f1a de la que ser\u00e1 responsable, comprometi\u00e9ndose a hacer un uso diligente y confidencial de la misma.<\/p><p>El USUARIO se compromete a hacer un uso adecuado de los contenidos y servicios (p.e. servicios de chat, foros de discusi\u00f3n o grupos de noticias) que EL TITULAR ofrece a trav\u00e9s de su portal y con car\u00e1cter enunciativo pero no limitativo, a no emplearlos para:<\/p><p>Incurrir en actividades il\u00edcitas, ilegales o contrarias a la buena fe y al orden p\u00fablico.<br \/>Difundir contenidos o propaganda racista, xen\u00f3foba, pornogr\u00e1fico-ilegal, de apolog\u00eda del terrorismo o atentatoria contra los derechos humanos.<br \/>Provocar da\u00f1os en los sistemas f\u00edsicos y l\u00f3gicos de PANADERO AB, S. L., de sus proveedores o de terceras personas, introducir o difundir en la red virus inform\u00e1ticos o cualesquiera otros sistemas f\u00edsicos o l\u00f3gicos que sean susceptibles de provocar los da\u00f1os anteriormente mencionados.<br \/>Intentar acceder y, en su caso, utilizar las cuentas de correo electr\u00f3nico de otros usuarios y modificar o manipular sus mensajes.<br \/>Utilizar el sitio web ni las informaciones que en \u00e9l se contienen con fines comerciales, pol\u00edticos, publicitarios y para cualquier uso comercial, sobre todo en el env\u00edo de correos electr\u00f3nicos no solicitados.<br \/>EL TITULAR se reserva el derecho a retirar todos aquellos comentarios y aportaciones que vulneren el respeto a la dignidad de la persona, que sean discriminatorios, xen\u00f3fobos, racistas pornogr\u00e1ficos, que atenten contra la juventud o la infancia, el orden o la seguridad p\u00fablica o que, a su juicio, no resultar\u00e1n adecuados para su publicaci\u00f3n. En cualquier caso, EL TITULAR no ser\u00e1 responsable de las opiniones vertidas por los usuarios a trav\u00e9s de los foros, chats, u otras herramientas de participaci\u00f3n.<\/p><h2>PROTECCI\u00d3N DE DATOS<\/h2><p>4. Todo lo relativo a la pol\u00edtica de protecci\u00f3n de datos se encuentra recogido en el documento de pol\u00edtica de privacidad.<\/p><h2>CONTENIDOS. PROPIEDAD INTELECTUAL E INDUSTRIAL<\/h2><p>5. EL TITULAR es propietario de todos los derechos de propiedad intelectual e industrial de su p\u00e1gina web, as\u00ed como de los elementos contenidos en la misma (a t\u00edtulo enunciativo: im\u00e1genes, fotograf\u00edas, sonido, audio, v\u00eddeo, software o textos; marcas o logotipos, combinaciones de colores, estructura y dise\u00f1o, selecci\u00f3n de materiales usados, programas de ordenador necesarios para su funcionamiento, acceso y uso, etc.), titularidad del TITULAR o bien de sus licenciantes.<br \/>Todos los derechos reservados. En virtud de lo dispuesto en los art\u00edculos 8 y 32.1, p\u00e1rrafo segundo, de la Ley de Propiedad Intelectual, quedan expresamente prohibidas la reproducci\u00f3n, la distribuci\u00f3n y la comunicaci\u00f3n p\u00fablica, incluida su modalidad de puesta a disposici\u00f3n, de la totalidad o parte de los contenidos de esta p\u00e1gina web, con fines comerciales, en cualquier soporte y por cualquier medio t\u00e9cnico, sin la autorizaci\u00f3n del TITULAR.<\/p><h2>EXCLUSI\u00d3N DE GARANT\u00cdAS Y RESPONSABILIDAD<\/h2><p>6. EL USUARIO reconoce que la utilizaci\u00f3n de la p\u00e1gina web y de sus contenidos y servicios se desarrolla bajo su exclusiva responsabilidad. En concreto, a t\u00edtulo meramente enunciativo, EL TITULAR no asume ninguna responsabilidad en los siguientes \u00e1mbitos:<br \/>a) La disponibilidad del funcionamiento de la p\u00e1gina web, sus servicios y contenidos y su calidad o interoperabilidad.<br \/>b) La finalidad para la que la p\u00e1gina web sirva a los objetivos del USUARIO.<br \/>c) La infracci\u00f3n de la legislaci\u00f3n vigente por parte del USUARIO o terceros y, en concreto, de los derechos de propiedad intelectual e industrial que sean titularidad de otras personas o entidades.<br \/>d) La existencia de c\u00f3digos maliciosos o cualquier otro elemento inform\u00e1tico da\u00f1ino que pudiera causar el sistema inform\u00e1tico del USUARIO o de terceros. Corresponde al USUARIO, en todo caso, disponer de herramientas adecuadas para la detecci\u00f3n y desinfecci\u00f3n de estos elementos.<br \/>e) El acceso fraudulento a los contenidos o servicios por terceos no autorizados, o, en su caso, la captura, eliminaci\u00f3n, alteraci\u00f3n, modificaci\u00f3n o manipulaci\u00f3n de los mensajes y comunicaciones de cualquier clase que dichos terceros pudiera realizar.<br \/>f) La exactitud, veracidad, actualidad y utilidad de los contenidos y servicios ofrecidos y la utilizaci\u00f3n posterior que de ellos haga el USUARIO. EL TITULAR emplear\u00e1 todos los esfuerzos y medios razonables para facilitar la informaci\u00f3n actualizada y fehaciente.<br \/>g) Los da\u00f1os producidos a equipos inform\u00e1ticos durante el acceso a la p\u00e1gina web y los da\u00f1os producidos a los USUARIOS cuando tengan su origen en fallos o desconexiones en las redes de telecomunicaciones que interrumpan el servicio.<br \/>h) Los da\u00f1os o perjuicios que se deriven de circunstancias acaecidas por caso fortuito o fuerza mayor.<br \/>En caso de que existan foros, el uso de los mismos u otros espacios an\u00e1logos, ha de tenerse en cuenta que los mensajes reflejen \u00fanicamente la opini\u00f3n del USUARIO que los remite, que es el \u00fanico responsable. EL TITULAR no se hace responsable del contenido de los mensajes enviados por el USUARIO.<\/p><h2>MODIFICACI\u00d3N DE ESTE AVISO LEGAL Y DURACI\u00d3N<\/h2><p>7. EL TITULAR se reserva el derecho de efectuar sin previo aviso las modificaciones que considere oportunas en su portal, pudiendo cambiar, suprimir o a\u00f1adir tantos contenidos y servicios que se presten a trav\u00e9s de la misma, como la forma en la que \u00e9stos aparezcan representados o localizados en su portal.<br \/>La vigencia de las citadas condiciones ir\u00e1 en funci\u00f3n de su exposici\u00f3n y estar\u00e1n vigentes hasta que sean modificadas por otras debidamente publicadas.<\/p><h2>ENLACES<\/h2><p>8. En el caso de que en kunststoves.com\u00a0se incluyesen enlaces o hiperv\u00ednculos hacia otros sitios de Internet, EL TITULAR no ejercer\u00e1 ning\u00fan tipo de control sobre dichos sitios y contenidos. En ning\u00fan caso EL TITULAR asumir\u00e1 responsabilidad alguna por los contenidos de alg\u00fan enlace perteneciente a un sitio web ajeno, ni garantizar\u00e1 la disponibilidad t\u00e9cnica, calidad, fiabilidad, exactitud, amplitud, veracidad, validez y constitucionalidad de cualquier materia o informaci\u00f3n contenida en ninguno de dichos hiperv\u00ednculos y otros sitios en Internet. Igualmente, la inclusi\u00f3n de estas conexiones externas no implicar\u00e1 ning\u00fan tipo de asociaci\u00f3n, fusi\u00f3n o participaci\u00f3n con las entidades conectadas.<\/p><h2>DERECHOS DE EXCLUSI\u00d3N<\/h2><p>9. EL TITULAR se reserva el derecho a denegar o retirar el acceso a portal y\/o los servicios ofrecidos sin necesidad de advertencia previa, a instancia propia o de un tercero, a aquellos usuarios que incumplan el contenido de este aviso legal.<\/p><h2>GENERALIDADES<\/h2><p>10. EL TITULAR perseguir\u00e1 el incumplimiento de las presentes condiciones as\u00ed como cualquier utilizaci\u00f3n indebida de su portal ejerciendo todas las acciones civiles y penales que le puedan corresponder en derecho.<\/p><h2>LEGISLACI\u00d3N APLICABLE Y JURISDICCI\u00d3N<\/h2><p>11. La relaci\u00f3n entre EL TITULAR y EL USUARIO se regir\u00e1 por la normativa espa\u00f1ola vigente. Todas las disputas y reclamaciones derivadas de este aviso legal se resolver\u00e1n por los juzgados y tribunales espa\u00f1oles.<\/p><h2>MENORES DE EDAD<\/h2><p>12. kunststoves.com dirige sus servicios a usuarios mayores de 18 a\u00f1os. Los menores de esta edad no est\u00e1n autorizados a utilizar nuestros servicios y no deber\u00e1n, por tanto, enviarnos sus datos personales. Informamos de que si se da tal circunstancia, PANADERO AB, S. L. no se hace responsable de las posibles consecuencias que pudieran derivarse del incumplimiento del aviso que en esta misma cl\u00e1usula se establece.<\/p><\/div><\/div><\/div><p><\/p>\t\t\t\t\t\t\t\t<\/div>\n\t\t\t\t<\/div>\n\t\t\t\t\t<\/div>\n\t\t<\/div>\n\t\t\t\t\t<\/div>\n\t\t<\/section>\n\t\t\t\t<\/div>\n\t\t","protected":false},"excerpt":{"rendered":"<p>AVISO LEGAL DATOS IDENTIFICATIVOS 1. Usted est\u00e1 visitando la p\u00e1gina web kunststoves.com titularidad de PANADERO AB, S. L., con domicilio social en POL\u00cdGONO INDUSTRIAL CAMPOLLANO, AVENIDA 5, N\u00daMS. 13-15. 02007 ALBACETE \u2013 ESPA\u00d1A, con NIF B02612604, inscrita en el Registro Mercantil de Albacete, en el tomo 407, Folio 221, Hoja AB-3910, en adelante EL TITULAR. [&hellip;]<\/p>\n","protected":false},"author":1,"featured_media":0,"parent":0,"menu_order":0,"comment_status":"closed","ping_status":"closed","template":"","meta":{"_acf_changed":false,"footnotes":""},"class_list":["post-829","page","type-page","status-publish","hentry"],"acf":[],"_links":{"self":[{"href":"https:\/\/kunststoves.com\/es\/wp-json\/wp\/v2\/pages\/829","targetHints":{"allow":["GET"]}}],"collection":[{"href":"https:\/\/kunststoves.com\/es\/wp-json\/wp\/v2\/pages"}],"about":[{"href":"https:\/\/kunststoves.com\/es\/wp-json\/wp\/v2\/types\/page"}],"author":[{"embeddable":true,"href":"https:\/\/kunststoves.com\/es\/wp-json\/wp\/v2\/users\/1"}],"replies":[{"embeddable":true,"href":"https:\/\/kunststoves.com\/es\/wp-json\/wp\/v2\/comments?post=829"}],"version-history":[{"count":5,"href":"https:\/\/kunststoves.com\/es\/wp-json\/wp\/v2\/pages\/829\/revisions"}],"predecessor-version":[{"id":1039,"href":"https:\/\/kunststoves.com\/es\/wp-json\/wp\/v2\/pages\/829\/revisions\/1039"}],"wp:attachment":[{"href":"https:\/\/kunststoves.com\/es\/wp-json\/wp\/v2\/media?parent=829"}],"curies":[{"name":"wp","href":"https:\/\/api.w.org\/{rel}","templated":true}]}}