{"id":2903,"date":"2023-06-27T18:07:54","date_gmt":"2023-06-27T16:07:54","guid":{"rendered":"https:\/\/kunststoves.com\/blog\/"},"modified":"2023-07-26T16:01:56","modified_gmt":"2023-07-26T14:01:56","slug":"blog","status":"publish","type":"page","link":"https:\/\/kunststoves.com\/fr\/blog\/","title":{"rendered":"Blog"},"content":{"rendered":"\t\t<div data-elementor-type=\"wp-page\" data-elementor-id=\"2903\" class=\"elementor elementor-2903 elementor-2861\" data-elementor-post-type=\"page\">\n\t\t\t\t\t\t<section data-dce-background-overlay-color=\"#131313\" data-dce-background-image-url=\"http:\/\/kunststoves.com\/wp-content\/uploads\/2022\/12\/WILLOW-ambiente-scaled.jpg\" class=\"elementor-section elementor-top-section elementor-element elementor-element-e703f73 elementor-section-stretched elementor-section-content-middle elementor-section-height-min-height elementor-section-boxed elementor-section-height-default elementor-section-items-middle\" data-id=\"e703f73\" data-element_type=\"section\" data-e-type=\"section\" data-settings=\"{&quot;stretch_section&quot;:&quot;section-stretched&quot;,&quot;background_background&quot;:&quot;classic&quot;}\">\n\t\t\t\t\t\t\t<div class=\"elementor-background-overlay\"><\/div>\n\t\t\t\t\t\t\t<div class=\"elementor-container elementor-column-gap-default\">\n\t\t\t\t\t<div class=\"elementor-column elementor-col-100 elementor-top-column elementor-element elementor-element-059d348\" data-id=\"059d348\" data-element_type=\"column\" data-e-type=\"column\">\n\t\t\t<div class=\"elementor-widget-wrap elementor-element-populated\">\n\t\t\t\t\t\t<div class=\"elementor-element elementor-element-a65e9a6 elementor-widget elementor-widget-heading\" data-id=\"a65e9a6\" data-element_type=\"widget\" data-e-type=\"widget\" data-widget_type=\"heading.default\">\n\t\t\t\t<div class=\"elementor-widget-container\">\n\t\t\t\t\t<h2 class=\"elementor-heading-title elementor-size-default\">Blog<\/h2>\t\t\t\t<\/div>\n\t\t\t\t<\/div>\n\t\t\t\t<div class=\"elementor-element elementor-element-22e3402 elementor-widget-divider--view-line elementor-widget elementor-widget-divider\" data-id=\"22e3402\" data-element_type=\"widget\" data-e-type=\"widget\" data-widget_type=\"divider.default\">\n\t\t\t\t<div class=\"elementor-widget-container\">\n\t\t\t\t\t\t\t<div class=\"elementor-divider\">\n\t\t\t<span class=\"elementor-divider-separator\">\n\t\t\t\t\t\t<\/span>\n\t\t<\/div>\n\t\t\t\t\t\t<\/div>\n\t\t\t\t<\/div>\n\t\t\t\t\t<\/div>\n\t\t<\/div>\n\t\t\t\t\t<\/div>\n\t\t<\/section>\n\t\t\t\t<section class=\"elementor-section elementor-top-section elementor-element elementor-element-ebfdac5 elementor-section-boxed elementor-section-height-default elementor-section-height-default\" data-id=\"ebfdac5\" data-element_type=\"section\" data-e-type=\"section\">\n\t\t\t\t\t\t<div class=\"elementor-container elementor-column-gap-default\">\n\t\t\t\t\t<div class=\"elementor-column elementor-col-100 elementor-top-column elementor-element elementor-element-db538ac\" data-id=\"db538ac\" data-element_type=\"column\" data-e-type=\"column\">\n\t\t\t<div class=\"elementor-widget-wrap elementor-element-populated\">\n\t\t\t\t\t\t<div class=\"elementor-element elementor-element-992c981 elementor-grid-3 elementor-grid-tablet-2 elementor-grid-mobile-1 elementor-posts--thumbnail-top elementor-card-shadow-yes elementor-posts__hover-gradient elementor-widget elementor-widget-posts\" data-id=\"992c981\" data-element_type=\"widget\" data-e-type=\"widget\" data-settings=\"{&quot;cards_columns&quot;:&quot;3&quot;,&quot;cards_columns_tablet&quot;:&quot;2&quot;,&quot;cards_columns_mobile&quot;:&quot;1&quot;,&quot;cards_row_gap&quot;:{&quot;unit&quot;:&quot;px&quot;,&quot;size&quot;:35,&quot;sizes&quot;:[]},&quot;cards_row_gap_tablet&quot;:{&quot;unit&quot;:&quot;px&quot;,&quot;size&quot;:&quot;&quot;,&quot;sizes&quot;:[]},&quot;cards_row_gap_mobile&quot;:{&quot;unit&quot;:&quot;px&quot;,&quot;size&quot;:&quot;&quot;,&quot;sizes&quot;:[]}}\" data-widget_type=\"posts.cards\">\n\t\t\t\t<div class=\"elementor-widget-container\">\n\t\t\t\t\t\t\t<div class=\"elementor-posts-container elementor-posts elementor-posts--skin-cards elementor-grid\" role=\"list\">\n\t\t\t\t<article class=\"elementor-post elementor-grid-item post-6510 post type-post status-publish format-standard has-post-thumbnail hentry category-noticias-2-fr\" role=\"listitem\">\n\t\t\t<div class=\"elementor-post__card\">\n\t\t\t\t<a class=\"elementor-post__thumbnail__link\" href=\"https:\/\/kunststoves.com\/fr\/https-www-kunst-com-fr-blog-poele-bois-double-face-kunst-vista-prix-design\/\" tabindex=\"-1\" ><div class=\"elementor-post__thumbnail\"><img fetchpriority=\"high\" decoding=\"async\" width=\"1200\" height=\"628\" src=\"https:\/\/kunststoves.com\/wp-content\/uploads\/2025\/05\/portada-blog-vista-premio.jpg\" class=\"attachment-full size-full wp-image-6489\" alt=\"estufa-de-le\u00f1a-premiada-kunst\" srcset=\"https:\/\/kunststoves.com\/wp-content\/uploads\/2025\/05\/portada-blog-vista-premio.jpg 1200w, https:\/\/kunststoves.com\/wp-content\/uploads\/2025\/05\/portada-blog-vista-premio-300x157.jpg 300w, https:\/\/kunststoves.com\/wp-content\/uploads\/2025\/05\/portada-blog-vista-premio-1024x536.jpg 1024w, https:\/\/kunststoves.com\/wp-content\/uploads\/2025\/05\/portada-blog-vista-premio-768x402.jpg 768w, https:\/\/kunststoves.com\/wp-content\/uploads\/2025\/05\/portada-blog-vista-premio-600x314.jpg 600w\" sizes=\"(max-width: 1200px) 100vw, 1200px\" \/><\/div><\/a>\n\t\t\t\t<div class=\"elementor-post__text\">\n\t\t\t\t<h3 class=\"elementor-post__title\">\n\t\t\t<a href=\"https:\/\/kunststoves.com\/fr\/https-www-kunst-com-fr-blog-poele-bois-double-face-kunst-vista-prix-design\/\" >\n\t\t\t\t<strong>Prix international pour le po\u00eale \u00e0 bois double face Kunst Vista<\/strong>\t\t\t<\/a>\n\t\t<\/h3>\n\t\t\t\t<div class=\"elementor-post__excerpt\">\n\t\t\t<p>Prix international pour le po\u00eale \u00e0 bois double face Kunst VistaUn design qui r\u00e9v\u00e8le le feu des deux c\u00f4t\u00e9sNous sommes heureux d\u2019annoncer que notre po\u00eale<\/p>\n\t\t<\/div>\n\t\t\n\t\t<a class=\"elementor-post__read-more\" href=\"https:\/\/kunststoves.com\/fr\/https-www-kunst-com-fr-blog-poele-bois-double-face-kunst-vista-prix-design\/\" aria-label=\"En savoir plus sur &lt;strong&gt;Prix international pour le po\u00eale \u00e0 bois double face Kunst Vista&lt;\/strong&gt;\" tabindex=\"-1\" >\n\t\t\tEn savoir plus &gt;&gt;\t\t<\/a>\n\n\t\t\t\t<\/div>\n\t\t\t\t<div class=\"elementor-post__meta-data\">\n\t\t\t\t\t<span class=\"elementor-post-date\">\n\t\t\t05\/05\/2025\t\t<\/span>\n\t\t\t\t<span class=\"elementor-post-avatar\">\n\t\t\tAucun commentaire\t\t<\/span>\n\t\t\t\t<\/div>\n\t\t\t\t\t<\/div>\n\t\t<\/article>\n\t\t\t\t<article class=\"elementor-post elementor-grid-item post-6235 post type-post status-publish format-standard has-post-thumbnail hentry category-consejos-noticias-2-fr\" role=\"listitem\">\n\t\t\t<div class=\"elementor-post__card\">\n\t\t\t\t<a class=\"elementor-post__thumbnail__link\" href=\"https:\/\/kunststoves.com\/fr\/eliminer-humidite-maison-poeles\/\" tabindex=\"-1\" ><div class=\"elementor-post__thumbnail\"><img decoding=\"async\" width=\"934\" height=\"514\" src=\"https:\/\/kunststoves.com\/wp-content\/uploads\/2024\/11\/Formato-Portada-Blog-2.png\" class=\"attachment-full size-full wp-image-6223\" alt=\"\" srcset=\"https:\/\/kunststoves.com\/wp-content\/uploads\/2024\/11\/Formato-Portada-Blog-2.png 934w, https:\/\/kunststoves.com\/wp-content\/uploads\/2024\/11\/Formato-Portada-Blog-2-300x165.png 300w, https:\/\/kunststoves.com\/wp-content\/uploads\/2024\/11\/Formato-Portada-Blog-2-768x423.png 768w, https:\/\/kunststoves.com\/wp-content\/uploads\/2024\/11\/Formato-Portada-Blog-2-600x330.png 600w\" sizes=\"(max-width: 934px) 100vw, 934px\" \/><\/div><\/a>\n\t\t\t\t<div class=\"elementor-post__text\">\n\t\t\t\t<h3 class=\"elementor-post__title\">\n\t\t\t<a href=\"https:\/\/kunststoves.com\/fr\/eliminer-humidite-maison-poeles\/\" >\n\t\t\t\tComment \u00e9liminer l&rsquo;humidit\u00e9 d&rsquo;une maison avec des po\u00eales \u00e0 bois\t\t\t<\/a>\n\t\t<\/h3>\n\t\t\t\t<div class=\"elementor-post__excerpt\">\n\t\t\t<p>D\u00e9couvrez comment \u00e9liminer l&rsquo;humidit\u00e9 dans votre maison avec des po\u00eales \u00e0 bois : conseils sur la ventilation, les d\u00e9shumidificateurs et l&rsquo;utilisation efficace pour un environnement sec.<\/p>\n\t\t<\/div>\n\t\t\n\t\t<a class=\"elementor-post__read-more\" href=\"https:\/\/kunststoves.com\/fr\/eliminer-humidite-maison-poeles\/\" aria-label=\"En savoir plus sur Comment \u00e9liminer l&rsquo;humidit\u00e9 d&rsquo;une maison avec des po\u00eales \u00e0 bois\" tabindex=\"-1\" >\n\t\t\tEn savoir plus &gt;&gt;\t\t<\/a>\n\n\t\t\t\t<\/div>\n\t\t\t\t<div class=\"elementor-post__meta-data\">\n\t\t\t\t\t<span class=\"elementor-post-date\">\n\t\t\t18\/11\/2024\t\t<\/span>\n\t\t\t\t<span class=\"elementor-post-avatar\">\n\t\t\tAucun commentaire\t\t<\/span>\n\t\t\t\t<\/div>\n\t\t\t\t\t<\/div>\n\t\t<\/article>\n\t\t\t\t<article class=\"elementor-post elementor-grid-item post-6200 post type-post status-publish format-standard has-post-thumbnail hentry category-curiosidades-fr\" role=\"listitem\">\n\t\t\t<div class=\"elementor-post__card\">\n\t\t\t\t<a class=\"elementor-post__thumbnail__link\" href=\"https:\/\/kunststoves.com\/fr\/allumez-votre-poele-a-bois\/\" tabindex=\"-1\" ><div class=\"elementor-post__thumbnail\"><img decoding=\"async\" width=\"934\" height=\"514\" src=\"https:\/\/kunststoves.com\/wp-content\/uploads\/2024\/11\/Formato-Portada-Blog-1.png\" class=\"attachment-full size-full wp-image-6194\" alt=\"\" srcset=\"https:\/\/kunststoves.com\/wp-content\/uploads\/2024\/11\/Formato-Portada-Blog-1.png 934w, https:\/\/kunststoves.com\/wp-content\/uploads\/2024\/11\/Formato-Portada-Blog-1-300x165.png 300w, https:\/\/kunststoves.com\/wp-content\/uploads\/2024\/11\/Formato-Portada-Blog-1-768x423.png 768w, https:\/\/kunststoves.com\/wp-content\/uploads\/2024\/11\/Formato-Portada-Blog-1-600x330.png 600w\" sizes=\"(max-width: 934px) 100vw, 934px\" \/><\/div><\/a>\n\t\t\t\t<div class=\"elementor-post__text\">\n\t\t\t\t<h3 class=\"elementor-post__title\">\n\t\t\t<a href=\"https:\/\/kunststoves.com\/fr\/allumez-votre-poele-a-bois\/\" >\n\t\t\t\tAllumez votre po\u00eale \u00e0 bois en utilisant la bonne technique\t\t\t<\/a>\n\t\t<\/h3>\n\t\t\t\t<div class=\"elementor-post__excerpt\">\n\t\t\t<p>Allumez votre po\u00eale \u00e0 bois de mani\u00e8re efficace et s\u00fbre avec ces conseils pratiques : choisissez le bon bois, organisez bien le bois et contr\u00f4lez l&rsquo;air.<\/p>\n\t\t<\/div>\n\t\t\n\t\t<a class=\"elementor-post__read-more\" href=\"https:\/\/kunststoves.com\/fr\/allumez-votre-poele-a-bois\/\" aria-label=\"En savoir plus sur Allumez votre po\u00eale \u00e0 bois en utilisant la bonne technique\" tabindex=\"-1\" >\n\t\t\tEn savoir plus &gt;&gt;\t\t<\/a>\n\n\t\t\t\t<\/div>\n\t\t\t\t<div class=\"elementor-post__meta-data\">\n\t\t\t\t\t<span class=\"elementor-post-date\">\n\t\t\t14\/11\/2024\t\t<\/span>\n\t\t\t\t<span class=\"elementor-post-avatar\">\n\t\t\tAucun commentaire\t\t<\/span>\n\t\t\t\t<\/div>\n\t\t\t\t\t<\/div>\n\t\t<\/article>\n\t\t\t\t<article class=\"elementor-post elementor-grid-item post-6163 post type-post status-publish format-standard has-post-thumbnail hentry category-curiosidades-fr\" role=\"listitem\">\n\t\t\t<div class=\"elementor-post__card\">\n\t\t\t\t<a class=\"elementor-post__thumbnail__link\" href=\"https:\/\/kunststoves.com\/fr\/sante-et-la-qualite-de-lair\/\" tabindex=\"-1\" ><div class=\"elementor-post__thumbnail\"><img loading=\"lazy\" decoding=\"async\" width=\"934\" height=\"514\" src=\"https:\/\/kunststoves.com\/wp-content\/uploads\/2024\/11\/Formato-Portada-Blog.png\" class=\"attachment-full size-full wp-image-6152\" alt=\"\" srcset=\"https:\/\/kunststoves.com\/wp-content\/uploads\/2024\/11\/Formato-Portada-Blog.png 934w, https:\/\/kunststoves.com\/wp-content\/uploads\/2024\/11\/Formato-Portada-Blog-300x165.png 300w, https:\/\/kunststoves.com\/wp-content\/uploads\/2024\/11\/Formato-Portada-Blog-768x423.png 768w, https:\/\/kunststoves.com\/wp-content\/uploads\/2024\/11\/Formato-Portada-Blog-600x330.png 600w\" sizes=\"(max-width: 934px) 100vw, 934px\" \/><\/div><\/a>\n\t\t\t\t<div class=\"elementor-post__text\">\n\t\t\t\t<h3 class=\"elementor-post__title\">\n\t\t\t<a href=\"https:\/\/kunststoves.com\/fr\/sante-et-la-qualite-de-lair\/\" >\n\t\t\t\tComment les Po\u00eales \u00e0 Bois Am\u00e9liorent la Sant\u00e9 et la Qualit\u00e9 de l&rsquo;Air dans votre Maison\t\t\t<\/a>\n\t\t<\/h3>\n\t\t\t\t<div class=\"elementor-post__excerpt\">\n\t\t\t<p>Am\u00e9liorez la sant\u00e9 et la qualit\u00e9 de l&rsquo;air dans votre maison avec des po\u00eales \u00e0 bois modernes, efficaces et \u00e0 faibles \u00e9missions qui cr\u00e9ent une ambiance chaleureuse et propre.<\/p>\n\t\t<\/div>\n\t\t\n\t\t<a class=\"elementor-post__read-more\" href=\"https:\/\/kunststoves.com\/fr\/sante-et-la-qualite-de-lair\/\" aria-label=\"En savoir plus sur Comment les Po\u00eales \u00e0 Bois Am\u00e9liorent la Sant\u00e9 et la Qualit\u00e9 de l&rsquo;Air dans votre Maison\" tabindex=\"-1\" >\n\t\t\tEn savoir plus &gt;&gt;\t\t<\/a>\n\n\t\t\t\t<\/div>\n\t\t\t\t<div class=\"elementor-post__meta-data\">\n\t\t\t\t\t<span class=\"elementor-post-date\">\n\t\t\t11\/11\/2024\t\t<\/span>\n\t\t\t\t<span class=\"elementor-post-avatar\">\n\t\t\tAucun commentaire\t\t<\/span>\n\t\t\t\t<\/div>\n\t\t\t\t\t<\/div>\n\t\t<\/article>\n\t\t\t\t<article class=\"elementor-post elementor-grid-item post-4966 post type-post status-publish format-standard has-post-thumbnail hentry category-consejos-fr\" role=\"listitem\">\n\t\t\t<div class=\"elementor-post__card\">\n\t\t\t\t<a class=\"elementor-post__thumbnail__link\" href=\"https:\/\/kunststoves.com\/fr\/poele-crepite-t-il-de-la-fumee\/\" tabindex=\"-1\" ><div class=\"elementor-post__thumbnail\"><img loading=\"lazy\" decoding=\"async\" width=\"934\" height=\"514\" src=\"https:\/\/kunststoves.com\/wp-content\/uploads\/2024\/04\/Formato-Portada-Blog-1.png\" class=\"attachment-full size-full wp-image-4960\" alt=\"estufa le\u00f1a revoca humo\" srcset=\"https:\/\/kunststoves.com\/wp-content\/uploads\/2024\/04\/Formato-Portada-Blog-1.png 934w, https:\/\/kunststoves.com\/wp-content\/uploads\/2024\/04\/Formato-Portada-Blog-1-300x165.png 300w, https:\/\/kunststoves.com\/wp-content\/uploads\/2024\/04\/Formato-Portada-Blog-1-768x423.png 768w, https:\/\/kunststoves.com\/wp-content\/uploads\/2024\/04\/Formato-Portada-Blog-1-600x330.png 600w\" sizes=\"(max-width: 934px) 100vw, 934px\" \/><\/div><\/a>\n\t\t\t\t<div class=\"elementor-post__text\">\n\t\t\t\t<h3 class=\"elementor-post__title\">\n\t\t\t<a href=\"https:\/\/kunststoves.com\/fr\/poele-crepite-t-il-de-la-fumee\/\" >\n\t\t\t\tPourquoi mon po\u00eale cr\u00e9pite-t-il de la fum\u00e9e ? Conseils pour y rem\u00e9dier\t\t\t<\/a>\n\t\t<\/h3>\n\t\t\t\t<div class=\"elementor-post__excerpt\">\n\t\t\t<p>Des probl\u00e8mes de pl\u00e2tre de fum\u00e9e sur votre po\u00eale \u00e0 bois ? D\u00e9couvrez les causes et les solutions pour optimiser vos performances et votre s\u00e9curit\u00e9.<\/p>\n\t\t<\/div>\n\t\t\n\t\t<a class=\"elementor-post__read-more\" href=\"https:\/\/kunststoves.com\/fr\/poele-crepite-t-il-de-la-fumee\/\" aria-label=\"En savoir plus sur Pourquoi mon po\u00eale cr\u00e9pite-t-il de la fum\u00e9e ? Conseils pour y rem\u00e9dier\" tabindex=\"-1\" >\n\t\t\tEn savoir plus &gt;&gt;\t\t<\/a>\n\n\t\t\t\t<\/div>\n\t\t\t\t<div class=\"elementor-post__meta-data\">\n\t\t\t\t\t<span class=\"elementor-post-date\">\n\t\t\t09\/04\/2024\t\t<\/span>\n\t\t\t\t<span class=\"elementor-post-avatar\">\n\t\t\tAucun commentaire\t\t<\/span>\n\t\t\t\t<\/div>\n\t\t\t\t\t<\/div>\n\t\t<\/article>\n\t\t\t\t<article class=\"elementor-post elementor-grid-item post-4871 post type-post status-publish format-standard has-post-thumbnail hentry category-noticias-fr\" role=\"listitem\">\n\t\t\t<div class=\"elementor-post__card\">\n\t\t\t\t<a class=\"elementor-post__thumbnail__link\" href=\"https:\/\/kunststoves.com\/fr\/modele-vista\/\" tabindex=\"-1\" ><div class=\"elementor-post__thumbnail\"><img loading=\"lazy\" decoding=\"async\" width=\"934\" height=\"514\" src=\"https:\/\/kunststoves.com\/wp-content\/uploads\/2024\/04\/Formato-Portada-Blog.png\" class=\"attachment-full size-full wp-image-4866\" alt=\"kunst en proggeto fuoco - modelo vista\" srcset=\"https:\/\/kunststoves.com\/wp-content\/uploads\/2024\/04\/Formato-Portada-Blog.png 934w, https:\/\/kunststoves.com\/wp-content\/uploads\/2024\/04\/Formato-Portada-Blog-300x165.png 300w, https:\/\/kunststoves.com\/wp-content\/uploads\/2024\/04\/Formato-Portada-Blog-768x423.png 768w, https:\/\/kunststoves.com\/wp-content\/uploads\/2024\/04\/Formato-Portada-Blog-600x330.png 600w\" sizes=\"(max-width: 934px) 100vw, 934px\" \/><\/div><\/a>\n\t\t\t\t<div class=\"elementor-post__text\">\n\t\t\t\t<h3 class=\"elementor-post__title\">\n\t\t\t<a href=\"https:\/\/kunststoves.com\/fr\/modele-vista\/\" >\n\t\t\t\tPr\u00e9sentation du nouveau mod\u00e8le VISTA\t\t\t<\/a>\n\t\t<\/h3>\n\t\t\t\t<div class=\"elementor-post__excerpt\">\n\t\t\t<p> Kunst a expos\u00e9 son mod\u00e8le \u00ab QUERCUS STORE \u00bb \u00e0 fermeture automatique et a pr\u00e9sent\u00e9 le nouveau design \u00ab VISTA \u00bb \u00e0 la Foire internationale Progetto Fuoco 2024, se distinguant par son innovation et son engagement en faveur de la durabilit\u00e9.<\/p>\n\t\t<\/div>\n\t\t\n\t\t<a class=\"elementor-post__read-more\" href=\"https:\/\/kunststoves.com\/fr\/modele-vista\/\" aria-label=\"En savoir plus sur Pr\u00e9sentation du nouveau mod\u00e8le VISTA\" tabindex=\"-1\" >\n\t\t\tEn savoir plus &gt;&gt;\t\t<\/a>\n\n\t\t\t\t<\/div>\n\t\t\t\t<div class=\"elementor-post__meta-data\">\n\t\t\t\t\t<span class=\"elementor-post-date\">\n\t\t\t01\/04\/2024\t\t<\/span>\n\t\t\t\t<span class=\"elementor-post-avatar\">\n\t\t\tAucun commentaire\t\t<\/span>\n\t\t\t\t<\/div>\n\t\t\t\t\t<\/div>\n\t\t<\/article>\n\t\t\t\t<\/div>\n\t\t\n\t\t\t\t\t\t<\/div>\n\t\t\t\t<\/div>\n\t\t\t\t\t<\/div>\n\t\t<\/div>\n\t\t\t\t\t<\/div>\n\t\t<\/section>\n\t\t\t\t<\/div>\n\t\t","protected":false},"excerpt":{"rendered":"<p>Blog<\/p>\n","protected":false},"author":1,"featured_media":0,"parent":0,"menu_order":0,"comment_status":"closed","ping_status":"closed","template":"","meta":{"_acf_changed":false,"footnotes":""},"class_list":["post-2903","page","type-page","status-publish","hentry"],"acf":[],"_links":{"self":[{"href":"https:\/\/kunststoves.com\/fr\/wp-json\/wp\/v2\/pages\/2903","targetHints":{"allow":["GET"]}}],"collection":[{"href":"https:\/\/kunststoves.com\/fr\/wp-json\/wp\/v2\/pages"}],"about":[{"href":"https:\/\/kunststoves.com\/fr\/wp-json\/wp\/v2\/types\/page"}],"author":[{"embeddable":true,"href":"https:\/\/kunststoves.com\/fr\/wp-json\/wp\/v2\/users\/1"}],"replies":[{"embeddable":true,"href":"https:\/\/kunststoves.com\/fr\/wp-json\/wp\/v2\/comments?post=2903"}],"version-history":[{"count":1,"href":"https:\/\/kunststoves.com\/fr\/wp-json\/wp\/v2\/pages\/2903\/revisions"}],"predecessor-version":[{"id":2904,"href":"https:\/\/kunststoves.com\/fr\/wp-json\/wp\/v2\/pages\/2903\/revisions\/2904"}],"wp:attachment":[{"href":"https:\/\/kunststoves.com\/fr\/wp-json\/wp\/v2\/media?parent=2903"}],"curies":[{"name":"wp","href":"https:\/\/api.w.org\/{rel}","templated":true}]}}