{"id":4793,"date":"2023-01-16T17:21:19","date_gmt":"2023-01-16T16:21:19","guid":{"rendered":"https:\/\/kunststoves.com\/?page_id=4793"},"modified":"2024-03-26T16:24:00","modified_gmt":"2024-03-26T15:24:00","slug":"politica-dei-cookie","status":"publish","type":"page","link":"https:\/\/kunststoves.com\/it\/politica-dei-cookie\/","title":{"rendered":"POLITICA DEI COOKIE"},"content":{"rendered":"\t\t<div data-elementor-type=\"wp-page\" data-elementor-id=\"4793\" class=\"elementor elementor-4793 elementor-542\" data-elementor-post-type=\"page\">\n\t\t\t\t\t\t<section data-dce-background-overlay-color=\"#131313\" data-dce-background-image-url=\"http:\/\/kunststoves.com\/wp-content\/uploads\/2022\/12\/WILLOW-ambiente-scaled.jpg\" class=\"elementor-section elementor-top-section elementor-element elementor-element-3d7be9c elementor-section-stretched elementor-section-content-middle elementor-section-height-min-height elementor-section-boxed elementor-section-height-default elementor-section-items-middle\" data-id=\"3d7be9c\" data-element_type=\"section\" data-e-type=\"section\" data-settings=\"{&quot;stretch_section&quot;:&quot;section-stretched&quot;,&quot;background_background&quot;:&quot;classic&quot;}\">\n\t\t\t\t\t\t\t<div class=\"elementor-background-overlay\"><\/div>\n\t\t\t\t\t\t\t<div class=\"elementor-container elementor-column-gap-default\">\n\t\t\t\t\t<div class=\"elementor-column elementor-col-100 elementor-top-column elementor-element elementor-element-fa1895d\" data-id=\"fa1895d\" data-element_type=\"column\" data-e-type=\"column\">\n\t\t\t<div class=\"elementor-widget-wrap elementor-element-populated\">\n\t\t\t\t\t\t<div class=\"elementor-element elementor-element-a3c796c elementor-widget elementor-widget-spacer\" data-id=\"a3c796c\" data-element_type=\"widget\" data-e-type=\"widget\" data-widget_type=\"spacer.default\">\n\t\t\t\t<div class=\"elementor-widget-container\">\n\t\t\t\t\t\t\t<div class=\"elementor-spacer\">\n\t\t\t<div class=\"elementor-spacer-inner\"><\/div>\n\t\t<\/div>\n\t\t\t\t\t\t<\/div>\n\t\t\t\t<\/div>\n\t\t\t\t<div class=\"elementor-element elementor-element-7ecaac4 elementor-widget elementor-widget-heading\" data-id=\"7ecaac4\" data-element_type=\"widget\" data-e-type=\"widget\" data-widget_type=\"heading.default\">\n\t\t\t\t<div class=\"elementor-widget-container\">\n\t\t\t\t\t<h2 class=\"elementor-heading-title elementor-size-default\">POLITICA DEI COOKIE<\/h2>\t\t\t\t<\/div>\n\t\t\t\t<\/div>\n\t\t\t\t<div class=\"elementor-element elementor-element-bb93ccc elementor-widget-divider--view-line elementor-widget elementor-widget-divider\" data-id=\"bb93ccc\" data-element_type=\"widget\" data-e-type=\"widget\" data-widget_type=\"divider.default\">\n\t\t\t\t<div class=\"elementor-widget-container\">\n\t\t\t\t\t\t\t<div class=\"elementor-divider\">\n\t\t\t<span class=\"elementor-divider-separator\">\n\t\t\t\t\t\t<\/span>\n\t\t<\/div>\n\t\t\t\t\t\t<\/div>\n\t\t\t\t<\/div>\n\t\t\t\t\t<\/div>\n\t\t<\/div>\n\t\t\t\t\t<\/div>\n\t\t<\/section>\n\t\t\t\t<section class=\"elementor-section elementor-top-section elementor-element elementor-element-7cf6e608 elementor-section-boxed elementor-section-height-default elementor-section-height-default\" data-id=\"7cf6e608\" data-element_type=\"section\" data-e-type=\"section\">\n\t\t\t\t\t\t<div class=\"elementor-container elementor-column-gap-default\">\n\t\t\t\t\t<div class=\"elementor-column elementor-col-100 elementor-top-column elementor-element elementor-element-2d197f4f\" data-id=\"2d197f4f\" data-element_type=\"column\" data-e-type=\"column\">\n\t\t\t<div class=\"elementor-widget-wrap elementor-element-populated\">\n\t\t\t\t\t\t<div class=\"elementor-element elementor-element-736161e1 elementor-widget elementor-widget-text-editor\" data-id=\"736161e1\" data-element_type=\"widget\" data-e-type=\"widget\" data-widget_type=\"text-editor.default\">\n\t\t\t\t<div class=\"elementor-widget-container\">\n\t\t\t\t\t\t\t\t\t<p><\/p>\n<p>Benvenuti nella POLITICA DEI COOKIES del sito web dell&#8217;entit\u00e0 Panadero AB SL, con codice fiscale B02612604, dove vi spiegheremo in un linguaggio chiaro e semplice tutte le questioni necessarie affinch\u00e9 possiate averne il controllo in base alle vostre decisioni personali.<\/p>\n<p><\/p>\n<p><\/p>\n<p><b>COSA SONO I COOKIE E PER COSA LI UTILIZZIAMO?<\/b><\/p>\n<p><\/p>\n<p><\/p>\n<p>Un cookie \u00e8 un piccolo file di informazioni che viene memorizzato sul tuo computer, smartphone o tablet ogni volta che visiti il nostro sito web.<\/p>\n<p><\/p>\n<p><\/p>\n<p>In linea di principio, un cookie \u00e8 innocuo: non contiene virus, trojan, worm, ecc. che possono danneggiare il tuo dispositivo, ma ha un certo impatto sul tuo diritto alla protezione dei tuoi dati personali, in quanto raccoglie determinate informazioni che ti riguardano (abitudini di navigazione, identit\u00e0, preferenze, ecc.).<\/p>\n<p><\/p>\n<p><\/p>\n<p>Per questo motivo, in base a quanto previsto dalla normativa applicabile (LSSI e normativa vigente in materia di protezione dei dati personali), l&#8217;attivazione di alcuni tipi di cookie richieder\u00e0 la tua preventiva autorizzazione.<\/p>\n<p><\/p>\n<p><\/p>\n<p>Prima di ci\u00f2, ti forniremo alcune informazioni aggiuntive che ti aiuteranno a prendere decisioni migliori al riguardo:<\/p>\n<p><\/p>\n<p><\/p>\n<ol><p><\/p>\n<li><b>I cookie possono essere di vario tipo a seconda della loro finalit\u00e0:<\/b><\/li>\n<p><\/p>\n<\/ol>\n<p><\/p>\n<p><\/p>\n<p><b>I cookie tecnici sono necessari per il funzionamento del nostro sito web, non richiedono la tua autorizzazione e sono gli unici che abbiamo attivato di default.<\/b><\/p>\n<p><\/p>\n<p><\/p>\n<p>l resto dei cookie viene utilizzato per migliorare il nostro sito web, per personalizzarlo in base alle tue preferenze o per poterti mostrare pubblicit\u00e0 su misura per le tue ricerche, i tuoi gusti e i tuoi interessi personali. Puoi accettare tutti questi cookie cliccando sul pulsante ACCETTO oppure configurarne o rifiutarne l&#8217;utilizzo cliccando sulla sezione IMPOSTAZIONI COOKIE.<\/p>\n<p><\/p>\n<p><\/p>\n<ol start=\"2\"><p><\/p>\n<li>Alcuni cookie sono nostri (li chiameremo cookie di prima parte) e altri appartengono a societ\u00e0 esterne che forniscono servizi per il nostro sito web (li chiameremo cookie di terze parti: un esempio potrebbero essere i cookie di fornitori terzi come Google). A questo proposito, \u00e8 importante che tu sappia che alcuni di questi fornitori di terze parti potrebbero trovarsi al di fuori della Spagna.<\/li>\n<p><\/p>\n<\/ol>\n<p><\/p>\n<p><\/p>\n<p>A livello globale, non tutti i paesi hanno lo stesso livello di protezione dei dati, poich\u00e9 alcuni paesi sono pi\u00f9 sicuri di altri (ad esempio, l&#8217;Unione Europea \u00e8 un ambiente sicuro per i tuoi dati). La nostra politica \u00e8 quella di utilizzare fornitori affidabili che, indipendentemente dal fatto che si trovino o meno nell&#8217;Unione Europea, abbiano messo in atto adeguate misure di salvaguardia per la protezione delle informazioni personali dell&#8217;utente. Tuttavia, nella sezione intitolata QUALI TIPI DI COOKIE SONO ATTUALMENTE UTILIZZATI SUL NOSTRO SITO WEB?, \u00e8 possibile consultare le diverse politiche sulla privacy e sulla protezione dei dati di ciascuno dei suddetti fornitori esterni, al fine di prendere una decisione informata sull&#8217;attivazione o meno dei cookie di terze parti utilizzati dal nostro sito web.<\/p>\n<p><\/p>\n<p><\/p>\n<ol start=\"3\"><p><\/p>\n<li>Segnaliamo infine che, a seconda del periodo di tempo in cui rimangono attivi, i cookie possono essere di due tipi:<\/li>\n<p><\/p>\n<\/ol>\n<p><\/p>\n<p><\/p>\n<p>Cookie di sessione: scadono automaticamente quando si termina la sessione sul computer, smartphone o tablet. Di solito vengono utilizzati per conservare le informazioni necessarie durante la fornitura di un servizio all&#8217;utente in una singola occasione.<\/p>\n<p><\/p>\n<p><\/p>\n<p>Cookie persistenti: rimangono memorizzati sul tuo computer, smartphone o tablet per un certo periodo di tempo, che pu\u00f2 variare da pochi minuti a diversi anni.<\/p>\n<p><\/p>\n<p><\/p>\n<p>CHE TIPO DI COOKIE POSSIAMO UTILIZZARE SUL NOSTRO SITO WEB?<\/p>\n<p><\/p>\n<p><\/p>\n<p>\u2013 Cookie tecnici:<\/p>\n<p><\/p>\n<p><\/p>\n<p>I cookie di analisi ci consentono di studiare la navigazione degli utenti del nostro sito web in generale (ad es. quali sezioni del sito web sono pi\u00f9 visitate, quali servizi vengono utilizzati di pi\u00f9 e se funzionano correttamente, ecc.).<\/p>\n<p><\/p>\n<p><\/p>\n<p>Sulla base delle informazioni statistiche sulla navigazione sul nostro sito web, possiamo migliorare sia il funzionamento del sito web stesso che i diversi servizi che offre. Pertanto, questi cookie non hanno uno scopo pubblicitario, ma servono solo a far funzionare meglio il nostro sito web, adattandolo ai nostri utenti in generale. Attivandoli, contribuirai a questo miglioramento continuo.<\/p>\n<p><\/p>\n<p><\/p>\n<p>\u2013 Cookie di analisi:<\/p>\n<p><\/p>\n<p><\/p>\n<p>I cookie di analisi ci consentono di studiare la navigazione degli utenti del nostro sito web in generale (ad es. quali sezioni del sito web sono pi\u00f9 visitate, quali servizi vengono utilizzati di pi\u00f9 e se funzionano correttamente, ecc.).<\/p>\n<p><\/p>\n<p><\/p>\n<p>Sulla base delle informazioni statistiche sulla navigazione sul nostro sito web, possiamo migliorare sia il funzionamento del sito web stesso che i diversi servizi che offre. Pertanto, questi cookie non hanno uno scopo pubblicitario, ma servono solo a far funzionare meglio il nostro sito web, adattandolo ai nostri utenti in generale. Attivandoli, contribuirai a questo miglioramento continuo.<\/p>\n<p><\/p>\n<p><\/p>\n<p>\u00c8 possibile attivare o disattivare questi cookie selezionando la casella corrispondente, che \u00e8 disabilitata per impostazione predefinita.<\/p>\n<p><\/p>\n<p><\/p>\n<p>\u2013 Cookie di funzionalit\u00e0 e personalizzazione:<\/p>\n<p><\/p>\n<p><\/p>\n<p>I cookie di funzionalit\u00e0 ci consentono di ricordare le tue preferenze, al fine di adattare determinate funzionalit\u00e0 e opzioni generali del nostro sito Web alle tue esigenze, ogni volta che accedi ad esso (ad es. la lingua in cui ti vengono presentate le informazioni, le sezioni contrassegnate come preferite, il tipo di browser, ecc.).<\/p>\n<p><\/p>\n<p><\/p>\n<p>Pertanto, questi tipi di cookie non hanno uno scopo pubblicitario, ma attivandoli migliorerai la funzionalit\u00e0 del sito web (ad esempio, adattandoti al tuo tipo di browser) e la personalizzazione dello stesso in base alle tue preferenze (ad esempio, presentando le informazioni nella lingua che hai scelto in precedenti occasioni), il che contribuir\u00e0 alla facilit\u00e0, Usabilit\u00e0 e comfort del nostro sito web durante la navigazione.<\/p>\n<p><\/p>\n<p><\/p>\n<p>\u00c8 possibile attivare o disattivare questi cookie selezionando la casella corrispondente, che \u00e8 disabilitata per impostazione predefinita.<\/p>\n<p><\/p>\n<p><\/p>\n<p>\u2013 &nbsp;Cookie pubblicitari:<\/p>\n<p><\/p>\n<p><\/p>\n<p>I cookie pubblicitari ci consentono di gestire gli spazi pubblicitari inclusi nel nostro sito web in base a criteri come il contenuto visualizzato o la frequenza con cui vengono visualizzati gli annunci.<\/p>\n<p><\/p>\n<p><\/p>\n<p>Ad esempio, se ti \u00e8 stato mostrato pi\u00f9 volte lo stesso annuncio sul nostro sito web e non hai mostrato un interesse personale facendo clic su di esso, non apparir\u00e0 pi\u00f9. In breve, attivando questo tipo di cookie, la pubblicit\u00e0 visualizzata sul nostro sito web sar\u00e0 pi\u00f9 utile e diversificata, e meno ripetitiva.<\/p>\n<p><\/p>\n<p><\/p>\n<p>\u00c8 possibile attivare o disattivare questi cookie selezionando la casella corrispondente, che \u00e8 disabilitata per impostazione predefinita.<\/p>\n<p><\/p>\n<p><\/p>\n<p>\u2013 Cookie di pubblicit\u00e0 comportamentale:<\/p>\n<p><\/p>\n<p><\/p>\n<p>I cookie di pubblicit\u00e0 comportamentale ci consentono di ottenere informazioni basate sull&#8217;osservazione delle tue abitudini di navigazione e dei tuoi comportamenti sul web, al fine di poterti mostrare contenuti pubblicitari che meglio si adattano ai tuoi gusti e interessi personali.<\/p>\n<p><\/p>\n<p><\/p>\n<p>Per semplificare, ti faremo un esempio fittizio: se le tue ultime ricerche sul web fossero legate alla letteratura di suspense, ti mostreremmo annunci di libri thriller.<\/p>\n<p><\/p>\n<p><\/p>\n<p>Pertanto, attivando questo tipo di cookie, la pubblicit\u00e0 che ti mostriamo sul nostro sito web non sar\u00e0 generica, ma sar\u00e0 orientata alle tue ricerche, ai tuoi gusti e ai tuoi interessi, adattandosi quindi esclusivamente a te.<\/p>\n<p><\/p>\n<p><\/p>\n<p>\u00c8 possibile attivare o disattivare questi cookie selezionando la casella corrispondente, che \u00e8 disabilitata per impostazione predefinita.<\/p>\n<p><\/p>\n<p><\/p>\n<p>CHE TIPO DI COOKIE SONO ATTUALMENTE UTILIZZATI SUL NOSTRO SITO WEB?<\/p>\n<p><\/p>\n<p><\/p>\n<p>Di seguito, procediamo ad informarti su tutti i tipi di cookie attualmente utilizzati sul nostro sito Web e sullo scopo di ciascuno di essi:<\/p>\n<p><\/p>\n<p><\/p>\n<p>Tipo di cookie<\/p>\n<p><\/p>\n<p><\/p>\n<p>Finalit\u00e0<\/p>\n<p><\/p>\n<p><\/p>\n<p>Entit\u00e0 responsabile e link alla sua politica sulla privacy e sulla protezione dei dati<\/p>\n<p><\/p>\n<p><\/p>\n<p>Intervallo di tempo (sessione\/persistente)<\/p>\n<p><\/p>\n<p><\/p>\n<p>COSA SI PU\u00d2 FARE CON I COOKIE?<\/p>\n<p><\/p>\n<p><\/p>\n<p>Quando accedi al nostro sito web per la prima volta, ti viene presentata una finestra in cui ti informiamo che i cookie possono essere di vari tipi:<\/p>\n<p><\/p>\n<p><\/p>\n<p>I cookie tecnici sono necessari per il funzionamento del nostro sito web, non richiedono la tua autorizzazione e sono gli unici che abbiamo attivato di default.<\/p>\n<p><\/p>\n<p><\/p>\n<p>Il resto dei cookie viene utilizzato per migliorare il nostro sito web, per personalizzarlo in base alle tue preferenze o per poterti mostrare pubblicit\u00e0 su misura per le tue ricerche, i tuoi gusti e i tuoi interessi personali. Puoi accettare tutti questi cookie cliccando sul pulsante ACCETTO oppure configurarne o rifiutarne l&#8217;utilizzo cliccando sulla sezione IMPOSTAZIONI COOKIE.<\/p>\n<p><\/p>\n<p><\/p>\n<p>&#8220;Desideriamo inoltre informarti che, una volta attivato qualsiasi tipo di cookie, hai la possibilit\u00e0 di disattivarli in qualsiasi momento, semplicemente deselezionando la casella corrispondente nella sezione IMPOSTAZIONI COOKIE del nostro sito web. Attivare i nostri cookie di prima parte sar\u00e0 sempre facile come lo \u00e8 disattivarli.<\/p>\n<p><\/p>\n<p><\/p>\n<p>Ti ricordiamo inoltre che, attraverso le impostazioni del tuo browser, puoi bloccare o avvisarti della presenza di cookie, sebbene tale blocco possa influire sul corretto funzionamento delle diverse funzionalit\u00e0 del nostro sito web nel caso di cookie tecnici necessari.<\/p>\n<p><\/p>\n<p><\/p>\n<p>Infine, se attivi cookie di terze parti (societ\u00e0 esterne che forniscono servizi per il nostro sito web) e successivamente desideri disattivarli, puoi farlo in due modi: utilizzando gli strumenti di disattivazione dei cookie del tuo browser o attraverso i sistemi abilitati da questi fornitori esterni.<\/p>\n<p><\/p>\n<p><\/p>\n<p>Per renderti le cose molto pi\u00f9 facili, ecco una serie di link alle linee guida per la disabilitazione dei cookie per i browser pi\u00f9 comuni:<\/p>\n<p><\/p>\n<p><\/p>\n<p>\u2013 Google Chrome.<\/p>\n<p><\/p>\n<p><\/p>\n<p>\u2013 Mozilla Firefox.<\/p>\n<p><\/p>\n<p><\/p>\n<p>\u2013 Internet Explorer.<\/p>\n<p><\/p>\n<p><\/p>\n<p>\u2013 Safari.<\/p>\n<p><\/p>\n<p><\/p>\n<p>\u2013 Safari for iOS (iPhone and iPad).<\/p>\n<p><\/p>\n<p><\/p>\n<p>\u2013 Google Chrome for Android.<\/p>\n<p><\/p>\n<p><\/p>\n<p>\u2013 Google Chrome for iPhone and iPad.<\/p>\n<p><\/p>\n<p><\/p>\n<p>Allo stesso modo, elenchiamo i link ai propri sistemi abilitati da ciascuno dei suddetti fornitori esterni per la disattivazione dei loro cookie&#8221;<\/p>\n<p><\/p>\n<p><\/p>\n<p><b>Grazie mille per la vostra collaborazione<\/b><\/p>\n<p><\/p>\t\t\t\t\t\t\t\t<\/div>\n\t\t\t\t<\/div>\n\t\t\t\t\t<\/div>\n\t\t<\/div>\n\t\t\t\t\t<\/div>\n\t\t<\/section>\n\t\t\t\t<\/div>\n\t\t","protected":false},"excerpt":{"rendered":"<p>Benvenuti nella POLITICA DEI COOKIES del sito web dell&#8217;entit\u00e0 Panadero AB SL, con codice fiscale B02612604, dove vi spiegheremo in un linguaggio chiaro e semplice tutte le questioni necessarie affinch\u00e9 possiate averne il controllo in base alle vostre decisioni personali. COSA SONO I COOKIE E PER COSA LI UTILIZZIAMO? Un cookie \u00e8 un piccolo file [&hellip;]<\/p>\n","protected":false},"author":1,"featured_media":0,"parent":0,"menu_order":0,"comment_status":"closed","ping_status":"closed","template":"","meta":{"_acf_changed":false,"footnotes":""},"class_list":["post-4793","page","type-page","status-publish","hentry"],"acf":[],"_links":{"self":[{"href":"https:\/\/kunststoves.com\/it\/wp-json\/wp\/v2\/pages\/4793","targetHints":{"allow":["GET"]}}],"collection":[{"href":"https:\/\/kunststoves.com\/it\/wp-json\/wp\/v2\/pages"}],"about":[{"href":"https:\/\/kunststoves.com\/it\/wp-json\/wp\/v2\/types\/page"}],"author":[{"embeddable":true,"href":"https:\/\/kunststoves.com\/it\/wp-json\/wp\/v2\/users\/1"}],"replies":[{"embeddable":true,"href":"https:\/\/kunststoves.com\/it\/wp-json\/wp\/v2\/comments?post=4793"}],"version-history":[{"count":5,"href":"https:\/\/kunststoves.com\/it\/wp-json\/wp\/v2\/pages\/4793\/revisions"}],"predecessor-version":[{"id":4835,"href":"https:\/\/kunststoves.com\/it\/wp-json\/wp\/v2\/pages\/4793\/revisions\/4835"}],"wp:attachment":[{"href":"https:\/\/kunststoves.com\/it\/wp-json\/wp\/v2\/media?parent=4793"}],"curies":[{"name":"wp","href":"https:\/\/api.w.org\/{rel}","templated":true}]}}