{"id":4803,"date":"2023-01-12T18:25:12","date_gmt":"2023-01-12T17:25:12","guid":{"rendered":"https:\/\/kunststoves.com\/politica-sulla-privacy\/"},"modified":"2024-03-26T12:09:26","modified_gmt":"2024-03-26T11:09:26","slug":"politica-sulla-privacy","status":"publish","type":"page","link":"https:\/\/kunststoves.com\/it\/politica-sulla-privacy\/","title":{"rendered":"Politica sulla privacy"},"content":{"rendered":"\t\t<div data-elementor-type=\"wp-page\" data-elementor-id=\"4803\" class=\"elementor elementor-4803 elementor-209\" data-elementor-post-type=\"page\">\n\t\t\t\t\t\t<section data-dce-background-overlay-color=\"#131313\" data-dce-background-image-url=\"http:\/\/kunststoves.com\/wp-content\/uploads\/2022\/12\/WILLOW-ambiente-scaled.jpg\" class=\"elementor-section elementor-top-section elementor-element elementor-element-69d9f4f elementor-section-stretched elementor-section-content-middle elementor-section-height-min-height elementor-section-boxed elementor-section-height-default elementor-section-items-middle\" data-id=\"69d9f4f\" data-element_type=\"section\" data-e-type=\"section\" data-settings=\"{&quot;stretch_section&quot;:&quot;section-stretched&quot;,&quot;background_background&quot;:&quot;classic&quot;}\">\n\t\t\t\t\t\t\t<div class=\"elementor-background-overlay\"><\/div>\n\t\t\t\t\t\t\t<div class=\"elementor-container elementor-column-gap-default\">\n\t\t\t\t\t<div class=\"elementor-column elementor-col-100 elementor-top-column elementor-element elementor-element-c7fa4df\" data-id=\"c7fa4df\" data-element_type=\"column\" data-e-type=\"column\">\n\t\t\t<div class=\"elementor-widget-wrap elementor-element-populated\">\n\t\t\t\t\t\t<div class=\"elementor-element elementor-element-8e3cf72 elementor-widget elementor-widget-spacer\" data-id=\"8e3cf72\" data-element_type=\"widget\" data-e-type=\"widget\" data-widget_type=\"spacer.default\">\n\t\t\t\t<div class=\"elementor-widget-container\">\n\t\t\t\t\t\t\t<div class=\"elementor-spacer\">\n\t\t\t<div class=\"elementor-spacer-inner\"><\/div>\n\t\t<\/div>\n\t\t\t\t\t\t<\/div>\n\t\t\t\t<\/div>\n\t\t\t\t<div class=\"elementor-element elementor-element-c6ea2c7 elementor-widget elementor-widget-heading\" data-id=\"c6ea2c7\" data-element_type=\"widget\" data-e-type=\"widget\" data-widget_type=\"heading.default\">\n\t\t\t\t<div class=\"elementor-widget-container\">\n\t\t\t\t\t<h2 class=\"elementor-heading-title elementor-size-default\">Politica sulla privacy<\/h2>\t\t\t\t<\/div>\n\t\t\t\t<\/div>\n\t\t\t\t<div class=\"elementor-element elementor-element-459f3d7 elementor-widget-divider--view-line elementor-widget elementor-widget-divider\" data-id=\"459f3d7\" data-element_type=\"widget\" data-e-type=\"widget\" data-widget_type=\"divider.default\">\n\t\t\t\t<div class=\"elementor-widget-container\">\n\t\t\t\t\t\t\t<div class=\"elementor-divider\">\n\t\t\t<span class=\"elementor-divider-separator\">\n\t\t\t\t\t\t<\/span>\n\t\t<\/div>\n\t\t\t\t\t\t<\/div>\n\t\t\t\t<\/div>\n\t\t\t\t\t<\/div>\n\t\t<\/div>\n\t\t\t\t\t<\/div>\n\t\t<\/section>\n\t\t\t\t<section class=\"elementor-section elementor-top-section elementor-element elementor-element-12778330 elementor-section-boxed elementor-section-height-default elementor-section-height-default\" data-id=\"12778330\" data-element_type=\"section\" data-e-type=\"section\">\n\t\t\t\t\t\t<div class=\"elementor-container elementor-column-gap-default\">\n\t\t\t\t\t<div class=\"elementor-column elementor-col-100 elementor-top-column elementor-element elementor-element-39a4e5ec\" data-id=\"39a4e5ec\" data-element_type=\"column\" data-e-type=\"column\">\n\t\t\t<div class=\"elementor-widget-wrap elementor-element-populated\">\n\t\t\t\t\t\t<div class=\"elementor-element elementor-element-5f444dea elementor-widget elementor-widget-text-editor\" data-id=\"5f444dea\" data-element_type=\"widget\" data-e-type=\"widget\" data-widget_type=\"text-editor.default\">\n\t\t\t\t<div class=\"elementor-widget-container\">\n\t\t\t\t\t\t\t\t\t<h2>DATI IDENTIFICATIVI<\/h2>\r\n1. Stai visitando il sito web kunststoves.com di propriet\u00e0 della PANADERO AB, S. L., con sede legale in POL\u00cdGONO INDUSTRIAL CAMPOLLANO, AVENIDA 5, NOS. 13-15. 02007 ALBACETE \u2013 SPAGNA, con NIF B02612604, iscritta al Registro delle Imprese di Albacete, nel volume 407, Foglio 221, Pagina AB-3910, di seguito IL PROPRIETARIO.\r\n\r\nPuoi contattare il TITOLARE in uno dei seguenti modi:\r\n<ul>\r\n \t<li>Telefono: +34 967 592 400<\/li>\r\n \t<li>E-mail di contatto: panadero@panadero.com<\/li>\r\n \t<li>E-mail di contatto: panadero@panadero.com<\/li>\r\n<\/ul>\r\n<h2>Utenti<\/h2>\r\n2. Lo scopo di questi termini e condizioni (di seguito l&#8217;Avviso Legale) \u00e8 quello di regolare l&#8217;uso del sito web del PROPRIETARIO, che mette a disposizione del pubblico.\r\n\r\nL&#8217;accesso e\/o l&#8217;utilizzo di questo sito web conferisce lo status di UTENTE, che accetta, a partire da tale accesso e\/o utilizzo, le condizioni generali d&#8217;uso qui riportate. Le suddette condizioni si applicheranno indipendentemente dai termini e dalle condizioni generali di contratto che possono essere obbligatorie.\r\n<h2>UTILIZZO DEL PORTALE<\/h2>\r\n3. www.kunststove.com fornisce l&#8217;accesso a una moltitudine di informazioni, servizi, programmi o dati (di seguito, &#8220;i contenuti&#8221;) su Internet appartenenti al PROPRIETARIO o ai suoi licenziatari a cui l&#8217;UTENTE pu\u00f2 avere accesso.\r\n\r\nL&#8217;utente si assume la responsabilit\u00e0 dell&#8217;utilizzo del portale. Questa responsabilit\u00e0 si estende alla registrazione che potrebbe essere necessaria per accedere a determinati servizi o contenuti. In questa registrazione, l&#8217;UTENTE sar\u00e0 responsabile di fornire informazioni veritiere e lecite. A seguito di tale registrazione, all&#8217;UTENTE potr\u00e0 essere fornita una password di cui sar\u00e0 responsabile, impegnandosi a farne un uso diligente e confidenziale.\r\n\r\nL&#8217;UTENTE si impegna a fare un uso appropriato dei contenuti e dei servizi (ad es. servizi di chat, forum di discussione o newsgroup) che IL TITOLARE offre attraverso il suo portale e, a titolo esemplificativo ma non esaustivo, a non utilizzarli per:\r\n<ul>\r\n \t<li>Svolgere attivit\u00e0 illecite, illegali o contrarie alla buona fede e all&#8217;ordine pubblico.<\/li>\r\n \t<li>Diffondere contenuti o propaganda razzista, xenofoba, pornografico-illegale, a sostegno del terrorismo o in violazione dei diritti umani.<\/li>\r\n \t<li>Causare danni ai sistemi fisici e logici di PANADERO AB, S.L., dei suoi fornitori o di terzi, introdurre o diffondere virus informatici o qualsiasi altro sistema fisico o logico che possa causare i suddetti danni.<\/li>\r\n \t<li>Tentare di accedere e, se del caso, utilizzare gli account di posta elettronica di altri utenti e modificare o manipolare i loro messaggi.<\/li>\r\n \t<li>Utilizzare il sito web o le informazioni in esso contenute per scopi commerciali, politici, pubblicitari o per qualsiasi altro uso commerciale, in particolare per l&#8217;invio di e-mail non richieste.<\/li>\r\n<\/ul>\r\nIL TITOLARE si riserva il diritto di rimuovere tutti i commenti e i contributi che violano il rispetto della dignit\u00e0 della persona, che siano discriminatori, xenofobi, razzisti, pornografici, che minaccino la giovinezza o l&#8217;infanzia, l&#8217;ordine pubblico o la sicurezza o che, a suo parere, non siano adatti alla pubblicazione. In ogni caso, IL TITOLARE non sar\u00e0 responsabile delle opinioni espresse dagli utenti attraverso forum, chat o altri strumenti di partecipazione.\r\n<h2>PROTEZIONE DEI DATI<\/h2>\r\n4. Tutto ci\u00f2 che riguarda la politica di protezione dei dati \u00e8 indicato nel documento di informativa sulla privacy.\r\n<h2>CONTENUTO. PROPRIET\u00c0 INTELLETTUALE E INDUSTRIALE<\/h2>\r\n5. IL TITOLARE \u00e8 titolare di tutti i diritti di propriet\u00e0 intellettuale e industriale del suo sito web, nonch\u00e9 degli elementi in esso contenuti (tra cui: immagini, fotografie, suoni, audio, video, software o testi; marchi o loghi, combinazioni di colori, struttura e design, selezione dei materiali utilizzati, programmi informatici necessari per il suo funzionamento, l&#8217;accesso e l&#8217;utilizzo, ecc.), di propriet\u00e0 del TITOLARE o dei suoi licenziatari.\r\n\r\nTutti i diritti riservati. In virt\u00f9 delle disposizioni degli articoli 8 e 32.1, secondo comma, della Legge sulla Propriet\u00e0 Intellettuale, la riproduzione, la distribuzione e la comunicazione pubblica, compreso il metodo di messa a disposizione, di tutto o parte dei contenuti di questo sito web, per scopi commerciali, su qualsiasi supporto e con qualsiasi mezzo tecnico, sono espressamente vietati. senza l&#8217;autorizzazione del TITOLARE.\r\n<h2>ESCLUSIONE DI GARANZIE E RESPONSABILIT\u00c0<\/h2>\r\n6. L&#8217;UTENTE riconosce che l&#8217;utilizzo del sito web e dei suoi contenuti e servizi avviene sotto la sua esclusiva responsabilit\u00e0. Nello specifico, a titolo esemplificativo, IL TITOLARE non si assume alcuna responsabilit\u00e0 nei seguenti ambiti:\r\n<ol>\r\n \t<li>La disponibilit\u00e0 del funzionamento del sito web, dei suoi servizi e contenuti e la sua qualit\u00e0 o interoperabilit\u00e0.<\/li>\r\n \t<li>Lo scopo per il quale il sito web serve gli obiettivi dell&#8217;UTENTE.<\/li>\r\n \t<li>La violazione della legislazione vigente da parte dell&#8217;UTENTE o di terzi e, in particolare, dei diritti di propriet\u00e0 intellettuale e industriale di propriet\u00e0 di altre persone o entit\u00e0.<\/li>\r\n \t<li>L&#8217;esistenza di codice dannoso o di qualsiasi altro elemento informatico dannoso che possa causare il sistema informatico dell&#8217;UTENTE o di terzi. \u00c8 responsabilit\u00e0 dell&#8217;UTENTE, in ogni caso, dotarsi di strumenti adeguati per la rilevazione e la disinfezione di tali elementi.<\/li>\r\n \t<li>Accesso fraudolento ai contenuti o ai servizi da parte di terzi non autorizzati o, se del caso, acquisizione, eliminazione, alterazione, modifica o manipolazione di messaggi e comunicazioni di qualsiasi tipo che tali terzi possano effettuare.<\/li>\r\n \t<li>L&#8217;accuratezza, la veridicit\u00e0, la tempestivit\u00e0 e l&#8217;utilit\u00e0 dei contenuti e dei servizi offerti e il successivo utilizzo che ne fa l&#8217;UTENTE. IL PROPRIETARIO far\u00e0 tutto il possibile per fornire informazioni aggiornate e affidabili.<\/li>\r\n \t<li>Danni causati alle apparecchiature informatiche durante l&#8217;accesso al sito web e danni causati agli UTENTI quando causati da guasti o disconnessioni nelle reti di telecomunicazioni che interrompono il servizio.<\/li>\r\n \t<li>Danni derivanti da circostanze derivanti da caso fortuito o forza maggiore.<\/li>\r\n<\/ol>\r\nNel caso in cui esistano forum, l&#8217;utilizzo degli stessi o di altri spazi simili, si deve tenere conto che i messaggi riflettono solo l&#8217;opinione dell&#8217;UTENTE che li invia, che \u00e8 l&#8217;unico responsabile. IL TITOLARE non \u00e8 responsabile del contenuto dei messaggi inviati dall&#8217;UTENTE.\r\n<h2>\u00a0MODIFICA DEL PRESENTE AVVISO LEGALE E DURATA<\/h2>\r\n7. IL PROPRIETARIO si riserva il diritto di apportare qualsiasi modifica che ritenga opportuna al suo portale senza preavviso e pu\u00f2 cambiare, eliminare o aggiungere tutti i contenuti e i servizi forniti attraverso di esso, nonch\u00e9 il modo in cui sono rappresentati o situati sul suo portale.\r\n\r\nLa validit\u00e0 delle suddette condizioni dipender\u00e0 dalla loro presentazione e saranno in vigore fino a quando non saranno modificate da altre debitamente pubblicate.\r\n<h2>Collegamenti<\/h2>\r\n8. Nel caso in cui in kunststoves.com siano inclusi collegamenti o collegamenti ipertestuali ad altri siti Internet, IL TITOLARE non eserciter\u00e0 alcun tipo di controllo su tali siti e contenuti. In nessun caso IL PROPRIETARIO si assumer\u00e0 alcuna responsabilit\u00e0 per il contenuto di qualsiasi collegamento appartenente a un sito Web di terzi, n\u00e9 garantir\u00e0 la disponibilit\u00e0 tecnica, la qualit\u00e0, l&#8217;affidabilit\u00e0, l&#8217;accuratezza, l&#8217;ampiezza, la veridicit\u00e0, la validit\u00e0 e la costituzionalit\u00e0 di qualsiasi questione o informazione contenuta in uno qualsiasi di detti collegamenti ipertestuali e altri siti su Internet. Allo stesso modo, l&#8217;inclusione di queste connessioni esterne non implicher\u00e0 alcun tipo di associazione, fusione o partecipazione con le entit\u00e0 collegate.\r\n<h2>Diritti di esclusione<\/h2>\r\n9. IL TITOLARE si riserva il diritto di negare o revocare l&#8217;accesso al portale e\/o ai servizi offerti senza preavviso, su propria richiesta o su richiesta di terzi, a quegli utenti che non rispettino il contenuto del presente avviso legale.\r\n<h2>Generalit\u00e0<\/h2>\r\n10. IL TITOLARE perseguir\u00e0 la violazione delle presenti condizioni nonch\u00e9 qualsiasi uso improprio del suo portale esercitando tutte le azioni civili e penali che possono corrispondergli per legge.\r\n<h2>Legislazione applicabile e giurisdizione<\/h2>\r\n11. Il rapporto tra IL PROPRIETARIO e L&#8217;UTENTE sar\u00e0 regolato dalla normativa spagnola vigente. Tutte le controversie e i reclami derivanti dal presente avviso legale saranno risolti dalle corti e dai tribunali spagnoli.\r\n<h2>Minori di et\u00e0<\/h2>\r\n12. kunststoves.com rivolge i propri servizi a utenti di et\u00e0 superiore ai 18 anni. I minori di questa et\u00e0 non sono autorizzati a utilizzare i nostri servizi e non devono inviarci i loro dati personali. Ti informiamo che se si verifica una tale circostanza, PANADERO AB, S.L. non \u00e8 responsabile delle possibili conseguenze che possono derivare dal mancato rispetto dell&#8217;avviso stabilito in questa stessa clausola.\t\t\t\t\t\t\t\t<\/div>\n\t\t\t\t<\/div>\n\t\t\t\t\t<\/div>\n\t\t<\/div>\n\t\t\t\t\t<\/div>\n\t\t<\/section>\n\t\t\t\t<\/div>\n\t\t","protected":false},"excerpt":{"rendered":"<p>DATI IDENTIFICATIVI 1. Stai visitando il sito web kunststoves.com di propriet\u00e0 della PANADERO AB, S. L., con sede legale in POL\u00cdGONO INDUSTRIAL CAMPOLLANO, AVENIDA 5, NOS. 13-15. 02007 ALBACETE \u2013 SPAGNA, con NIF B02612604, iscritta al Registro delle Imprese di Albacete, nel volume 407, Foglio 221, Pagina AB-3910, di seguito IL PROPRIETARIO. Puoi contattare il [&hellip;]<\/p>\n","protected":false},"author":1,"featured_media":0,"parent":0,"menu_order":0,"comment_status":"closed","ping_status":"closed","template":"","meta":{"_acf_changed":false,"footnotes":""},"class_list":["post-4803","page","type-page","status-publish","hentry"],"acf":[],"_links":{"self":[{"href":"https:\/\/kunststoves.com\/it\/wp-json\/wp\/v2\/pages\/4803","targetHints":{"allow":["GET"]}}],"collection":[{"href":"https:\/\/kunststoves.com\/it\/wp-json\/wp\/v2\/pages"}],"about":[{"href":"https:\/\/kunststoves.com\/it\/wp-json\/wp\/v2\/types\/page"}],"author":[{"embeddable":true,"href":"https:\/\/kunststoves.com\/it\/wp-json\/wp\/v2\/users\/1"}],"replies":[{"embeddable":true,"href":"https:\/\/kunststoves.com\/it\/wp-json\/wp\/v2\/comments?post=4803"}],"version-history":[{"count":3,"href":"https:\/\/kunststoves.com\/it\/wp-json\/wp\/v2\/pages\/4803\/revisions"}],"predecessor-version":[{"id":4806,"href":"https:\/\/kunststoves.com\/it\/wp-json\/wp\/v2\/pages\/4803\/revisions\/4806"}],"wp:attachment":[{"href":"https:\/\/kunststoves.com\/it\/wp-json\/wp\/v2\/media?parent=4803"}],"curies":[{"name":"wp","href":"https:\/\/api.w.org\/{rel}","templated":true}]}}