{"id":4807,"date":"2023-01-16T17:24:29","date_gmt":"2023-01-16T16:24:29","guid":{"rendered":"https:\/\/kunststoves.com\/politica-sulla-privacy-i-tuoi-dati-al-sicuro\/"},"modified":"2024-03-26T13:04:42","modified_gmt":"2024-03-26T12:04:42","slug":"politica-sulla-privacy-i-tuoi-dati-al-sicuro","status":"publish","type":"page","link":"https:\/\/kunststoves.com\/it\/politica-sulla-privacy-i-tuoi-dati-al-sicuro\/","title":{"rendered":"POLITICA SULLA PRIVACY &#8220;I TUOI DATI AL SICURO&#8221;"},"content":{"rendered":"\t\t<div data-elementor-type=\"wp-page\" data-elementor-id=\"4807\" class=\"elementor elementor-4807 elementor-548\" data-elementor-post-type=\"page\">\n\t\t\t\t\t\t<section data-dce-background-overlay-color=\"#131313\" data-dce-background-image-url=\"http:\/\/kunststoves.com\/wp-content\/uploads\/2022\/12\/WILLOW-ambiente-scaled.jpg\" class=\"elementor-section elementor-top-section elementor-element elementor-element-97d2e51 elementor-section-stretched elementor-section-content-middle elementor-section-height-min-height elementor-section-boxed elementor-section-height-default elementor-section-items-middle\" data-id=\"97d2e51\" data-element_type=\"section\" data-e-type=\"section\" data-settings=\"{&quot;stretch_section&quot;:&quot;section-stretched&quot;,&quot;background_background&quot;:&quot;classic&quot;}\">\n\t\t\t\t\t\t\t<div class=\"elementor-background-overlay\"><\/div>\n\t\t\t\t\t\t\t<div class=\"elementor-container elementor-column-gap-default\">\n\t\t\t\t\t<div class=\"elementor-column elementor-col-100 elementor-top-column elementor-element elementor-element-a73edcb\" data-id=\"a73edcb\" data-element_type=\"column\" data-e-type=\"column\">\n\t\t\t<div class=\"elementor-widget-wrap elementor-element-populated\">\n\t\t\t\t\t\t<div class=\"elementor-element elementor-element-cd90d5f elementor-widget elementor-widget-spacer\" data-id=\"cd90d5f\" data-element_type=\"widget\" data-e-type=\"widget\" data-widget_type=\"spacer.default\">\n\t\t\t\t<div class=\"elementor-widget-container\">\n\t\t\t\t\t\t\t<div class=\"elementor-spacer\">\n\t\t\t<div class=\"elementor-spacer-inner\"><\/div>\n\t\t<\/div>\n\t\t\t\t\t\t<\/div>\n\t\t\t\t<\/div>\n\t\t\t\t<div class=\"elementor-element elementor-element-9ff34be elementor-widget elementor-widget-heading\" data-id=\"9ff34be\" data-element_type=\"widget\" data-e-type=\"widget\" data-widget_type=\"heading.default\">\n\t\t\t\t<div class=\"elementor-widget-container\">\n\t\t\t\t\t<h2 class=\"elementor-heading-title elementor-size-default\">POLITICA SULLA PRIVACY &#8220;I TUOI DATI AL SICURO&#8221;<\/h2>\t\t\t\t<\/div>\n\t\t\t\t<\/div>\n\t\t\t\t<div class=\"elementor-element elementor-element-474c5c2 elementor-widget-divider--view-line elementor-widget elementor-widget-divider\" data-id=\"474c5c2\" data-element_type=\"widget\" data-e-type=\"widget\" data-widget_type=\"divider.default\">\n\t\t\t\t<div class=\"elementor-widget-container\">\n\t\t\t\t\t\t\t<div class=\"elementor-divider\">\n\t\t\t<span class=\"elementor-divider-separator\">\n\t\t\t\t\t\t<\/span>\n\t\t<\/div>\n\t\t\t\t\t\t<\/div>\n\t\t\t\t<\/div>\n\t\t\t\t\t<\/div>\n\t\t<\/div>\n\t\t\t\t\t<\/div>\n\t\t<\/section>\n\t\t\t\t<section class=\"elementor-section elementor-top-section elementor-element elementor-element-e9010ed elementor-section-boxed elementor-section-height-default elementor-section-height-default\" data-id=\"e9010ed\" data-element_type=\"section\" data-e-type=\"section\">\n\t\t\t\t\t\t<div class=\"elementor-container elementor-column-gap-default\">\n\t\t\t\t\t<div class=\"elementor-column elementor-col-100 elementor-top-column elementor-element elementor-element-2dff9334\" data-id=\"2dff9334\" data-element_type=\"column\" data-e-type=\"column\">\n\t\t\t<div class=\"elementor-widget-wrap elementor-element-populated\">\n\t\t\t\t\t\t<div class=\"elementor-element elementor-element-63c15d08 elementor-widget elementor-widget-text-editor\" data-id=\"63c15d08\" data-element_type=\"widget\" data-e-type=\"widget\" data-widget_type=\"text-editor.default\">\n\t\t\t\t<div class=\"elementor-widget-container\">\n\t\t\t\t\t\t\t\t\t<h2>INFORMAZIONI IN CONFORMIT\u00c0 CON LA NORMATIVA SULLA PROTEZIONE DEI DATI PERSONALI.<\/h2>\r\nIn Europa e in Spagna esistono regolamenti sulla protezione dei dati personali progettati per proteggere le tue informazioni personali, che sono obbligatori per la nostra azienda. Pertanto, \u00e8 molto importante per noi che tu comprenda pienamente cosa faremo con i dati personali che ti chiediamo. In questo modo, saremo trasparenti e ti daremo il controllo dei tuoi dati, con un linguaggio semplice e scelte chiare che ti permetteranno di decidere cosa faremo con le tue informazioni personali. Per favore, non esitare a chiederci se hai domande dopo aver letto queste informazioni. Grazie per la tua collaborazione.\r\n<h2>CHI SIAMO?<\/h2>\r\nCHI SIAMO? o Il nostro nome: Panadero AB SL\r\n\r\no Il nostro CIF \/ NIF: B02612604\r\n\r\no La nostra attivit\u00e0 principale: Produzione di cucine.\r\n\r\no Il nostro indirizzo: C\/ Avenida 5 13\/15, CP 02007, Albacete (Albacete)\r\n\r\no Il nostro numero di telefono: 967592400\r\n\r\no Il nostro indirizzo e-mail: <a target=\"_new\">contabilidad@panadero.com<\/a>\r\n\r\no Il nostro sito web: <a href=\"http:\/\/www.panadero.com\/\" target=\"_new\">www.panadero.com<\/a>\r\n\r\no Per la tua fiducia e sicurezza, ti informiamo che siamo un&#8217;entit\u00e0 registrata nel seguente Registro Mercantile \/ Registro Pubblico:\r\n\r\nSiamo a tua disposizione, non esitare a contattarci.\r\n\r\n<strong>Per cosa useremo i tuoi dati?<\/strong>\r\n\r\nIn generale, i tuoi dati personali verranno utilizzati per contattarti e fornirti i nostri servizi. Potrebbero anche essere utilizzati per altre attivit\u00e0, come inviarti pubblicit\u00e0 o promuovere le nostre attivit\u00e0.\r\n\r\n<strong>Perch\u00e9 dobbiamo usare i tuoi dati?<\/strong>\r\n\r\nI tuoi dati personali sono necessari per poter interagire con te e fornirti i nostri servizi. A questo proposito, ti forniremo una serie di caselle di controllo che ti permetteranno di fare una scelta chiara e semplice sull&#8217;uso delle tue informazioni personali.\r\n\r\n<strong>Chi conoscer\u00e0 le informazioni che ti chiediamo?<\/strong>\r\n\r\nIn generale, solo il personale debitamente autorizzato della nostra azienda potr\u00e0 conoscere le informazioni che ti chiediamo. Analogamente, quelle entit\u00e0 che hanno bisogno di accedere alle tue informazioni personali per poterci fornire i servizi potranno anche avere accesso alle tue informazioni personali. Ad esempio, la nostra banca conoscer\u00e0 i tuoi dettagli se il pagamento dei nostri servizi viene effettuato con carta di credito o bonifico bancario. Allo stesso modo, quelle entit\u00e0 pubbliche o private a cui siamo obbligati a fornire i tuoi dati personali per conformarci a qualsiasi legge saranno a conoscenza delle tue informazioni. Per darti un esempio, la Legge Fiscale ci obbliga a fornire all&#8217;Agenzia delle Entrate certe informazioni sulle transazioni economiche che superano una certa somma. Nel caso in cui, a parte i casi sopra menzionati, abbiamo bisogno di divulgare le tue informazioni personali ad altre entit\u00e0, chiederemo il tuo previo permesso attraverso opzioni chiare che ti permetteranno di decidere in merito.\r\n\r\n<strong>Come proteggeremo i tuoi dati?<\/strong>\r\n\r\nProteggeremo i tuoi dati con misure di sicurezza efficaci proporzionate ai rischi associati all&#8217;uso delle tue informazioni. A tal fine, abbiamo adottato una Politica sulla Protezione dei Dati e vengono effettuati controlli e audit annuali per garantire che i tuoi dati personali siano sempre protetti.\r\n\r\n<strong>Invieremo i tuoi dati ad altri paesi?<\/strong>\r\n\r\nNel mondo ci sono paesi che sono sicuri per i tuoi dati e altri che non lo sono. Ad esempio, l&#8217;Unione Europea \u00e8 un ambiente sicuro per i tuoi dati. La nostra politica \u00e8 di non inviare le tue informazioni personali a nessun paese che non sia sicuro dal punto di vista della protezione dei dati. Nel caso in cui, per fornirti il servizio, sia necessario inviare i tuoi dati a un paese che non \u00e8 sicuro come.\t\t\t\t\t\t\t\t<\/div>\n\t\t\t\t<\/div>\n\t\t\t\t\t<\/div>\n\t\t<\/div>\n\t\t\t\t\t<\/div>\n\t\t<\/section>\n\t\t\t\t<\/div>\n\t\t","protected":false},"excerpt":{"rendered":"<p>INFORMAZIONI IN CONFORMIT\u00c0 CON LA NORMATIVA SULLA PROTEZIONE DEI DATI PERSONALI. In Europa e in Spagna esistono regolamenti sulla protezione dei dati personali progettati per proteggere le tue informazioni personali, che sono obbligatori per la nostra azienda. Pertanto, \u00e8 molto importante per noi che tu comprenda pienamente cosa faremo con i dati personali che ti [&hellip;]<\/p>\n","protected":false},"author":1,"featured_media":0,"parent":0,"menu_order":0,"comment_status":"closed","ping_status":"closed","template":"","meta":{"_acf_changed":false,"footnotes":""},"class_list":["post-4807","page","type-page","status-publish","hentry"],"acf":[],"_links":{"self":[{"href":"https:\/\/kunststoves.com\/it\/wp-json\/wp\/v2\/pages\/4807","targetHints":{"allow":["GET"]}}],"collection":[{"href":"https:\/\/kunststoves.com\/it\/wp-json\/wp\/v2\/pages"}],"about":[{"href":"https:\/\/kunststoves.com\/it\/wp-json\/wp\/v2\/types\/page"}],"author":[{"embeddable":true,"href":"https:\/\/kunststoves.com\/it\/wp-json\/wp\/v2\/users\/1"}],"replies":[{"embeddable":true,"href":"https:\/\/kunststoves.com\/it\/wp-json\/wp\/v2\/comments?post=4807"}],"version-history":[{"count":3,"href":"https:\/\/kunststoves.com\/it\/wp-json\/wp\/v2\/pages\/4807\/revisions"}],"predecessor-version":[{"id":4810,"href":"https:\/\/kunststoves.com\/it\/wp-json\/wp\/v2\/pages\/4807\/revisions\/4810"}],"wp:attachment":[{"href":"https:\/\/kunststoves.com\/it\/wp-json\/wp\/v2\/media?parent=4807"}],"curies":[{"name":"wp","href":"https:\/\/api.w.org\/{rel}","templated":true}]}}