{"id":4104,"date":"2022-12-19T17:04:58","date_gmt":"2022-12-19T16:04:58","guid":{"rendered":"https:\/\/kunststoves.com\/kim-jestesmy\/"},"modified":"2024-03-08T13:21:09","modified_gmt":"2024-03-08T12:21:09","slug":"kim-jestesmy","status":"publish","type":"page","link":"https:\/\/kunststoves.com\/pl\/kim-jestesmy\/","title":{"rendered":"KIM JESTE\u015aMY"},"content":{"rendered":"\t\t<div data-elementor-type=\"wp-page\" data-elementor-id=\"4104\" class=\"elementor elementor-4104 elementor-47\" data-elementor-post-type=\"page\">\n\t\t\t\t\t\t<section data-dce-background-overlay-color=\"#131313\" data-dce-background-image-url=\"http:\/\/kunststoves.com\/wp-content\/uploads\/2022\/12\/WILLOW-ambiente-scaled.jpg\" class=\"elementor-section elementor-top-section elementor-element elementor-element-794ab820 elementor-section-stretched elementor-section-content-middle elementor-section-height-min-height elementor-section-boxed elementor-section-height-default elementor-section-items-middle\" data-id=\"794ab820\" data-element_type=\"section\" data-e-type=\"section\" data-settings=\"{&quot;stretch_section&quot;:&quot;section-stretched&quot;,&quot;background_background&quot;:&quot;classic&quot;}\">\n\t\t\t\t\t\t\t<div class=\"elementor-background-overlay\"><\/div>\n\t\t\t\t\t\t\t<div class=\"elementor-container elementor-column-gap-default\">\n\t\t\t\t\t<div class=\"elementor-column elementor-col-100 elementor-top-column elementor-element elementor-element-932cecd\" data-id=\"932cecd\" data-element_type=\"column\" data-e-type=\"column\">\n\t\t\t<div class=\"elementor-widget-wrap elementor-element-populated\">\n\t\t\t\t\t\t<div class=\"elementor-element elementor-element-1e8e19c2 elementor-widget elementor-widget-heading\" data-id=\"1e8e19c2\" data-element_type=\"widget\" data-e-type=\"widget\" data-widget_type=\"heading.default\">\n\t\t\t\t<div class=\"elementor-widget-container\">\n\t\t\t\t\t<h2 class=\"elementor-heading-title elementor-size-default\">NASZA HISTORIA<\/h2>\t\t\t\t<\/div>\n\t\t\t\t<\/div>\n\t\t\t\t<div class=\"elementor-element elementor-element-1fe2b11 elementor-widget elementor-widget-heading\" data-id=\"1fe2b11\" data-element_type=\"widget\" data-e-type=\"widget\" data-widget_type=\"heading.default\">\n\t\t\t\t<div class=\"elementor-widget-container\">\n\t\t\t\t\t<h2 class=\"elementor-heading-title elementor-size-default\">KIM JESTE\u015aMY<\/h2>\t\t\t\t<\/div>\n\t\t\t\t<\/div>\n\t\t\t\t<div class=\"elementor-element elementor-element-ec44614 elementor-widget-divider--view-line elementor-widget elementor-widget-divider\" data-id=\"ec44614\" data-element_type=\"widget\" data-e-type=\"widget\" data-widget_type=\"divider.default\">\n\t\t\t\t<div class=\"elementor-widget-container\">\n\t\t\t\t\t\t\t<div class=\"elementor-divider\">\n\t\t\t<span class=\"elementor-divider-separator\">\n\t\t\t\t\t\t<\/span>\n\t\t<\/div>\n\t\t\t\t\t\t<\/div>\n\t\t\t\t<\/div>\n\t\t\t\t\t<\/div>\n\t\t<\/div>\n\t\t\t\t\t<\/div>\n\t\t<\/section>\n\t\t\t\t<section class=\"elementor-section elementor-top-section elementor-element elementor-element-74b30700 elementor-section-boxed elementor-section-height-default elementor-section-height-default\" data-id=\"74b30700\" data-element_type=\"section\" data-e-type=\"section\">\n\t\t\t\t\t\t<div class=\"elementor-container elementor-column-gap-default\">\n\t\t\t\t\t<div class=\"elementor-column elementor-col-100 elementor-top-column elementor-element elementor-element-229ca5fd\" data-id=\"229ca5fd\" data-element_type=\"column\" data-e-type=\"column\">\n\t\t\t<div class=\"elementor-widget-wrap elementor-element-populated\">\n\t\t\t\t\t\t<div class=\"elementor-element elementor-element-26c256e8 elementor-widget elementor-widget-heading\" data-id=\"26c256e8\" data-element_type=\"widget\" data-e-type=\"widget\" data-widget_type=\"heading.default\">\n\t\t\t\t<div class=\"elementor-widget-container\">\n\t\t\t\t\t<h2 class=\"elementor-heading-title elementor-size-default\">RODZINNA FIRMA Z PONAD 65-LETNIM DO\u015aWIADCZENIEM<\/h2>\t\t\t\t<\/div>\n\t\t\t\t<\/div>\n\t\t\t\t<div class=\"elementor-element elementor-element-6aef828c elementor-widget elementor-widget-heading\" data-id=\"6aef828c\" data-element_type=\"widget\" data-e-type=\"widget\" data-widget_type=\"heading.default\">\n\t\t\t\t<div class=\"elementor-widget-container\">\n\t\t\t\t\t<h2 class=\"elementor-heading-title elementor-size-default\">KILKA POKOLE\u0143 PRODUCENT\u00d3W<\/h2>\t\t\t\t<\/div>\n\t\t\t\t<\/div>\n\t\t\t\t<div class=\"elementor-element elementor-element-14d13bcd elementor-widget elementor-widget-text-editor\" data-id=\"14d13bcd\" data-element_type=\"widget\" data-e-type=\"widget\" data-widget_type=\"text-editor.default\">\n\t\t\t\t<div class=\"elementor-widget-container\">\n\t\t\t\t\t\t\t\t\t<p>Kunst to rodzinna firma produkuj\u0105ca piece kominkowe opalane drewnem od ponad sze\u015b\u0107dziesi\u0119ciu pi\u0119ciu lat.<\/p>\n<p>Mamy zesp\u00f3\u0142 ponad dwustu os\u00f3b, w tym wykwalifikowanych pracownik\u00f3w w fabryce, in\u017cynier\u00f3w, pracownik\u00f3w sprzeda\u017cy i innych dzia\u0142\u00f3w w naszych biurach. W Kunst ci\u0119\u017cko pracujemy ka\u017cdego dnia, aby oferowa\u0107 naszym klientom to, co najlepsze.<\/p>\n<p>Jeste\u015bmy mi\u0119dzynarodow\u0105 firm\u0105, kt\u00f3ra stawia na talenty i wielokulturowo\u015b\u0107, zatrudniaj\u0105c pracownik\u00f3w 16 r\u00f3\u017cnych narodowo\u015bci, co daje nam nieocenion\u0105 warto\u015b\u0107 ludzk\u0105.<\/p>\n<p>W Kunst zapewniamy 100% procesu produkcyjnego: koncepcj\u0119 nowych pomys\u0142\u00f3w, projektowanie, prototypowanie, laboratorium testowe, proces odlewania, emaliowanie, obr\u00f3bk\u0119 powierzchni, malowanie, marketing i komercjalizacj\u0119.<\/p>\n\t\t\t\t\t\t\t\t<\/div>\n\t\t\t\t<\/div>\n\t\t\t\t\t<\/div>\n\t\t<\/div>\n\t\t\t\t\t<\/div>\n\t\t<\/section>\n\t\t\t\t<\/div>\n\t\t","protected":false},"excerpt":{"rendered":"<p>NASZA HISTORIA KIM JESTE\u015aMY RODZINNA FIRMA Z PONAD 65-LETNIM DO\u015aWIADCZENIEM KILKA POKOLE\u0143 PRODUCENT\u00d3W Kunst to rodzinna firma produkuj\u0105ca piece kominkowe opalane drewnem od ponad sze\u015b\u0107dziesi\u0119ciu pi\u0119ciu lat. Mamy zesp\u00f3\u0142 ponad dwustu os\u00f3b, w tym wykwalifikowanych pracownik\u00f3w w fabryce, in\u017cynier\u00f3w, pracownik\u00f3w sprzeda\u017cy i innych dzia\u0142\u00f3w w naszych biurach. W Kunst ci\u0119\u017cko pracujemy ka\u017cdego dnia, aby oferowa\u0107 [&hellip;]<\/p>\n","protected":false},"author":1,"featured_media":0,"parent":0,"menu_order":0,"comment_status":"closed","ping_status":"closed","template":"","meta":{"_acf_changed":false,"footnotes":""},"class_list":["post-4104","page","type-page","status-publish","hentry"],"acf":[],"_links":{"self":[{"href":"https:\/\/kunststoves.com\/pl\/wp-json\/wp\/v2\/pages\/4104","targetHints":{"allow":["GET"]}}],"collection":[{"href":"https:\/\/kunststoves.com\/pl\/wp-json\/wp\/v2\/pages"}],"about":[{"href":"https:\/\/kunststoves.com\/pl\/wp-json\/wp\/v2\/types\/page"}],"author":[{"embeddable":true,"href":"https:\/\/kunststoves.com\/pl\/wp-json\/wp\/v2\/users\/1"}],"replies":[{"embeddable":true,"href":"https:\/\/kunststoves.com\/pl\/wp-json\/wp\/v2\/comments?post=4104"}],"version-history":[{"count":3,"href":"https:\/\/kunststoves.com\/pl\/wp-json\/wp\/v2\/pages\/4104\/revisions"}],"predecessor-version":[{"id":4107,"href":"https:\/\/kunststoves.com\/pl\/wp-json\/wp\/v2\/pages\/4104\/revisions\/4107"}],"wp:attachment":[{"href":"https:\/\/kunststoves.com\/pl\/wp-json\/wp\/v2\/media?parent=4104"}],"curies":[{"name":"wp","href":"https:\/\/api.w.org\/{rel}","templated":true}]}}