{"id":4108,"date":"2023-06-27T18:07:54","date_gmt":"2023-06-27T16:07:54","guid":{"rendered":"https:\/\/kunststoves.com\/blog\/"},"modified":"2024-03-08T13:28:11","modified_gmt":"2024-03-08T12:28:11","slug":"blog","status":"publish","type":"page","link":"https:\/\/kunststoves.com\/pl\/blog\/","title":{"rendered":"Blog"},"content":{"rendered":"\t\t<div data-elementor-type=\"wp-page\" data-elementor-id=\"4108\" class=\"elementor elementor-4108 elementor-2861\" data-elementor-post-type=\"page\">\n\t\t\t\t\t\t<section data-dce-background-overlay-color=\"#131313\" data-dce-background-image-url=\"http:\/\/kunststoves.com\/wp-content\/uploads\/2022\/12\/WILLOW-ambiente-scaled.jpg\" class=\"elementor-section elementor-top-section elementor-element elementor-element-e703f73 elementor-section-stretched elementor-section-content-middle elementor-section-height-min-height elementor-section-boxed elementor-section-height-default elementor-section-items-middle\" data-id=\"e703f73\" data-element_type=\"section\" data-e-type=\"section\" data-settings=\"{&quot;stretch_section&quot;:&quot;section-stretched&quot;,&quot;background_background&quot;:&quot;classic&quot;}\">\n\t\t\t\t\t\t\t<div class=\"elementor-background-overlay\"><\/div>\n\t\t\t\t\t\t\t<div class=\"elementor-container elementor-column-gap-default\">\n\t\t\t\t\t<div class=\"elementor-column elementor-col-100 elementor-top-column elementor-element elementor-element-059d348\" data-id=\"059d348\" data-element_type=\"column\" data-e-type=\"column\">\n\t\t\t<div class=\"elementor-widget-wrap elementor-element-populated\">\n\t\t\t\t\t\t<div class=\"elementor-element elementor-element-a65e9a6 elementor-widget elementor-widget-heading\" data-id=\"a65e9a6\" data-element_type=\"widget\" data-e-type=\"widget\" data-widget_type=\"heading.default\">\n\t\t\t\t<div class=\"elementor-widget-container\">\n\t\t\t\t\t<h2 class=\"elementor-heading-title elementor-size-default\">BLOG<\/h2>\t\t\t\t<\/div>\n\t\t\t\t<\/div>\n\t\t\t\t<div class=\"elementor-element elementor-element-22e3402 elementor-widget-divider--view-line elementor-widget elementor-widget-divider\" data-id=\"22e3402\" data-element_type=\"widget\" data-e-type=\"widget\" data-widget_type=\"divider.default\">\n\t\t\t\t<div class=\"elementor-widget-container\">\n\t\t\t\t\t\t\t<div class=\"elementor-divider\">\n\t\t\t<span class=\"elementor-divider-separator\">\n\t\t\t\t\t\t<\/span>\n\t\t<\/div>\n\t\t\t\t\t\t<\/div>\n\t\t\t\t<\/div>\n\t\t\t\t\t<\/div>\n\t\t<\/div>\n\t\t\t\t\t<\/div>\n\t\t<\/section>\n\t\t\t\t<section class=\"elementor-section elementor-top-section elementor-element elementor-element-ebfdac5 elementor-section-boxed elementor-section-height-default elementor-section-height-default\" data-id=\"ebfdac5\" data-element_type=\"section\" data-e-type=\"section\">\n\t\t\t\t\t\t<div class=\"elementor-container elementor-column-gap-default\">\n\t\t\t\t\t<div class=\"elementor-column elementor-col-100 elementor-top-column elementor-element elementor-element-db538ac\" data-id=\"db538ac\" data-element_type=\"column\" data-e-type=\"column\">\n\t\t\t<div class=\"elementor-widget-wrap elementor-element-populated\">\n\t\t\t\t\t\t<div class=\"elementor-element elementor-element-992c981 elementor-grid-3 elementor-grid-tablet-2 elementor-grid-mobile-1 elementor-posts--thumbnail-top elementor-card-shadow-yes elementor-posts__hover-gradient elementor-widget elementor-widget-posts\" data-id=\"992c981\" data-element_type=\"widget\" data-e-type=\"widget\" data-settings=\"{&quot;cards_columns&quot;:&quot;3&quot;,&quot;cards_columns_tablet&quot;:&quot;2&quot;,&quot;cards_columns_mobile&quot;:&quot;1&quot;,&quot;cards_row_gap&quot;:{&quot;unit&quot;:&quot;px&quot;,&quot;size&quot;:35,&quot;sizes&quot;:[]},&quot;cards_row_gap_tablet&quot;:{&quot;unit&quot;:&quot;px&quot;,&quot;size&quot;:&quot;&quot;,&quot;sizes&quot;:[]},&quot;cards_row_gap_mobile&quot;:{&quot;unit&quot;:&quot;px&quot;,&quot;size&quot;:&quot;&quot;,&quot;sizes&quot;:[]}}\" data-widget_type=\"posts.cards\">\n\t\t\t\t<div class=\"elementor-widget-container\">\n\t\t\t\t\t\t\t<div class=\"elementor-posts-container elementor-posts elementor-posts--skin-cards elementor-grid\" role=\"list\">\n\t\t\t\t<article class=\"elementor-post elementor-grid-item post-7752 post type-post status-publish format-standard has-post-thumbnail hentry category-bez-kategorii\" role=\"listitem\">\n\t\t\t<div class=\"elementor-post__card\">\n\t\t\t\t<a class=\"elementor-post__thumbnail__link\" href=\"https:\/\/kunststoves.com\/pl\/jak-pozbyc-sie-zapachu-sadzy-w-domu\/\" tabindex=\"-1\" ><div class=\"elementor-post__thumbnail\"><img fetchpriority=\"high\" decoding=\"async\" width=\"934\" height=\"514\" src=\"https:\/\/kunststoves.com\/wp-content\/uploads\/2025\/06\/como-quitar-el-olor-a-hollin.jpg\" class=\"attachment-full size-full wp-image-7754\" alt=\"jak usun\u0105\u0107 zapach sadzy\" srcset=\"https:\/\/kunststoves.com\/wp-content\/uploads\/2025\/06\/como-quitar-el-olor-a-hollin.jpg 934w, https:\/\/kunststoves.com\/wp-content\/uploads\/2025\/06\/como-quitar-el-olor-a-hollin-300x165.jpg 300w, https:\/\/kunststoves.com\/wp-content\/uploads\/2025\/06\/como-quitar-el-olor-a-hollin-768x423.jpg 768w, https:\/\/kunststoves.com\/wp-content\/uploads\/2025\/06\/como-quitar-el-olor-a-hollin-600x330.jpg 600w\" sizes=\"(max-width: 934px) 100vw, 934px\" \/><\/div><\/a>\n\t\t\t\t<div class=\"elementor-post__text\">\n\t\t\t\t<h3 class=\"elementor-post__title\">\n\t\t\t<a href=\"https:\/\/kunststoves.com\/pl\/jak-pozbyc-sie-zapachu-sadzy-w-domu\/\" >\n\t\t\t\tJak pozby\u0107 si\u0119 zapachu sadzy w domu domowymi sposobami\t\t\t<\/a>\n\t\t<\/h3>\n\t\t\t\t<div class=\"elementor-post__excerpt\">\n\t\t\t<p>Czy Tw\u00f3j dom pachnie dymem lub sadz\u0105? Wyja\u015bniamy, dlaczego tak si\u0119 dzieje Je\u015bli masz w domu kominek lub piec na drewno, wiesz, jak przyjemnie jest<\/p>\n\t\t<\/div>\n\t\t\n\t\t<a class=\"elementor-post__read-more\" href=\"https:\/\/kunststoves.com\/pl\/jak-pozbyc-sie-zapachu-sadzy-w-domu\/\" aria-label=\"Read more about Jak pozby\u0107 si\u0119 zapachu sadzy w domu domowymi sposobami\" tabindex=\"-1\" >\n\t\t\tWI\u0118CEJ SZCZEG\u00d3\u0141\u00d3W \u00bb\t\t<\/a>\n\n\t\t\t\t<\/div>\n\t\t\t\t<div class=\"elementor-post__meta-data\">\n\t\t\t\t\t<span class=\"elementor-post-date\">\n\t\t\t01\/07\/2025\t\t<\/span>\n\t\t\t\t<span class=\"elementor-post-avatar\">\n\t\t\tBrak komentarzy\t\t<\/span>\n\t\t\t\t<\/div>\n\t\t\t\t\t<\/div>\n\t\t<\/article>\n\t\t\t\t<article class=\"elementor-post elementor-grid-item post-7738 post type-post status-publish format-standard has-post-thumbnail hentry category-consejos-2 category-consejos-noticias-2-2\" role=\"listitem\">\n\t\t\t<div class=\"elementor-post__card\">\n\t\t\t\t<a class=\"elementor-post__thumbnail__link\" href=\"https:\/\/kunststoves.com\/pl\/jak-unikac-kurzu-w-domu-piec-na-drewno\/\" tabindex=\"-1\" ><div class=\"elementor-post__thumbnail\"><img decoding=\"async\" width=\"934\" height=\"514\" src=\"https:\/\/kunststoves.com\/wp-content\/uploads\/2025\/06\/guia-para-evital-limpiar-el-polvo-en-casa.jpg\" class=\"attachment-full size-full wp-image-7739\" alt=\"Poradnik jak unikn\u0105\u0107 kurzu w domu\" srcset=\"https:\/\/kunststoves.com\/wp-content\/uploads\/2025\/06\/guia-para-evital-limpiar-el-polvo-en-casa.jpg 934w, https:\/\/kunststoves.com\/wp-content\/uploads\/2025\/06\/guia-para-evital-limpiar-el-polvo-en-casa-300x165.jpg 300w, https:\/\/kunststoves.com\/wp-content\/uploads\/2025\/06\/guia-para-evital-limpiar-el-polvo-en-casa-768x423.jpg 768w, https:\/\/kunststoves.com\/wp-content\/uploads\/2025\/06\/guia-para-evital-limpiar-el-polvo-en-casa-600x330.jpg 600w\" sizes=\"(max-width: 934px) 100vw, 934px\" \/><\/div><\/a>\n\t\t\t\t<div class=\"elementor-post__text\">\n\t\t\t\t<h3 class=\"elementor-post__title\">\n\t\t\t<a href=\"https:\/\/kunststoves.com\/pl\/jak-unikac-kurzu-w-domu-piec-na-drewno\/\" >\n\t\t\t\tJak unika\u0107 kurzu w domu \u2013 Kompletny poradnik (szczeg\u00f3lnie przy piecach na drewno)\t\t\t<\/a>\n\t\t<\/h3>\n\t\t\t\t<div class=\"elementor-post__excerpt\">\n\t\t\t<p>Piec na drewno i czysty dom \u2013 to mo\u017cliwe Cieszenie si\u0119 ciep\u0142em pieca na drewno nie musi oznacza\u0107 kurzu w ca\u0142ym domu. Przy odpowiednich nawykach<\/p>\n\t\t<\/div>\n\t\t\n\t\t<a class=\"elementor-post__read-more\" href=\"https:\/\/kunststoves.com\/pl\/jak-unikac-kurzu-w-domu-piec-na-drewno\/\" aria-label=\"Read more about Jak unika\u0107 kurzu w domu \u2013 Kompletny poradnik (szczeg\u00f3lnie przy piecach na drewno)\" tabindex=\"-1\" >\n\t\t\tWI\u0118CEJ SZCZEG\u00d3\u0141\u00d3W \u00bb\t\t<\/a>\n\n\t\t\t\t<\/div>\n\t\t\t\t<div class=\"elementor-post__meta-data\">\n\t\t\t\t\t<span class=\"elementor-post-date\">\n\t\t\t30\/06\/2025\t\t<\/span>\n\t\t\t\t<span class=\"elementor-post-avatar\">\n\t\t\tBrak komentarzy\t\t<\/span>\n\t\t\t\t<\/div>\n\t\t\t\t\t<\/div>\n\t\t<\/article>\n\t\t\t\t<article class=\"elementor-post elementor-grid-item post-7728 post type-post status-publish format-standard has-post-thumbnail hentry category-consejos-noticias-2-pl category-consejos-pl category-curiosidades-pl\" role=\"listitem\">\n\t\t\t<div class=\"elementor-post__card\">\n\t\t\t\t<a class=\"elementor-post__thumbnail__link\" href=\"https:\/\/kunststoves.com\/pl\/kominiarz-kiedy-potrzebny\/\" tabindex=\"-1\" ><div class=\"elementor-post__thumbnail\"><img decoding=\"async\" width=\"934\" height=\"514\" src=\"https:\/\/kunststoves.com\/wp-content\/uploads\/2025\/06\/le-ramoneur-soccupe-egalement-de-la-securite-de-votre-poele-a-bois..jpg\" class=\"attachment-full size-full wp-image-7722\" alt=\"kominiarz dba r\u00f3wnie\u017c o bezpiecze\u0144stwo kuchenki na drewno konserwacja\" srcset=\"https:\/\/kunststoves.com\/wp-content\/uploads\/2025\/06\/le-ramoneur-soccupe-egalement-de-la-securite-de-votre-poele-a-bois..jpg 934w, https:\/\/kunststoves.com\/wp-content\/uploads\/2025\/06\/le-ramoneur-soccupe-egalement-de-la-securite-de-votre-poele-a-bois.-300x165.jpg 300w, https:\/\/kunststoves.com\/wp-content\/uploads\/2025\/06\/le-ramoneur-soccupe-egalement-de-la-securite-de-votre-poele-a-bois.-768x423.jpg 768w, https:\/\/kunststoves.com\/wp-content\/uploads\/2025\/06\/le-ramoneur-soccupe-egalement-de-la-securite-de-votre-poele-a-bois.-600x330.jpg 600w\" sizes=\"(max-width: 934px) 100vw, 934px\" \/><\/div><\/a>\n\t\t\t\t<div class=\"elementor-post__text\">\n\t\t\t\t<h3 class=\"elementor-post__title\">\n\t\t\t<a href=\"https:\/\/kunststoves.com\/pl\/kominiarz-kiedy-potrzebny\/\" >\n\t\t\t\tCo robi <strong>kominiarz<\/strong> i kiedy warto go wezwa\u0107?\t\t\t<\/a>\n\t\t<\/h3>\n\t\t\t\t<div class=\"elementor-post__excerpt\">\n\t\t\t<p>Zaw\u00f3d kominiarza \u2013 tradycja, kt\u00f3ra dzi\u015b ma ogromne znaczenie Kominiarz to nie zaw\u00f3d z przesz\u0142o\u015bci. Ju\u017c w XVIII wieku wspinali si\u0119 na dachy, ubrudzeni sadz\u0105,<\/p>\n\t\t<\/div>\n\t\t\n\t\t<a class=\"elementor-post__read-more\" href=\"https:\/\/kunststoves.com\/pl\/kominiarz-kiedy-potrzebny\/\" aria-label=\"Read more about Co robi &lt;strong&gt;kominiarz&lt;\/strong&gt; i kiedy warto go wezwa\u0107?\" tabindex=\"-1\" >\n\t\t\tWI\u0118CEJ SZCZEG\u00d3\u0141\u00d3W \u00bb\t\t<\/a>\n\n\t\t\t\t<\/div>\n\t\t\t\t<div class=\"elementor-post__meta-data\">\n\t\t\t\t\t<span class=\"elementor-post-date\">\n\t\t\t23\/06\/2025\t\t<\/span>\n\t\t\t\t<span class=\"elementor-post-avatar\">\n\t\t\tBrak komentarzy\t\t<\/span>\n\t\t\t\t<\/div>\n\t\t\t\t\t<\/div>\n\t\t<\/article>\n\t\t\t\t<article class=\"elementor-post elementor-grid-item post-7706 post type-post status-publish format-standard has-post-thumbnail hentry category-consejos-pl\" role=\"listitem\">\n\t\t\t<div class=\"elementor-post__card\">\n\t\t\t\t<a class=\"elementor-post__thumbnail__link\" href=\"https:\/\/kunststoves.com\/pl\/plamy-sciana-piec-drewno-rozwiazania\/\" tabindex=\"-1\" ><div class=\"elementor-post__thumbnail\"><img loading=\"lazy\" decoding=\"async\" width=\"934\" height=\"514\" src=\"https:\/\/kunststoves.com\/wp-content\/uploads\/2025\/06\/pared-sucia-estufa-de-lena.jpg\" class=\"attachment-full size-full wp-image-7707\" alt=\"brudna kuchenka \u015bcienna na drewno\" srcset=\"https:\/\/kunststoves.com\/wp-content\/uploads\/2025\/06\/pared-sucia-estufa-de-lena.jpg 934w, https:\/\/kunststoves.com\/wp-content\/uploads\/2025\/06\/pared-sucia-estufa-de-lena-300x165.jpg 300w, https:\/\/kunststoves.com\/wp-content\/uploads\/2025\/06\/pared-sucia-estufa-de-lena-768x423.jpg 768w, https:\/\/kunststoves.com\/wp-content\/uploads\/2025\/06\/pared-sucia-estufa-de-lena-600x330.jpg 600w\" sizes=\"(max-width: 934px) 100vw, 934px\" \/><\/div><\/a>\n\t\t\t\t<div class=\"elementor-post__text\">\n\t\t\t\t<h3 class=\"elementor-post__title\">\n\t\t\t<a href=\"https:\/\/kunststoves.com\/pl\/plamy-sciana-piec-drewno-rozwiazania\/\" >\n\t\t\t\tPlamy na \u015bcianie za piecem na drewno. Stylowe rozwi\u0105zania bez remontu.\t\t\t<\/a>\n\t\t<\/h3>\n\t\t\t\t<div class=\"elementor-post__excerpt\">\n\t\t\t<p>Znasz to? Ta plama, kt\u00f3rej wcze\u015bniej nie by\u0142o. Masz piec na drewno. Rozpalasz go, a on tworzy t\u0119 przytuln\u0105 i ciep\u0142\u0105 atmosfer\u0119, kt\u00f3r\u0105 tak lubisz\u2026<\/p>\n\t\t<\/div>\n\t\t\n\t\t<a class=\"elementor-post__read-more\" href=\"https:\/\/kunststoves.com\/pl\/plamy-sciana-piec-drewno-rozwiazania\/\" aria-label=\"Read more about Plamy na \u015bcianie za piecem na drewno. Stylowe rozwi\u0105zania bez remontu.\" tabindex=\"-1\" >\n\t\t\tWI\u0118CEJ SZCZEG\u00d3\u0141\u00d3W \u00bb\t\t<\/a>\n\n\t\t\t\t<\/div>\n\t\t\t\t<div class=\"elementor-post__meta-data\">\n\t\t\t\t\t<span class=\"elementor-post-date\">\n\t\t\t18\/06\/2025\t\t<\/span>\n\t\t\t\t<span class=\"elementor-post-avatar\">\n\t\t\tBrak komentarzy\t\t<\/span>\n\t\t\t\t<\/div>\n\t\t\t\t\t<\/div>\n\t\t<\/article>\n\t\t\t\t<article class=\"elementor-post elementor-grid-item post-7690 post type-post status-publish format-standard has-post-thumbnail hentry category-bez-kategorii\" role=\"listitem\">\n\t\t\t<div class=\"elementor-post__card\">\n\t\t\t\t<a class=\"elementor-post__thumbnail__link\" href=\"https:\/\/kunststoves.com\/pl\/jak-usunac-plesn-z-drewna\/\" tabindex=\"-1\" ><div class=\"elementor-post__thumbnail\"><img loading=\"lazy\" decoding=\"async\" width=\"934\" height=\"514\" src=\"https:\/\/kunststoves.com\/wp-content\/uploads\/2024\/02\/Formato-Portada-Blog-2.png\" class=\"attachment-full size-full wp-image-4052\" alt=\"Jak usun\u0105\u0107 wilgo\u0107 z domu za pomoc\u0105 kuchenki opalanej drewnem?\" srcset=\"https:\/\/kunststoves.com\/wp-content\/uploads\/2024\/02\/Formato-Portada-Blog-2.png 934w, https:\/\/kunststoves.com\/wp-content\/uploads\/2024\/02\/Formato-Portada-Blog-2-300x165.png 300w, https:\/\/kunststoves.com\/wp-content\/uploads\/2024\/02\/Formato-Portada-Blog-2-768x423.png 768w, https:\/\/kunststoves.com\/wp-content\/uploads\/2024\/02\/Formato-Portada-Blog-2-600x330.png 600w\" sizes=\"(max-width: 934px) 100vw, 934px\" \/><\/div><\/a>\n\t\t\t\t<div class=\"elementor-post__text\">\n\t\t\t\t<h3 class=\"elementor-post__title\">\n\t\t\t<a href=\"https:\/\/kunststoves.com\/pl\/jak-usunac-plesn-z-drewna\/\" >\n\t\t\t\tJak Usun\u0105\u0107 Ple\u015b\u0144 z Drewna: Przewodnik Krok po Kroku \u2013 Naturalnie i Bez Komplikacji\t\t\t<\/a>\n\t\t<\/h3>\n\t\t\t\t<div class=\"elementor-post__excerpt\">\n\t\t\t<p>S\u0105 rzeczy, kt\u00f3rych nie zauwa\u017casz\u2026 dop\u00f3ki si\u0119 nie pojawi\u0105. Plama, kt\u00f3rej wcze\u015bniej nie by\u0142o. Dziwny zapach z k\u0105ta pokoju. Uczucie, \u017ce co\u015b nie gra \u2013<\/p>\n\t\t<\/div>\n\t\t\n\t\t<a class=\"elementor-post__read-more\" href=\"https:\/\/kunststoves.com\/pl\/jak-usunac-plesn-z-drewna\/\" aria-label=\"Read more about Jak Usun\u0105\u0107 Ple\u015b\u0144 z Drewna: Przewodnik Krok po Kroku \u2013 Naturalnie i Bez Komplikacji\" tabindex=\"-1\" >\n\t\t\tWI\u0118CEJ SZCZEG\u00d3\u0141\u00d3W \u00bb\t\t<\/a>\n\n\t\t\t\t<\/div>\n\t\t\t\t<div class=\"elementor-post__meta-data\">\n\t\t\t\t\t<span class=\"elementor-post-date\">\n\t\t\t09\/06\/2025\t\t<\/span>\n\t\t\t\t<span class=\"elementor-post-avatar\">\n\t\t\tBrak komentarzy\t\t<\/span>\n\t\t\t\t<\/div>\n\t\t\t\t\t<\/div>\n\t\t<\/article>\n\t\t\t\t<article class=\"elementor-post elementor-grid-item post-7570 post type-post status-publish format-standard has-post-thumbnail hentry category-consejos-noticias-2-pl category-consejos-pl\" role=\"listitem\">\n\t\t\t<div class=\"elementor-post__card\">\n\t\t\t\t<a class=\"elementor-post__thumbnail__link\" href=\"https:\/\/kunststoves.com\/pl\/kupowanie-piecow-na-drewno-latem-decyzja-inteligentna\/\" tabindex=\"-1\" ><div class=\"elementor-post__thumbnail\"><img loading=\"lazy\" decoding=\"async\" width=\"680\" height=\"500\" src=\"https:\/\/kunststoves.com\/wp-content\/uploads\/2025\/05\/blog-comprar-estufa-en-verano.jpg\" class=\"attachment-full size-full wp-image-7577\" alt=\"piece na drewno latem Kunst\" srcset=\"https:\/\/kunststoves.com\/wp-content\/uploads\/2025\/05\/blog-comprar-estufa-en-verano.jpg 680w, https:\/\/kunststoves.com\/wp-content\/uploads\/2025\/05\/blog-comprar-estufa-en-verano-300x221.jpg 300w, https:\/\/kunststoves.com\/wp-content\/uploads\/2025\/05\/blog-comprar-estufa-en-verano-600x441.jpg 600w\" sizes=\"(max-width: 680px) 100vw, 680px\" \/><\/div><\/a>\n\t\t\t\t<div class=\"elementor-post__text\">\n\t\t\t\t<h3 class=\"elementor-post__title\">\n\t\t\t<a href=\"https:\/\/kunststoves.com\/pl\/kupowanie-piecow-na-drewno-latem-decyzja-inteligentna\/\" >\n\t\t\t\tKupowanie pieca na drewno latem: decyzja, kt\u00f3ra daje ciep\u0142o\u2026 i przewag\u0119\t\t\t<\/a>\n\t\t<\/h3>\n\t\t\t\t<div class=\"elementor-post__excerpt\">\n\t\t\t<p>Kupowanie pieca na drewno latem mo\u017ce wydawa\u0107 si\u0119 szale\u0144stwem. Rozumiemy to.Przy upale i pe\u0142nym s\u0142o\u0144cu my\u015blenie o ogniu, drewnie i kominku wydaje si\u0119 absurdalne\u2026 dop\u00f3ki<\/p>\n\t\t<\/div>\n\t\t\n\t\t<a class=\"elementor-post__read-more\" href=\"https:\/\/kunststoves.com\/pl\/kupowanie-piecow-na-drewno-latem-decyzja-inteligentna\/\" aria-label=\"Read more about Kupowanie pieca na drewno latem: decyzja, kt\u00f3ra daje ciep\u0142o\u2026 i przewag\u0119\" tabindex=\"-1\" >\n\t\t\tWI\u0118CEJ SZCZEG\u00d3\u0141\u00d3W \u00bb\t\t<\/a>\n\n\t\t\t\t<\/div>\n\t\t\t\t<div class=\"elementor-post__meta-data\">\n\t\t\t\t\t<span class=\"elementor-post-date\">\n\t\t\t28\/05\/2025\t\t<\/span>\n\t\t\t\t<span class=\"elementor-post-avatar\">\n\t\t\tBrak komentarzy\t\t<\/span>\n\t\t\t\t<\/div>\n\t\t\t\t\t<\/div>\n\t\t<\/article>\n\t\t\t\t<\/div>\n\t\t\n\t\t\t\t\t\t<\/div>\n\t\t\t\t<\/div>\n\t\t\t\t\t<\/div>\n\t\t<\/div>\n\t\t\t\t\t<\/div>\n\t\t<\/section>\n\t\t\t\t<\/div>\n\t\t","protected":false},"excerpt":{"rendered":"<p>BLOG<\/p>\n","protected":false},"author":1,"featured_media":0,"parent":0,"menu_order":0,"comment_status":"closed","ping_status":"closed","template":"","meta":{"_acf_changed":false,"footnotes":""},"class_list":["post-4108","page","type-page","status-publish","hentry"],"acf":[],"_links":{"self":[{"href":"https:\/\/kunststoves.com\/pl\/wp-json\/wp\/v2\/pages\/4108","targetHints":{"allow":["GET"]}}],"collection":[{"href":"https:\/\/kunststoves.com\/pl\/wp-json\/wp\/v2\/pages"}],"about":[{"href":"https:\/\/kunststoves.com\/pl\/wp-json\/wp\/v2\/types\/page"}],"author":[{"embeddable":true,"href":"https:\/\/kunststoves.com\/pl\/wp-json\/wp\/v2\/users\/1"}],"replies":[{"embeddable":true,"href":"https:\/\/kunststoves.com\/pl\/wp-json\/wp\/v2\/comments?post=4108"}],"version-history":[{"count":1,"href":"https:\/\/kunststoves.com\/pl\/wp-json\/wp\/v2\/pages\/4108\/revisions"}],"predecessor-version":[{"id":4109,"href":"https:\/\/kunststoves.com\/pl\/wp-json\/wp\/v2\/pages\/4108\/revisions\/4109"}],"wp:attachment":[{"href":"https:\/\/kunststoves.com\/pl\/wp-json\/wp\/v2\/media?parent=4108"}],"curies":[{"name":"wp","href":"https:\/\/api.w.org\/{rel}","templated":true}]}}