{"id":4117,"date":"2023-01-12T18:25:12","date_gmt":"2023-01-12T17:25:12","guid":{"rendered":"https:\/\/kunststoves.com\/polityka-prywatnosci\/"},"modified":"2024-03-08T17:33:40","modified_gmt":"2024-03-08T16:33:40","slug":"polityka-prywatnosci","status":"publish","type":"page","link":"https:\/\/kunststoves.com\/pl\/polityka-prywatnosci\/","title":{"rendered":"POLITYKA PRYWATNO\u015aCI"},"content":{"rendered":"\t\t<div data-elementor-type=\"wp-page\" data-elementor-id=\"4117\" class=\"elementor elementor-4117 elementor-209\" data-elementor-post-type=\"page\">\n\t\t\t\t\t\t<section data-dce-background-overlay-color=\"#131313\" data-dce-background-image-url=\"http:\/\/kunststoves.com\/wp-content\/uploads\/2022\/12\/WILLOW-ambiente-scaled.jpg\" class=\"elementor-section elementor-top-section elementor-element elementor-element-69d9f4f elementor-section-stretched elementor-section-content-middle elementor-section-height-min-height elementor-section-boxed elementor-section-height-default elementor-section-items-middle\" data-id=\"69d9f4f\" data-element_type=\"section\" data-e-type=\"section\" data-settings=\"{&quot;stretch_section&quot;:&quot;section-stretched&quot;,&quot;background_background&quot;:&quot;classic&quot;}\">\n\t\t\t\t\t\t\t<div class=\"elementor-background-overlay\"><\/div>\n\t\t\t\t\t\t\t<div class=\"elementor-container elementor-column-gap-default\">\n\t\t\t\t\t<div class=\"elementor-column elementor-col-100 elementor-top-column elementor-element elementor-element-c7fa4df\" data-id=\"c7fa4df\" data-element_type=\"column\" data-e-type=\"column\">\n\t\t\t<div class=\"elementor-widget-wrap elementor-element-populated\">\n\t\t\t\t\t\t<div class=\"elementor-element elementor-element-8e3cf72 elementor-widget elementor-widget-spacer\" data-id=\"8e3cf72\" data-element_type=\"widget\" data-e-type=\"widget\" data-widget_type=\"spacer.default\">\n\t\t\t\t<div class=\"elementor-widget-container\">\n\t\t\t\t\t\t\t<div class=\"elementor-spacer\">\n\t\t\t<div class=\"elementor-spacer-inner\"><\/div>\n\t\t<\/div>\n\t\t\t\t\t\t<\/div>\n\t\t\t\t<\/div>\n\t\t\t\t<div class=\"elementor-element elementor-element-c6ea2c7 elementor-widget elementor-widget-heading\" data-id=\"c6ea2c7\" data-element_type=\"widget\" data-e-type=\"widget\" data-widget_type=\"heading.default\">\n\t\t\t\t<div class=\"elementor-widget-container\">\n\t\t\t\t\t<h2 class=\"elementor-heading-title elementor-size-default\">POLITYKA PRYWATNO\u015aCI<\/h2>\t\t\t\t<\/div>\n\t\t\t\t<\/div>\n\t\t\t\t<div class=\"elementor-element elementor-element-459f3d7 elementor-widget-divider--view-line elementor-widget elementor-widget-divider\" data-id=\"459f3d7\" data-element_type=\"widget\" data-e-type=\"widget\" data-widget_type=\"divider.default\">\n\t\t\t\t<div class=\"elementor-widget-container\">\n\t\t\t\t\t\t\t<div class=\"elementor-divider\">\n\t\t\t<span class=\"elementor-divider-separator\">\n\t\t\t\t\t\t<\/span>\n\t\t<\/div>\n\t\t\t\t\t\t<\/div>\n\t\t\t\t<\/div>\n\t\t\t\t\t<\/div>\n\t\t<\/div>\n\t\t\t\t\t<\/div>\n\t\t<\/section>\n\t\t\t\t<section class=\"elementor-section elementor-top-section elementor-element elementor-element-12778330 elementor-section-boxed elementor-section-height-default elementor-section-height-default\" data-id=\"12778330\" data-element_type=\"section\" data-e-type=\"section\">\n\t\t\t\t\t\t<div class=\"elementor-container elementor-column-gap-default\">\n\t\t\t\t\t<div class=\"elementor-column elementor-col-100 elementor-top-column elementor-element elementor-element-39a4e5ec\" data-id=\"39a4e5ec\" data-element_type=\"column\" data-e-type=\"column\">\n\t\t\t<div class=\"elementor-widget-wrap elementor-element-populated\">\n\t\t\t\t\t\t<div class=\"elementor-element elementor-element-5f444dea elementor-widget elementor-widget-text-editor\" data-id=\"5f444dea\" data-element_type=\"widget\" data-e-type=\"widget\" data-widget_type=\"text-editor.default\">\n\t\t\t\t<div class=\"elementor-widget-container\">\n\t\t\t\t\t\t\t\t\t<strong>DANE IDENTYFIKACYJNE<\/strong>\r\n\r\nOdwiedzasz stron\u0119 internetow\u0105 kunststoves.com nale\u017c\u0105c\u0105 do PANADERO AB, S. L., z siedzib\u0105 w POL\u00cdGONO INDUSTRIAL CAMPOLLANO, AVENIDA 5, NUM. 13-15. 02007 ALBACETE &#8211; HISZPANIA, z VAT ES-B02612604, zarejestrowana w rejestrze handlowym Albacete, tom 407, KSI\u0118GA 221, strona AB-3910, zwana dalej W\u0141A\u015aCICIELEM.\r\n\r\nU\u017cytkownik mo\u017ce skontaktowa\u0107 si\u0119 z W\u0141A\u015aCICIELEM w jeden z nast\u0119puj\u0105cych sposob\u00f3w:\r\n<ul>\r\n \t<li>Telefonicznie: +34 967 592 400<\/li>\r\n \t<li>Adres email do kontaktu:\u00a0panadero@panadero.com<\/li>\r\n<\/ul>\r\n<strong>U\u017bYTKOWNICY<\/strong>\r\n\r\n2. Celem niniejszych warunk\u00f3w (zwanych dalej &#8222;Informacj\u0105 prawn\u0105&#8221;) jest uregulowanie korzystania ze strony internetowej W\u0141A\u015aCICIELA, kt\u00f3r\u0105 udost\u0119pnia on publicznie.\r\n\r\nDost\u0119p i \/ lub korzystanie z tej strony internetowej przypisuje warunek U\u017bYTKOWNIKA, kt\u00f3ry akceptuje, od wspomnianego dost\u0119pu i \/ lub u\u017cytkowania, og\u00f3lne warunki u\u017cytkowania odzwierciedlone w niniejszym dokumencie.\r\n\r\n<strong>KORZYSTANIE Z PORTALU<\/strong>\r\n\r\n3. www.panadero.con zapewnia dost\u0119p do wielu informacji, us\u0142ug, program\u00f3w lub danych (zwanych dalej &#8222;tre\u015bciami&#8221;) w Internecie nale\u017c\u0105cych do W\u0141A\u015aCICIELA lub jego licencjodawc\u00f3w, do kt\u00f3rych U\u017bYTKOWNIK mo\u017ce mie\u0107 dost\u0119p.\r\n\r\nU\u017cytkownik przyjmuje odpowiedzialno\u015b\u0107 za korzystanie z portalu. Odpowiedzialno\u015b\u0107 ta rozci\u0105ga si\u0119 na rejestracj\u0119, kt\u00f3ra mo\u017ce by\u0107 konieczna do uzyskania dost\u0119pu do niekt\u00f3rych us\u0142ug lub tre\u015bci. Podczas rejestracji U\u017bYTKOWNIK b\u0119dzie odpowiedzialny za podanie prawdziwych i zgodnych z prawem informacji. W wyniku tej rejestracji U\u017bYTKOWNIK mo\u017ce otrzyma\u0107 has\u0142o, za kt\u00f3re b\u0119dzie odpowiedzialny, zobowi\u0105zuj\u0105c si\u0119 do jego sumiennego i poufnego u\u017cywania.\r\n\r\nU\u017cytkownik zobowi\u0105zuje si\u0119 do odpowiedniego korzystania z tre\u015bci i us\u0142ug (np. us\u0142ug czatu, for\u00f3w dyskusyjnych lub grup dyskusyjnych), kt\u00f3re W\u0141A\u015aCICIEL oferuje za po\u015brednictwem swojego portalu oraz, na przyk\u0142ad, ale nie tylko, do niewykorzystywania ich do:\r\n\r\nAnga\u017cowanie si\u0119 w dzia\u0142ania niezgodne z prawem, nielegalne lub sprzeczne z dobrymi obyczajami i porz\u0105dkiem publicznym.\r\n\r\nRozpowszechnianie tre\u015bci lub propagandy rasistowskiej, ksenofobicznej, pornograficznej, niezgodnej z prawem, terrorystycznej lub naruszaj\u0105cej prawa cz\u0142owieka.\r\n\r\nPowodowanie szk\u00f3d w systemach fizycznych i logicznych PANADERO AB, S. L., jej dostawc\u00f3w lub stron trzecich, wprowadzanie lub rozprzestrzenianie wirus\u00f3w komputerowych lub innych system\u00f3w fizycznych lub logicznych, kt\u00f3re mog\u0105 powodowa\u0107 wy\u017cej wymienione szkody.\r\n\r\nPr\u00f3by uzyskania dost\u0119pu do kont e-mail innych u\u017cytkownik\u00f3w i, w stosownych przypadkach, korzystania z nich oraz modyfikowania lub manipulowania ich wiadomo\u015bciami.\r\n\r\nWykorzystywanie strony internetowej i zawartych na niej informacji do cel\u00f3w komercyjnych, politycznych, reklamowych lub jakichkolwiek innych cel\u00f3w komercyjnych, w szczeg\u00f3lno\u015bci poprzez wysy\u0142anie niechcianych wiadomo\u015bci e-mail.\r\n\r\nW\u0141A\u015aCICIEL zastrzega sobie prawo do usuwania wszelkich komentarzy i wypowiedzi, kt\u00f3re naruszaj\u0105 poszanowanie godno\u015bci osoby, kt\u00f3re s\u0105 dyskryminuj\u0105ce, ksenofobiczne, rasistowskie, pornograficzne, kt\u00f3re naruszaj\u0105 prawa m\u0142odzie\u017cy lub dzieci, porz\u0105dek publiczny lub bezpiecze\u0144stwo publiczne lub kt\u00f3re w jego opinii nie nadaj\u0105 si\u0119 do publikacji. W ka\u017cdym przypadku W\u0141A\u015aCICIEL nie ponosi odpowiedzialno\u015bci za opinie wyra\u017cane przez u\u017cytkownik\u00f3w za po\u015brednictwem for\u00f3w, czat\u00f3w lub innych narz\u0119dzi uczestnictwa.\r\n\r\n<strong>OCHRONA DANYCH<\/strong>\r\n\r\n4. Wszystkie kwestie zwi\u0105zane z polityk\u0105 ochrony danych s\u0105 okre\u015blone w dokumencie polityki prywatno\u015bci.\r\n\r\n<strong>SPIS TRE\u015aCI. W\u0141ASNO\u015a\u0106 INTELEKTUALNA I PRZEMYS\u0141OWA<\/strong>\r\n\r\n5. W\u0141A\u015aCICIEL jest w\u0142a\u015bcicielem wszystkich praw w\u0142asno\u015bci intelektualnej i przemys\u0142owej swojej strony internetowej, a tak\u017ce zawartych w niej element\u00f3w (w tym mi\u0119dzy innymi: obraz\u00f3w, zdj\u0119\u0107, d\u017awi\u0119ku, audio, wideo, oprogramowania lub tekstu; znak\u00f3w towarowych lub logo, kombinacji kolor\u00f3w, struktury i projektu, wyboru u\u017cytych materia\u0142\u00f3w, program\u00f3w komputerowych niezb\u0119dnych do jej dzia\u0142ania, dost\u0119pu i u\u017cytkowania itp.), b\u0119d\u0105cych w\u0142asno\u015bci\u0105 W\u0141A\u015aCICIELA lub jego licencjodawc\u00f3w.\r\n\r\nWszelkie prawa zastrze\u017cone. Zgodnie z postanowieniami art. 8 i 32.1, drugi akapit, ustawy o w\u0142asno\u015bci intelektualnej, powielanie, rozpowszechnianie i publiczne komunikowanie, w tym udost\u0119pnianie, ca\u0142o\u015bci lub cz\u0119\u015bci zawarto\u015bci tej strony internetowej, w celach komercyjnych, na jakimkolwiek no\u015bniku i za pomoc\u0105 jakichkolwiek \u015brodk\u00f3w technicznych, bez zgody W\u0141A\u015aCICIELA, jest wyra\u017anie zabronione.\r\n\r\n<strong>WY\u0141\u0104CZENIE GWARANCJI I ODPOWIEDZIALNO\u015aCI<\/strong>\r\n\r\n6. U\u017bYTKOWNIK przyjmuje do wiadomo\u015bci, \u017ce korzystanie ze strony internetowej oraz jej tre\u015bci i us\u0142ug odbywa si\u0119 na jego wy\u0142\u0105czn\u0105 odpowiedzialno\u015b\u0107. W szczeg\u00f3lno\u015bci, wy\u0142\u0105cznie tytu\u0142em przyk\u0142adu, W\u0141A\u015aCICIEL nie ponosi odpowiedzialno\u015bci w nast\u0119puj\u0105cych obszarach:\r\n\r\na) Dost\u0119pno\u015b\u0107 funkcjonowania strony internetowej, jej us\u0142ug i tre\u015bci oraz jej jako\u015b\u0107 lub interoperacyjno\u015b\u0107.\r\n\r\nb) Cel, w jakim strona internetowa s\u0142u\u017cy celom U\u017bYTKOWNIKA.\r\n\r\nc) Naruszenie obowi\u0105zuj\u0105cych przepis\u00f3w prawa przez U\u017bYTKOWNIKA lub osoby trzecie, a w szczeg\u00f3lno\u015bci praw w\u0142asno\u015bci intelektualnej i przemys\u0142owej nale\u017c\u0105cych do innych os\u00f3b lub podmiot\u00f3w.\r\n\r\nd) Istnienie z\u0142o\u015bliwych kod\u00f3w lub innych szkodliwych element\u00f3w komputerowych, kt\u00f3re mog\u0142yby uszkodzi\u0107 system komputerowy U\u017bYTKOWNIKA lub os\u00f3b trzecich. W ka\u017cdym przypadku U\u017bYTKOWNIK jest odpowiedzialny za posiadanie odpowiednich narz\u0119dzi do wykrywania i dezynfekcji tych element\u00f3w.\r\n\r\ne) Nieuczciwy dost\u0119p do tre\u015bci lub us\u0142ug przez nieupowa\u017cnione osoby trzecie lub, w stosownych przypadkach, przechwytywanie, usuwanie, zmienianie, modyfikowanie lub manipulowanie wiadomo\u015bciami i komunikacj\u0105 dowolnego rodzaju, kt\u00f3re mog\u0105 wykonywa\u0107 wspomniane osoby trzecie.\r\n\r\nf) Dok\u0142adno\u015b\u0107, prawdziwo\u015b\u0107, aktualno\u015b\u0107 i u\u017cyteczno\u015b\u0107 oferowanych tre\u015bci i us\u0142ug oraz ich p\u00f3\u017aniejsze wykorzystanie przez U\u017bYTKOWNIKA. W\u0141A\u015aCICIEL do\u0142o\u017cy wszelkich uzasadnionych stara\u0144 i \u015brodk\u00f3w w celu zapewnienia aktualnych i wiarygodnych informacji.\r\n\r\ng) Uszkodzenia sprz\u0119tu komputerowego podczas dost\u0119pu do strony internetowej oraz szkody wyrz\u0105dzone U\u017bYTKOWNIKOM, gdy s\u0105 one spowodowane awariami lub roz\u0142\u0105czeniami w sieciach telekomunikacyjnych, kt\u00f3re przerywaj\u0105 us\u0142ug\u0119.\r\n\r\nh) Szkody lub straty wynikaj\u0105ce z okoliczno\u015bci nieprzewidywalnych lub si\u0142y wy\u017cszej.\r\n\r\nW przypadku istnienia for\u00f3w, korzystania z tych samych lub innych podobnych przestrzeni, nale\u017cy wzi\u0105\u0107 pod uwag\u0119, \u017ce wiadomo\u015bci odzwierciedlaj\u0105 jedynie opini\u0119 U\u017bYTKOWNIKA, kt\u00f3ry je wysy\u0142a, kt\u00f3ry ponosi wy\u0142\u0105czn\u0105 odpowiedzialno\u015b\u0107. W\u0141A\u015aCICIEL nie ponosi odpowiedzialno\u015bci za tre\u015b\u0107 wiadomo\u015bci wysy\u0142anych przez U\u017bYTKOWNIKA.\r\n\r\n<strong>MODYFIKACJA NINIEJSZEJ INFORMACJI PRAWNEJ I OKRES OBOWI\u0104ZYWANIA<\/strong>\r\n\r\n7. W\u0141A\u015aCICIEL zastrzega sobie prawo do wprowadzania niezapowiedzianych zmian, kt\u00f3re uzna za stosowne na swojej stronie internetowej, oraz mo\u017ce zmienia\u0107, usuwa\u0107 lub dodawa\u0107 tre\u015bci i us\u0142ugi \u015bwiadczone za jej po\u015brednictwem, a tak\u017ce spos\u00f3b, w jaki s\u0105 one przedstawiane lub umieszczane na jego stronie internetowej.\r\n\r\nWa\u017cno\u015b\u0107 niniejszych warunk\u00f3w zale\u017cy od ich ekspozycji i pozostaje w mocy do czasu ich zmiany przez inne nale\u017cycie opublikowane warunki.\r\n\r\n<strong>ODNO\u015aNIKI<\/strong>\r\n\r\n8. W przypadku, gdy kunststoves.com zawiera linki lub hiper\u0142\u0105cza do innych stron internetowych, W\u0141A\u015aCICIEL nie sprawuje \u017cadnej kontroli nad tymi stronami i ich zawarto\u015bci\u0105. W \u017cadnym wypadku W\u0141A\u015aCICIEL nie ponosi odpowiedzialno\u015bci za tre\u015b\u0107 jakiegokolwiek linku nale\u017c\u0105cego do zewn\u0119trznej strony internetowej, ani nie gwarantuje technicznej dost\u0119pno\u015bci, jako\u015bci, niezawodno\u015bci, dok\u0142adno\u015bci, kompletno\u015bci, prawdziwo\u015bci, wa\u017cno\u015bci i zgodno\u015bci z prawem jakichkolwiek materia\u0142\u00f3w lub informacji zawartych w kt\u00f3rymkolwiek z wymienionych hiper\u0142\u0105czy lub innych stron w Internecie. Podobnie, w\u0142\u0105czenie tych zewn\u0119trznych po\u0142\u0105cze\u0144 nie oznacza \u017cadnego rodzaju stowarzyszenia, fuzji lub uczestnictwa z po\u0142\u0105czonymi podmiotami.\r\n\r\n<strong>PRAWA DO WY\u0141\u0104CZNO\u015aCI<\/strong>\r\n\r\nW\u0141A\u015aCICIEL zastrzega sobie prawo do odmowy lub wycofania dost\u0119pu do portalu i\/lub oferowanych us\u0142ug bez uprzedniego ostrze\u017cenia, na w\u0142asne \u017c\u0105danie lub na \u017c\u0105danie strony trzeciej, u\u017cytkownikom, kt\u00f3rzy nie przestrzegaj\u0105 tre\u015bci niniejszej informacji prawnej.\r\n\r\n<strong>OG\u00d3LNE<\/strong>\r\n\r\n10. W\u0141A\u015aCICIEL b\u0119dzie \u015bciga\u0142 naruszenie niniejszych warunk\u00f3w, jak r\u00f3wnie\u017c wszelkie niew\u0142a\u015bciwe korzystanie z jego portalu, podejmuj\u0105c wszelkie dzia\u0142ania cywilne i karne, kt\u00f3re mog\u0105 mu odpowiada\u0107 zgodnie z prawem.\r\n\r\n<strong>PRAWO W\u0141A\u015aCIWE I JURYSDYKCJA<\/strong>\r\n\r\n11. Stosunki mi\u0119dzy W\u0141A\u015aCICIELEM a U\u017bYTKOWNIKIEM podlegaj\u0105 obowi\u0105zuj\u0105cemu ustawodawstwu hiszpa\u0144skiemu. Wszelkie spory i roszczenia wynikaj\u0105ce z niniejszej informacji prawnej b\u0119d\u0105 rozstrzygane przez hiszpa\u0144skie s\u0105dy i trybuna\u0142y.\r\n\r\n<strong>OSOBY NIEPE\u0141NOLETNIE<\/strong>\r\n\r\n12. kunststoves.com kieruje swoje us\u0142ugi do u\u017cytkownik\u00f3w powy\u017cej 18 roku \u017cycia. Osoby niepe\u0142noletnie poni\u017cej tego wieku nie s\u0105 upowa\u017cnione do korzystania z naszych us\u0142ug i w zwi\u0105zku z tym nie powinny przesy\u0142a\u0107 nam swoich danych osobowych. Informujemy, \u017ce w przypadku zaistnienia takiej okoliczno\u015bci PANADERO AB, S. L. nie ponosi odpowiedzialno\u015bci za ewentualne konsekwencje wynikaj\u0105ce z nieprzestrzegania ostrze\u017cenia zawartego w niniejszej klauzuli.\t\t\t\t\t\t\t\t<\/div>\n\t\t\t\t<\/div>\n\t\t\t\t\t<\/div>\n\t\t<\/div>\n\t\t\t\t\t<\/div>\n\t\t<\/section>\n\t\t\t\t<\/div>\n\t\t","protected":false},"excerpt":{"rendered":"<p>DANE IDENTYFIKACYJNE Odwiedzasz stron\u0119 internetow\u0105 kunststoves.com nale\u017c\u0105c\u0105 do PANADERO AB, S. L., z siedzib\u0105 w POL\u00cdGONO INDUSTRIAL CAMPOLLANO, AVENIDA 5, NUM. 13-15. 02007 ALBACETE &#8211; HISZPANIA, z VAT ES-B02612604, zarejestrowana w rejestrze handlowym Albacete, tom 407, KSI\u0118GA 221, strona AB-3910, zwana dalej W\u0141A\u015aCICIELEM. U\u017cytkownik mo\u017ce skontaktowa\u0107 si\u0119 z W\u0141A\u015aCICIELEM w jeden z nast\u0119puj\u0105cych sposob\u00f3w: Telefonicznie: [&hellip;]<\/p>\n","protected":false},"author":1,"featured_media":0,"parent":0,"menu_order":0,"comment_status":"closed","ping_status":"closed","template":"","meta":{"_acf_changed":false,"footnotes":""},"class_list":["post-4117","page","type-page","status-publish","hentry"],"acf":[],"_links":{"self":[{"href":"https:\/\/kunststoves.com\/pl\/wp-json\/wp\/v2\/pages\/4117","targetHints":{"allow":["GET"]}}],"collection":[{"href":"https:\/\/kunststoves.com\/pl\/wp-json\/wp\/v2\/pages"}],"about":[{"href":"https:\/\/kunststoves.com\/pl\/wp-json\/wp\/v2\/types\/page"}],"author":[{"embeddable":true,"href":"https:\/\/kunststoves.com\/pl\/wp-json\/wp\/v2\/users\/1"}],"replies":[{"embeddable":true,"href":"https:\/\/kunststoves.com\/pl\/wp-json\/wp\/v2\/comments?post=4117"}],"version-history":[{"count":3,"href":"https:\/\/kunststoves.com\/pl\/wp-json\/wp\/v2\/pages\/4117\/revisions"}],"predecessor-version":[{"id":4120,"href":"https:\/\/kunststoves.com\/pl\/wp-json\/wp\/v2\/pages\/4117\/revisions\/4120"}],"wp:attachment":[{"href":"https:\/\/kunststoves.com\/pl\/wp-json\/wp\/v2\/media?parent=4117"}],"curies":[{"name":"wp","href":"https:\/\/api.w.org\/{rel}","templated":true}]}}