{"id":4126,"date":"2023-01-16T17:21:19","date_gmt":"2023-01-16T16:21:19","guid":{"rendered":"https:\/\/kunststoves.com\/?page_id=4126"},"modified":"2024-03-08T18:16:07","modified_gmt":"2024-03-08T17:16:07","slug":"elementor-4126","status":"publish","type":"page","link":"https:\/\/kunststoves.com\/pl\/elementor-4126\/","title":{"rendered":"Elementor #4126"},"content":{"rendered":"\t\t<div data-elementor-type=\"wp-page\" data-elementor-id=\"4126\" class=\"elementor elementor-4126 elementor-542\" data-elementor-post-type=\"page\">\n\t\t\t\t\t\t<section data-dce-background-overlay-color=\"#131313\" data-dce-background-image-url=\"http:\/\/kunststoves.com\/wp-content\/uploads\/2022\/12\/WILLOW-ambiente-scaled.jpg\" class=\"elementor-section elementor-top-section elementor-element elementor-element-3d7be9c elementor-section-stretched elementor-section-content-middle elementor-section-height-min-height elementor-section-boxed elementor-section-height-default elementor-section-items-middle\" data-id=\"3d7be9c\" data-element_type=\"section\" data-e-type=\"section\" data-settings=\"{&quot;stretch_section&quot;:&quot;section-stretched&quot;,&quot;background_background&quot;:&quot;classic&quot;}\">\n\t\t\t\t\t\t\t<div class=\"elementor-background-overlay\"><\/div>\n\t\t\t\t\t\t\t<div class=\"elementor-container elementor-column-gap-default\">\n\t\t\t\t\t<div class=\"elementor-column elementor-col-100 elementor-top-column elementor-element elementor-element-fa1895d\" data-id=\"fa1895d\" data-element_type=\"column\" data-e-type=\"column\">\n\t\t\t<div class=\"elementor-widget-wrap elementor-element-populated\">\n\t\t\t\t\t\t<div class=\"elementor-element elementor-element-a3c796c elementor-widget elementor-widget-spacer\" data-id=\"a3c796c\" data-element_type=\"widget\" data-e-type=\"widget\" data-widget_type=\"spacer.default\">\n\t\t\t\t<div class=\"elementor-widget-container\">\n\t\t\t\t\t\t\t<div class=\"elementor-spacer\">\n\t\t\t<div class=\"elementor-spacer-inner\"><\/div>\n\t\t<\/div>\n\t\t\t\t\t\t<\/div>\n\t\t\t\t<\/div>\n\t\t\t\t<div class=\"elementor-element elementor-element-7ecaac4 elementor-widget elementor-widget-heading\" data-id=\"7ecaac4\" data-element_type=\"widget\" data-e-type=\"widget\" data-widget_type=\"heading.default\">\n\t\t\t\t<div class=\"elementor-widget-container\">\n\t\t\t\t\t<h2 class=\"elementor-heading-title elementor-size-default\">POLITYKA PLIK\u00d3W COOKIE<\/h2>\t\t\t\t<\/div>\n\t\t\t\t<\/div>\n\t\t\t\t<div class=\"elementor-element elementor-element-bb93ccc elementor-widget-divider--view-line elementor-widget elementor-widget-divider\" data-id=\"bb93ccc\" data-element_type=\"widget\" data-e-type=\"widget\" data-widget_type=\"divider.default\">\n\t\t\t\t<div class=\"elementor-widget-container\">\n\t\t\t\t\t\t\t<div class=\"elementor-divider\">\n\t\t\t<span class=\"elementor-divider-separator\">\n\t\t\t\t\t\t<\/span>\n\t\t<\/div>\n\t\t\t\t\t\t<\/div>\n\t\t\t\t<\/div>\n\t\t\t\t\t<\/div>\n\t\t<\/div>\n\t\t\t\t\t<\/div>\n\t\t<\/section>\n\t\t\t\t<section class=\"elementor-section elementor-top-section elementor-element elementor-element-7cf6e608 elementor-section-boxed elementor-section-height-default elementor-section-height-default\" data-id=\"7cf6e608\" data-element_type=\"section\" data-e-type=\"section\">\n\t\t\t\t\t\t<div class=\"elementor-container elementor-column-gap-default\">\n\t\t\t\t\t<div class=\"elementor-column elementor-col-100 elementor-top-column elementor-element elementor-element-2d197f4f\" data-id=\"2d197f4f\" data-element_type=\"column\" data-e-type=\"column\">\n\t\t\t<div class=\"elementor-widget-wrap elementor-element-populated\">\n\t\t\t\t\t\t<div class=\"elementor-element elementor-element-736161e1 elementor-widget elementor-widget-text-editor\" data-id=\"736161e1\" data-element_type=\"widget\" data-e-type=\"widget\" data-widget_type=\"text-editor.default\">\n\t\t\t\t<div class=\"elementor-widget-container\">\n\t\t\t\t\t\t\t\t\t<p><\/p><p>Witamy w POLITYCE COOKIES strony internetowej podmiotu Panadero AB SL, o numerze identyfikacji podatkowej ES-B02612604, gdzie wyja\u015bnimy jasnym i prostym j\u0119zykiem wszystkie niezb\u0119dne pytania, aby\u015b m\u00f3g\u0142 mie\u0107 nad nimi kontrol\u0119 w oparciu o swoje osobiste decyzje.<\/p><p>\u00b7\u00a0\u00a0\u00a0\u00a0\u00a0\u00a0<strong>CZYM S\u0104 PLIKI COOKIE I DO CZEGO ICH U\u017bYWAMY?<\/strong><\/p><p>Plik cookie to niewielki plik informacyjny zapisywany na komputerze, smartfonie lub tablecie u\u017cytkownika przy ka\u017cdej wizycie na naszej stronie internetowej.<\/p><p>Zasadniczo plik cookie jest nieszkodliwy: nie zawiera wirus\u00f3w, trojan\u00f3w, robak\u00f3w itp., kt\u00f3re mog\u0142yby uszkodzi\u0107 terminal u\u017cytkownika, ale ma pewien wp\u0142yw na prawo u\u017cytkownika do ochrony danych osobowych, poniewa\u017c gromadzi pewne informacje dotycz\u0105ce u\u017cytkownika (nawyki przegl\u0105dania, to\u017csamo\u015b\u0107, preferencje itp.).<\/p><p>Dlatego te\u017c, w oparciu o postanowienia obowi\u0105zuj\u0105cych przepis\u00f3w (LSSI i obowi\u0105zuj\u0105ce przepisy dotycz\u0105ce ochrony danych osobowych), aktywacja niekt\u00f3rych rodzaj\u00f3w plik\u00f3w cookie b\u0119dzie wymaga\u0142a uprzedniej zgody u\u017cytkownika.<\/p><p>Zanim to zrobisz, podamy Ci kilka dodatkowych informacji, kt\u00f3re pomog\u0105 Ci podj\u0105\u0107 lepsz\u0105 decyzj\u0119:<\/p><p>1. Pliki cookie mog\u0105 by\u0107 r\u00f3\u017cnego rodzaju, w zale\u017cno\u015bci od ich przeznaczenia:<\/p><p>Techniczne pliki cookie s\u0105 niezb\u0119dne do dzia\u0142ania naszej witryny, nie wymagaj\u0105 zgody u\u017cytkownika i s\u0105 jedynymi, kt\u00f3re s\u0105 domy\u015blnie w\u0142\u0105czone.<\/p><p>Pozosta\u0142e pliki cookie s\u0142u\u017c\u0105 do ulepszania naszej witryny internetowej, personalizowania jej na podstawie preferencji u\u017cytkownika lub wy\u015bwietlania reklam dostosowanych do jego wyszukiwa\u0144, gust\u00f3w i osobistych zainteresowa\u0144. Mo\u017cesz zaakceptowa\u0107 wszystkie te pliki cookie, klikaj\u0105c przycisk AKCEPTUJ lub skonfigurowa\u0107 je lub odm\u00f3wi\u0107 ich u\u017cycia, klikaj\u0105c sekcj\u0119 KONFIGURACJA COOKIE.<\/p><p>2. Niekt\u00f3re pliki cookie s\u0105 nasze (b\u0119dziemy je nazywa\u0107 naszymi w\u0142asnymi plikami cookie), a inne nale\u017c\u0105 do firm zewn\u0119trznych, kt\u00f3re \u015bwiadcz\u0105 us\u0142ugi dla naszej witryny (b\u0119dziemy je nazywa\u0107 plikami cookie stron trzecich: przyk\u0142adem mog\u0105 by\u0107 pliki cookie od dostawc\u00f3w zewn\u0119trznych, takich jak Google). W zwi\u0105zku z tym wa\u017cne jest, aby\u015b wiedzia\u0142, \u017ce niekt\u00f3rzy z tych zewn\u0119trznych dostawc\u00f3w mog\u0105 znajdowa\u0107 si\u0119 poza Hiszpani\u0105.<\/p><p>Na ca\u0142ym \u015bwiecie nie wszystkie kraje maj\u0105 taki sam poziom ochrony danych, przy czym niekt\u00f3re kraje s\u0105 bardziej bezpieczne ni\u017c inne (na przyk\u0142ad Unia Europejska jest bezpiecznym \u015brodowiskiem dla danych u\u017cytkownika). Nasz\u0105 polityk\u0105 jest korzystanie z us\u0142ug wiarygodnych dostawc\u00f3w, kt\u00f3rzy, niezale\u017cnie od tego, czy znajduj\u0105 si\u0119 w Unii Europejskiej, przyj\u0119li odpowiednie zabezpieczenia w celu ochrony danych osobowych u\u017cytkownika. Jednak\u017ce w sekcji zatytu\u0142owanej JAKIE RODZAJE PLIK\u00d3W COOKIES S\u0104 AKTUALNIE WYKORZYSTYWANE NA NASZEJ STRONIE INTERNETOWEJ mo\u017cna zapozna\u0107 si\u0119 z r\u00f3\u017cnymi politykami prywatno\u015bci i ochrony danych ka\u017cdego z wy\u017cej wymienionych dostawc\u00f3w zewn\u0119trznych, aby podj\u0105\u0107 \u015bwiadom\u0105 decyzj\u0119 o tym, czy aktywowa\u0107 pliki cookie stron trzecich wykorzystywane przez nasz\u0105 stron\u0119 internetow\u0105.<\/p><p>3. Na koniec chcieliby\u015bmy zauwa\u017cy\u0107, \u017ce w zale\u017cno\u015bci od czasu, przez jaki pozostaj\u0105 aktywne, pliki cookie mog\u0105 by\u0107 dwojakiego rodzaju:<\/p><p>Sesyjne pliki cookie: wygasaj\u0105 automatycznie po zako\u0144czeniu sesji na komputerze, smartfonie lub tablecie. S\u0105 one zwykle u\u017cywane do przechowywania niezb\u0119dnych informacji podczas \u015bwiadczenia us\u0142ugi u\u017cytkownikowi przy jednej okazji.<\/p><p>Trwa\u0142e pliki cookie: s\u0105 przechowywane na komputerze, smartfonie lub tablecie u\u017cytkownika przez okre\u015blony czas, kt\u00f3ry mo\u017ce wynosi\u0107 od kilku minut do kilku lat.<\/p><p>\u00b7\u00a0\u00a0\u00a0\u00a0\u00a0\u00a0<strong>JAKICH PLIK\u00d3W COOKIE MO\u017bEMY U\u017bYWA\u0106 NA NASZEJ STRONIE INTERNETOWEJ?<\/strong><\/p><p>\u2013\u00a0\u00a0\u00a0\u00a0\u00a0\u00a0\u00a0\u00a0\u00a0 Techniczne PL IKI COOKIE:<\/p><p>Techniczne pliki cookie s\u0105 niezb\u0119dne do dzia\u0142ania naszej strony internetowej i przegl\u0105dania jej przez u\u017cytkownika. Ten rodzaj plik\u00f3w cookie to te, kt\u00f3re na przyk\u0142ad pozwalaj\u0105 nam zidentyfikowa\u0107 u\u017cytkownika, zapewni\u0107 mu dost\u0119p do niekt\u00f3rych zastrze\u017conych cz\u0119\u015bci strony, je\u015bli to konieczne, lub zapami\u0119ta\u0107 r\u00f3\u017cne opcje lub us\u0142ugi ju\u017c wybrane przez u\u017cytkownika, takie jak preferencje dotycz\u0105ce prywatno\u015bci. Z tego powodu s\u0105 one domy\u015blnie aktywowane, a autoryzacja u\u017cytkownika nie jest wymagana.<\/p><p>Za pomoc\u0105 ustawie\u0144 przegl\u0105darki mo\u017cna zablokowa\u0107 lub ostrzec o obecno\u015bci tego typu plik\u00f3w cookie, chocia\u017c takie zablokowanie wp\u0142ynie na prawid\u0142owe funkcjonowanie r\u00f3\u017cnych funkcji naszej witryny internetowej.<\/p><p>\u2013\u00a0\u00a0\u00a0\u00a0\u00a0\u00a0\u00a0\u00a0\u00a0 Analityczne pliki cookie:<\/p><p>Analityczne pliki cookie umo\u017cliwiaj\u0105 nam og\u00f3lne badanie przegl\u0105dania naszej witryny przez u\u017cytkownik\u00f3w (na przyk\u0142ad, kt\u00f3re sekcje witryny s\u0105 najcz\u0119\u015bciej odwiedzane, kt\u00f3re us\u0142ugi s\u0105 najcz\u0119\u015bciej u\u017cywane i czy dzia\u0142aj\u0105 poprawnie itp.)<\/p><p>W oparciu o informacje statystyczne dotycz\u0105ce przegl\u0105dania naszej witryny internetowej mo\u017cemy usprawni\u0107 zar\u00f3wno dzia\u0142anie samej witryny, jak i r\u00f3\u017cnych oferowanych przez ni\u0105 us\u0142ug. W zwi\u0105zku z tym te pliki cookie nie maj\u0105 celu reklamowego, a jedynie s\u0142u\u017c\u0105 poprawie dzia\u0142ania naszej witryny, dostosowuj\u0105c si\u0119 do naszych u\u017cytkownik\u00f3w. Aktywuj\u0105c je, przyczyniasz si\u0119 do tego ci\u0105g\u0142ego doskonalenia.<\/p><p>Mo\u017cesz w\u0142\u0105czy\u0107 lub wy\u0142\u0105czy\u0107 te pliki cookie, zaznaczaj\u0105c odpowiednie pole, kt\u00f3re domy\u015blnie jest wy\u0142\u0105czone.<\/p><p>\u2013\u00a0\u00a0\u00a0\u00a0\u00a0\u00a0\u00a0\u00a0\u00a0 Pliki cookie dotycz\u0105ce funkcjonalno\u015bci i personalizacji:<\/p><p>Funkcjonalne pliki cookie pozwalaj\u0105 nam zapami\u0119ta\u0107 preferencje u\u017cytkownika, dostosowa\u0107 niekt\u00f3re funkcje i og\u00f3lne opcje naszej witryny internetowej za ka\u017cdym razem, gdy u\u017cytkownik uzyskuje do niej dost\u0119p (na przyk\u0142ad j\u0119zyk, w kt\u00f3rym prezentowane s\u0105 informacje, sekcje oznaczone jako ulubione, typ przegl\u0105darki itp.)<\/p><p>W zwi\u0105zku z tym tego rodzaju pliki cookie nie maj\u0105 celu reklamowego, ale ich aktywacja poprawia funkcjonalno\u015b\u0107 strony internetowej (na przyk\u0142ad poprzez dostosowanie do typu przegl\u0105darki u\u017cytkownika) i personalizacj\u0119 strony internetowej w oparciu o preferencje u\u017cytkownika (na przyk\u0142ad poprzez prezentowanie informacji w j\u0119zyku wybranym przez u\u017cytkownika przy poprzednich okazjach), co przyczyni si\u0119 do \u0142atwo\u015bci, u\u017cyteczno\u015bci i wygody naszej strony internetowej podczas jej przegl\u0105dania.<\/p><p>Mo\u017cesz w\u0142\u0105czy\u0107 lub wy\u0142\u0105czy\u0107 te pliki cookie, zaznaczaj\u0105c odpowiednie pole, kt\u00f3re domy\u015blnie jest wy\u0142\u0105czone.<\/p><p>\u2013\u00a0\u00a0\u00a0\u00a0\u00a0\u00a0\u00a0\u00a0\u00a0 Reklamowe pliki cookie:<\/p><p>Reklamowe pliki cookie pozwalaj\u0105 nam zarz\u0105dza\u0107 przestrzeniami reklamowymi zawartymi na naszej stronie internetowej w oparciu o kryteria, takie jak wy\u015bwietlana tre\u015b\u0107 lub cz\u0119stotliwo\u015b\u0107 wy\u015bwietlania reklam.<\/p><p>Na przyk\u0142ad, je\u015bli u\u017cytkownikowi kilkakrotnie wy\u015bwietlono t\u0119 sam\u0105 reklam\u0119 na naszej stronie internetowej i nie wykaza\u0142 on osobistego zainteresowania, klikaj\u0105c j\u0105, nie pojawi si\u0119 ona ponownie. Kr\u00f3tko m\u00f3wi\u0105c, dzi\u0119ki aktywacji tego typu plik\u00f3w cookie reklamy wy\u015bwietlane na naszej stronie internetowej b\u0119d\u0105 bardziej u\u017cyteczne i zr\u00f3\u017cnicowane, a mniej powtarzalne.<\/p><p>Mo\u017cesz w\u0142\u0105czy\u0107 lub wy\u0142\u0105czy\u0107 te pliki cookie, zaznaczaj\u0105c odpowiednie pole, kt\u00f3re domy\u015blnie jest wy\u0142\u0105czone.<\/p><p>\u2013\u00a0\u00a0\u00a0\u00a0\u00a0\u00a0\u00a0\u00a0Pliki cookie reklam behawioralnych:<\/p><p>Pliki cookie dotycz\u0105ce reklamy behawioralnej umo\u017cliwiaj\u0105 nam uzyskiwanie informacji w oparciu o obserwacj\u0119 nawyk\u00f3w przegl\u0105dania i zachowania u\u017cytkownika na stronie internetowej, aby m\u00f3c wy\u015bwietla\u0107 mu tre\u015bci reklamowe, kt\u00f3re s\u0105 lepiej dostosowane do jego osobistych upodoba\u0144 i zainteresowa\u0144.<\/p><p>Aby u\u0142atwi\u0107 zrozumienie, podamy fikcyjny przyk\u0142ad: je\u015bli Twoje ostatnie wyszukiwania w sieci by\u0142y zwi\u0105zane z literatur\u0105 sensacyjn\u0105, poka\u017cemy Ci reklamy ksi\u0105\u017cek sensacyjnych.<\/p><p>W zwi\u0105zku z tym, aktywuj\u0105c ten rodzaj plik\u00f3w cookie, reklamy, kt\u00f3re wy\u015bwietlamy u\u017cytkownikowi na naszej stronie internetowej, nie b\u0119d\u0105 og\u00f3lne, ale b\u0119d\u0105 ukierunkowane na jego wyszukiwania, gusta i zainteresowania, a zatem b\u0119d\u0105 dostosowane wy\u0142\u0105cznie do niego.<\/p><p>Mo\u017cesz w\u0142\u0105czy\u0107 lub wy\u0142\u0105czy\u0107 te pliki cookie, zaznaczaj\u0105c odpowiednie pole, kt\u00f3re domy\u015blnie jest wy\u0142\u0105czone.<\/p><p>\u00b7\u00a0\u00a0\u00a0\u00a0\u00a0\u00a0\u00a0\u00a0<strong>JAKIEGO RODZAJU PLIKI COOKIE S\u0104 OBECNIE U\u017bYWANE W NASZEJ WITRYNIE?<\/strong><\/p><p>Poni\u017cej informujemy o wszystkich rodzajach plik\u00f3w cookie u\u017cywanych obecnie na naszej stronie internetowej i celu ka\u017cdego z nich:<\/p><p>Rodzaj pliku cookie<\/p><p>Przeznaczenie<\/p><p>Podmiot odpowiedzialny i link do jego polityki prywatno\u015bci i ochrony danych<\/p><p>Ramy czasowe (sesyjne \/ trwa\u0142e)<\/p><p>\u00b7\u00a0\u00a0\u00a0\u00a0\u00a0\u00a0\u00a0\u00a0<strong>CO MO\u017bNA ZROBI\u0106 Z COOKIES?<\/strong><\/p><p>Przy pierwszym wej\u015bciu na nasz\u0105 stron\u0119 internetow\u0105 zostanie wy\u015bwietlone okno, w kt\u00f3rym informujemy, \u017ce pliki cookie mog\u0105 by\u0107 r\u00f3\u017cnego rodzaju:<\/p><p>Techniczne pliki cookie s\u0105 niezb\u0119dne do dzia\u0142ania naszej witryny, nie wymagaj\u0105 zgody u\u017cytkownika i s\u0105 jedynymi, kt\u00f3re s\u0105 domy\u015blnie w\u0142\u0105czone.<\/p><p>Pozosta\u0142e pliki cookie s\u0142u\u017c\u0105 do ulepszania naszej witryny internetowej, personalizowania jej na podstawie preferencji u\u017cytkownika lub wy\u015bwietlania reklam dostosowanych do jego wyszukiwa\u0144, gust\u00f3w i osobistych zainteresowa\u0144. Mo\u017cesz zaakceptowa\u0107 wszystkie te pliki cookie, klikaj\u0105c przycisk AKCEPTUJ lub skonfigurowa\u0107 je lub odm\u00f3wi\u0107 ich u\u017cycia, klikaj\u0105c sekcj\u0119 KONFIGURACJA COOKIE.<\/p><p>&#8222;Pragniemy r\u00f3wnie\u017c poinformowa\u0107, \u017ce po aktywowaniu dowolnego rodzaju plik\u00f3w cookie u\u017cytkownik ma mo\u017cliwo\u015b\u0107 ich dezaktywacji w dowolnym momencie, po prostu odznaczaj\u0105c odpowiednie pole w sekcji KONFIGURACJA COOKIE na naszej stronie internetowej. Aktywacja naszych w\u0142asnych plik\u00f3w cookie b\u0119dzie zawsze tak samo \u0142atwa, jak ich dezaktywacja.<\/p><p>Chcieliby\u015bmy r\u00f3wnie\u017c przypomnie\u0107, \u017ce za pomoc\u0105 ustawie\u0144 przegl\u0105darki mo\u017cna zablokowa\u0107 lub ostrzec o obecno\u015bci plik\u00f3w cookie, chocia\u017c blokada ta mo\u017ce wp\u0142yn\u0105\u0107 na prawid\u0142owe dzia\u0142anie r\u00f3\u017cnych funkcji naszej strony internetowej w przypadku niezb\u0119dnych technicznych plik\u00f3w cookie.<\/p><p>Wreszcie, je\u015bli aktywujesz pliki cookie stron trzecich (firm zewn\u0119trznych, kt\u00f3re \u015bwiadcz\u0105 us\u0142ugi dla naszej witryny), a nast\u0119pnie chcesz je dezaktywowa\u0107, mo\u017cesz to zrobi\u0107 na dwa sposoby: za pomoc\u0105 narz\u0119dzi do dezaktywacji plik\u00f3w cookie w przegl\u0105darce lub za po\u015brednictwem system\u00f3w skonfigurowanych przez tych zewn\u0119trznych dostawc\u00f3w.<\/p><p>Aby to u\u0142atwi\u0107, poni\u017cej znajduje si\u0119 seria link\u00f3w do wskaz\u00f3wek dotycz\u0105cych wy\u0142\u0105czania plik\u00f3w cookie w powszechnie u\u017cywanych przegl\u0105darkach:<\/p><p>\u2013 Google Chrome.<\/p><p>\u2013 Mozilla Firefox.<\/p><p>\u2013 Internet Explorer.<\/p><p>\u2013 Safari.<\/p><p>\u2013 Safari dla IOS (iPhone y iPad).<\/p><p>\u2013 Google Chrome dla Android.<\/p><p>\u2013 Google Chrome dla Iphone y Ipad.<\/p><p>Podobnie, podajemy linki do system\u00f3w w\u0142\u0105czonych przez ka\u017cdego z wy\u017cej wymienionych dostawc\u00f3w zewn\u0119trznych w celu dezaktywacji ich plik\u00f3w cookie&#8221;.<\/p><p>Bardzo dzi\u0119kujemy za wsp\u00f3\u0142prac\u0119<\/p><p><\/p>\t\t\t\t\t\t\t\t<\/div>\n\t\t\t\t<\/div>\n\t\t\t\t\t<\/div>\n\t\t<\/div>\n\t\t\t\t\t<\/div>\n\t\t<\/section>\n\t\t\t\t<\/div>\n\t\t","protected":false},"excerpt":{"rendered":"<p>POLITYKA PLIK\u00d3W COOKIE Witamy w POLITYCE COOKIES strony internetowej podmiotu Panadero AB SL, o numerze identyfikacji podatkowej ES-B02612604, gdzie wyja\u015bnimy jasnym i prostym j\u0119zykiem wszystkie niezb\u0119dne pytania, aby\u015b m\u00f3g\u0142 mie\u0107 nad nimi kontrol\u0119 w oparciu o swoje osobiste decyzje. \u00b7\u00a0\u00a0\u00a0\u00a0\u00a0\u00a0CZYM S\u0104 PLIKI COOKIE I DO CZEGO ICH U\u017bYWAMY? Plik cookie to niewielki plik informacyjny zapisywany [&hellip;]<\/p>\n","protected":false},"author":1,"featured_media":0,"parent":0,"menu_order":0,"comment_status":"closed","ping_status":"closed","template":"","meta":{"_acf_changed":false,"footnotes":""},"class_list":["post-4126","page","type-page","status-publish","hentry"],"acf":[],"_links":{"self":[{"href":"https:\/\/kunststoves.com\/pl\/wp-json\/wp\/v2\/pages\/4126","targetHints":{"allow":["GET"]}}],"collection":[{"href":"https:\/\/kunststoves.com\/pl\/wp-json\/wp\/v2\/pages"}],"about":[{"href":"https:\/\/kunststoves.com\/pl\/wp-json\/wp\/v2\/types\/page"}],"author":[{"embeddable":true,"href":"https:\/\/kunststoves.com\/pl\/wp-json\/wp\/v2\/users\/1"}],"replies":[{"embeddable":true,"href":"https:\/\/kunststoves.com\/pl\/wp-json\/wp\/v2\/comments?post=4126"}],"version-history":[{"count":10,"href":"https:\/\/kunststoves.com\/pl\/wp-json\/wp\/v2\/pages\/4126\/revisions"}],"predecessor-version":[{"id":4136,"href":"https:\/\/kunststoves.com\/pl\/wp-json\/wp\/v2\/pages\/4126\/revisions\/4136"}],"wp:attachment":[{"href":"https:\/\/kunststoves.com\/pl\/wp-json\/wp\/v2\/media?parent=4126"}],"curies":[{"name":"wp","href":"https:\/\/api.w.org\/{rel}","templated":true}]}}